{"id":124693,"date":"2022-07-05T10:04:09","date_gmt":"2022-07-05T08:04:09","guid":{"rendered":"https:\/\/www.holectron.com\/produkte\/flexibel-im-freien\/flexible-led-streifen-fuer-den-aussenbereich\/atlantis-top-g2-weiss-tw-rgb\/atlantis-top-g2-weiss-flexible-led-linien-fuer-den-aussenbereich\/"},"modified":"2026-03-03T08:57:19","modified_gmt":"2026-03-03T06:57:19","slug":"atlantis-top-g2-weiss-flexible-led-linien-fuer-den-aussenbereich","status":"publish","type":"page","link":"https:\/\/www.holectron.com\/de\/produkte\/flexibel-im-freien\/flexible-led-streifen-fuer-den-aussenbereich\/atlantis-top-g2-weiss-tw-rgb\/atlantis-top-g2-weiss-flexible-led-linien-fuer-den-aussenbereich\/","title":{"rendered":"Atlantis Top G2 Wei\u00df &#8211; Flexible LED-Linien f\u00fcr den Au\u00dfenbereich"},"content":{"rendered":"<div class=\"wpb-content-wrapper\"><p>[vc_row][vc_column][vc_single_image source=&#8220;external_link&#8220; external_img_size=&#8220;230&#215;26&#8243; css=&#8220;.vc_custom_1716188154402{margin-bottom: 10px !important;border-bottom-width: 0px !important;padding-bottom: 0px !important;}&#8220; custom_src=&#8220;https:\/\/www.holectron.com\/wp-content\/uploads\/information-updates5.svg&#8220;][vc_separator color=&#8220;black&#8220; css=&#8220;.vc_custom_1716187851480{margin-top: 0px !important;margin-bottom: 0px !important;border-top-width: 0px !important;border-bottom-width: 0px !important;padding-top: 0px !important;}&#8220;][vc_tta_accordion section_title_tag=&#8220;p&#8220; shape=&#8220;square&#8220; c_icon=&#8220;chevron&#8220; active_section=&#8220;1&#8243; no_fill=&#8220;true&#8220; collapsible_all=&#8220;true&#8220; css=&#8220;.vc_custom_1721972228440{margin-top: 1px !important;border-top-width: 0px !important;padding-top: 0px !important;}&#8220;][vc_tta_section title=&#8220;2024.05.17 | Atlantis 48V&#8220; tab_id=&#8220;1721971838895-31fbe19c-fb76&#8243;][vc_row_inner content_placement=&#8220;middle&#8220; gap=&#8220;30&#8243;][vc_column_inner width=&#8220;1\/2&#8243;][vc_single_image image=&#8220;121022&#8243; img_size=&#8220;400&#215;400&#8243; alignment=&#8220;center&#8220; css=&#8220;&#8220;][\/vc_column_inner][vc_column_inner width=&#8220;1\/2&#8243;][vc_column_text css=&#8220;&#8220;]<\/p>\n<h2>Atlantis 48V<\/h2>\n<p>Wir freuen uns, die neueste Erg\u00e4nzung unserer Beleuchtungsl\u00f6sungen f\u00fcr den Au\u00dfenbereich ank\u00fcndigen zu k\u00f6nnen: den <strong>Atlantis 48V<\/strong> Flexible LED Strip. Diese aktualisierte Version erh\u00f6ht die maximale Reichweite auf beeindruckende <strong>28,5 Meter<\/strong> und verdoppelt damit die Kapazit\u00e4t seines 24V-Vorg\u00e4ngers. Das bedeutet mehr Reichweite und mehr Freiheit, um Au\u00dfenbereiche mit Pr\u00e4zision und Kreativit\u00e4t zu beleuchten.[\/vc_column_text][\/vc_column_inner][\/vc_row_inner][vc_separator][\/vc_tta_section][vc_tta_section title=&#8220;2024.05.17 | Atlantis Flexible Halterung&#8220; tab_id=&#8220;1721971838921-cb2ea730-cf4d&#8220;][vc_row_inner content_placement=&#8220;middle&#8220; gap=&#8220;30&#8243;][vc_column_inner width=&#8220;1\/2&#8243;][vc_single_image image=&#8220;98602&#8243; img_size=&#8220;400&#215;400&#8243; alignment=&#8220;center&#8220;][\/vc_column_inner][vc_column_inner width=&#8220;1\/2&#8243;][vc_column_text]<\/p>\n<h2>Flexibler Halter<\/h2>\n<p>Der neue Atlantis Flexible Holder wurde entwickelt, um unseren LED-Streifen einen stabilen Halt zu bieten, insbesondere bei der Gestaltung von Kurven. Die verbesserte Stabilit\u00e4t erm\u00f6glicht eine pr\u00e4zisere Formgebung und eine einfachere Installation. Dieser Halter hebt die leuchtende Seite des Streifens hervor und verst\u00e4rkt die visuelle Wirkung Ihrer Beleuchtungsinstallationen.[\/vc_column_text][\/vc_column_inner][\/vc_row_inner][vc_separator][\/vc_tta_section][vc_tta_section title=&#8220;2023.03.17 | Atlantis G2 Innovationen&#8220; tab_id=&#8220;1721972309888-c4b7a33e-4746&#8243;][vc_row_inner content_placement=&#8220;middle&#8220; gap=&#8220;30&#8243;][vc_column_inner width=&#8220;1\/2&#8243;][vc_single_image image=&#8220;71202&#8243; img_size=&#8220;680&#215;400&#8243;][\/vc_column_inner][vc_column_inner width=&#8220;1\/2&#8243;][vc_column_text]<strong>Diskret:<\/strong><\/p>\n<p>Mit 14 x 16 mm ist die zweite Generation des Atlantis schlanker als zuvor, beh\u00e4lt aber alle Vorteile des urspr\u00fcnglichen Atlantis bei.<\/p>\n<p><strong>Groovy:<\/strong><\/p>\n<p>Das neu gestaltete Au\u00dfenprofil verf\u00fcgt \u00fcber zus\u00e4tzliche seitliche Rillen f\u00fcr eine einfachere Installation und besseren Halt.<\/p>\n<p><strong>Unendlich:<\/strong><\/p>\n<p>Die neue Form der Endkappe macht es noch einfacher, mehrere Ger\u00e4te miteinander zu verbinden und so nahtlose Lichtlinien zu schaffen.<\/p>\n<p><strong>Zuverl\u00e4ssig:<\/strong><\/p>\n<p>Die neu gestalteten Montageclips sorgen zusammen mit dem neuen Atlantis-Au\u00dfenprofil f\u00fcr eine unbeugsame Montagel\u00f6sung.<\/p>\n<p><strong>Undurchl\u00e4ssig:<\/strong><\/p>\n<p>wasserdicht und resistent gegen Schmutz und Staub dank neuer, verbesserter Materialien<\/p>\n<p><strong>Vielseitig:<\/strong><\/p>\n<p>Die gleich gro\u00dfen Versionen Top und Side erm\u00f6glichen Kombinationen von vertikalen und horizontalen Biegungen in einer einzigen Linie.[\/vc_column_text][\/vc_column_inner][\/vc_row_inner][vc_separator][\/vc_tta_section][\/vc_tta_accordion][\/vc_column][\/vc_row][vc_row][vc_column][vc_empty_space height=&#8220;40px&#8220;][\/vc_column][\/vc_row][vc_row gap=&#8220;30&#8243;][vc_column width=&#8220;1\/2&#8243;][vc_video link=&#8220;https:\/\/youtu.be\/I2LMPtsr860&#8243; css=&#8220;&#8220;][\/vc_column][vc_column width=&#8220;1\/2&#8243;][vc_column_text]Die Atlantis Top G2 White ist eine flexible LED-Linie, die vielseitig und robust ist. Sie eignet sich f\u00fcr die Beleuchtung von unebenen Au\u00dfenfl\u00e4chen wie Vouten, S\u00e4ulen und abgerundeten Kanten.<\/p>\n<p>Diese LED-Linie wurde speziell f\u00fcr professionelle dekorative Au\u00dfenbeleuchtungsanwendungen entwickelt. Sie hat die Schutzart IP67 und ist vollst\u00e4ndig gegen feste Partikel und Wasser gesch\u00fctzt. Die Atlantis Top G2 White ist salz- und l\u00f6sungsmittelbest\u00e4ndig und vollst\u00e4ndig UV-resistent.  <\/p>\n<p>Diese flexible und robuste LED-Linie ist bei Beleuchtungsdesignern f\u00fcr dekorative und direkte Beleuchtung sowohl im Au\u00dfen- als auch im Innenbereich beliebt.[\/vc_column_text][vc_single_image source=&#8220;external_link&#8220; external_img_size=&#8220;380&#215;33&#8243; custom_src=&#8220;https:\/\/www.holectron.com\/wp-content\/uploads\/featured-ip67-c-1.svg&#8220;][\/vc_column][\/vc_row][vc_row][vc_column][vc_empty_space height=&#8220;40px&#8220;][\/vc_column][\/vc_row][vc_row full_width=&#8220;stretch_row&#8220; css=&#8220;.vc_custom_1657282097650{background-color: #f5f5f5 !important;}&#8220;][vc_column][vc_empty_space height=&#8220;40&#8243;][vc_column_text]<\/p>\n<h2>Zeichnung<\/h2>\n<p>[\/vc_column_text][vc_single_image image=&#8220;102331&#8243; img_size=&#8220;full&#8220; css=&#8220;&#8220;][vc_empty_space height=&#8220;40&#8243;][vc_row_inner content_placement=&#8220;middle&#8220; gap=&#8220;30&#8243;][vc_column_inner width=&#8220;1\/4&#8243; offset=&#8220;vc_col-lg-3 vc_col-md-3 vc_col-xs-6&#8243;][vc_single_image image=&#8220;71201&#8243; img_size=&#8220;400&#215;400&#8243;][\/vc_column_inner][vc_column_inner width=&#8220;1\/4&#8243; offset=&#8220;vc_col-lg-3 vc_col-md-3 vc_col-xs-6&#8243;][vc_single_image image=&#8220;99929&#8243; img_size=&#8220;full&#8220;][\/vc_column_inner][vc_column_inner width=&#8220;1\/2&#8243; offset=&#8220;vc_col-lg-6 vc_col-md-6 vc_col-xs-12&#8243;][vc_column_text css=&#8220;&#8220;]<\/p>\n<h2>Atlantis G2 Fix<\/h2>\n<p>Neu gestaltete Montageclips sorgen zusammen mit dem neuen Atlantis-Au\u00dfenprofil f\u00fcr eine unbeugsame Montagel\u00f6sung.[\/vc_column_text][\/vc_column_inner][\/vc_row_inner][vc_empty_space height=&#8220;40&#8243;][\/vc_column][\/vc_row][vc_row][vc_column][vc_empty_space height=&#8220;20&#8243;][vc_column_text css=&#8220;&#8220;]<\/p>\n<h2><\/h2>\n<h2>Wichtigste Vorteile<\/h2>\n<p>&nbsp;<\/p>\n<p><strong>\u25a0 <\/strong>Wasserdichte IP67 LED-Linie<\/p>\n<p><strong>\u25a0 <\/strong>F\u00fcr Au\u00dfenanwendungen mit Endlosleitung<\/p>\n<p><strong>\u25a0 <\/strong>48V DC &amp; 24V DC Spannungseingang<\/p>\n<p><strong>\u25a0 <\/strong>3-stufige MacAdam-LEDs<\/p>\n<p><strong>\u25a0 <\/strong>Dimmbar<\/p>\n<p><strong>\u25a0 <\/strong>Flexibles Geh\u00e4use aus Polyurethan<\/p>\n<p><strong>\u25a0 <\/strong>UV-, salz- und l\u00f6sungsmittelbest\u00e4ndig<\/p>\n<p><strong>\u25a0 <\/strong>Kontinuierlicher Lichteffekt ohne dunkle Flecken<\/p>\n<p>H\u00f6chste Qualit\u00e4t der Komponenten, NICHIA LED-Chips<\/p>\n<p><strong>\u25a0 <\/strong>Stabilisierter Stromentwurf<\/p>\n<p><strong>\u25a0 <\/strong>Hoher CRI90+<\/p>\n<p><strong>\u25a0 <\/strong>Schutz vor Verpolung[\/vc_column_text][vc_empty_space height=&#8220;20&#8243; el_id=&#8220;1001&#8243;][\/vc_column][\/vc_row]<\/p>\n<\/div>","protected":false},"excerpt":{"rendered":"<p>[vc_row][vc_column][vc_single_image source=&#8220;external_link&#8220; external_img_size=&#8220;230&#215;26&#8243; css=&#8220;.vc_custom_1716188154402{margin-bottom: 10px !important;border-bottom-width: 0px !important;padding-bottom: 0px !important;}&#8220; custom_src=&#8220;https:\/\/www.holectron.com\/wp-content\/uploads\/information-updates5.svg&#8220;][vc_separator color=&#8220;black&#8220; css=&#8220;.vc_custom_1716187851480{margin-top: 0px !important;margin-bottom: 0px !important;border-top-width: 0px !important;border-bottom-width: 0px !important;padding-top: 0px !important;}&#8220;][vc_tta_accordion section_title_tag=&#8220;p&#8220; shape=&#8220;square&#8220; c_icon=&#8220;chevron&#8220; active_section=&#8220;1&#8243; no_fill=&#8220;true&#8220; collapsible_all=&#8220;true&#8220; css=&#8220;.vc_custom_1721972228440{margin-top: 1px !important;border-top-width: 0px !important;padding-top: 0px !important;}&#8220;][vc_tta_section title=&#8220;2024.05.17 | Atlantis 48V&#8220; tab_id=&#8220;1721971838895-31fbe19c-fb76&#8243;][vc_row_inner content_placement=&#8220;middle&#8220; gap=&#8220;30&#8243;][vc_column_inner width=&#8220;1\/2&#8243;][vc_single_image image=&#8220;121022&#8243; img_size=&#8220;400&#215;400&#8243; alignment=&#8220;center&#8220; css=&#8220;&#8220;][\/vc_column_inner][vc_column_inner width=&#8220;1\/2&#8243;][vc_column_text css=&#8220;&#8220;] Atlantis 48V Wir freuen uns, [&hellip;]<\/p>\n","protected":false},"author":16,"featured_media":124571,"parent":124562,"menu_order":0,"comment_status":"closed","ping_status":"closed","template":"tpl-product-led.php","meta":{"footnotes":""},"related":[121],"filter":[371,342,383,344,361,350,356,351,355],"acf":[],"aioseo_notices":[],"_links":{"self":[{"href":"https:\/\/www.holectron.com\/de\/wp-json\/wp\/v2\/pages\/124693"}],"collection":[{"href":"https:\/\/www.holectron.com\/de\/wp-json\/wp\/v2\/pages"}],"about":[{"href":"https:\/\/www.holectron.com\/de\/wp-json\/wp\/v2\/types\/page"}],"author":[{"embeddable":true,"href":"https:\/\/www.holectron.com\/de\/wp-json\/wp\/v2\/users\/16"}],"replies":[{"embeddable":true,"href":"https:\/\/www.holectron.com\/de\/wp-json\/wp\/v2\/comments?post=124693"}],"version-history":[{"count":0,"href":"https:\/\/www.holectron.com\/de\/wp-json\/wp\/v2\/pages\/124693\/revisions"}],"up":[{"embeddable":true,"href":"https:\/\/www.holectron.com\/de\/wp-json\/wp\/v2\/pages\/124562"}],"wp:featuredmedia":[{"embeddable":true,"href":"https:\/\/www.holectron.com\/de\/wp-json\/wp\/v2\/media\/124571"}],"wp:attachment":[{"href":"https:\/\/www.holectron.com\/de\/wp-json\/wp\/v2\/media?parent=124693"}],"wp:term":[{"taxonomy":"related","embeddable":true,"href":"https:\/\/www.holectron.com\/de\/wp-json\/wp\/v2\/related?post=124693"},{"taxonomy":"filter","embeddable":true,"href":"https:\/\/www.holectron.com\/de\/wp-json\/wp\/v2\/filter?post=124693"}],"curies":[{"name":"wp","href":"https:\/\/api.w.org\/{rel}","templated":true}]}}