{"id":124613,"date":"2022-07-05T14:44:38","date_gmt":"2022-07-05T12:44:38","guid":{"rendered":"https:\/\/www.holectron.com\/produkte\/flexibel-im-freien\/flexible-led-streifen-fuer-den-aussenbereich\/atlantis-side-g2-weiss-tw-rgb\/atlantis-side-g2-weiss-flexible-led-linien-fuer-den-aussenbereich\/"},"modified":"2026-03-03T08:59:47","modified_gmt":"2026-03-03T06:59:47","slug":"atlantis-side-g2-weiss-flexible-led-linien-fuer-den-aussenbereich","status":"publish","type":"page","link":"https:\/\/www.holectron.com\/de\/produkte\/flexibel-im-freien\/flexible-led-streifen-fuer-den-aussenbereich\/atlantis-side-g2-weiss-tw-rgb\/atlantis-side-g2-weiss-flexible-led-linien-fuer-den-aussenbereich\/","title":{"rendered":"Atlantis Side G2 Wei\u00df &#8211; Flexible LED-Linien f\u00fcr den Au\u00dfenbereich"},"content":{"rendered":"<div class=\"wpb-content-wrapper\"><p>[vc_row][vc_column][vc_single_image source=&#8220;external_link&#8220; external_img_size=&#8220;230&#215;26&#8243; css=&#8220;.vc_custom_1716188154402{margin-bottom: 10px !important;border-bottom-width: 0px !important;padding-bottom: 0px !important;}&#8220; custom_src=&#8220;https:\/\/www.holectron.com\/wp-content\/uploads\/information-updates5.svg&#8220;][vc_separator color=&#8220;black&#8220; css=&#8220;.vc_custom_1716187851480{margin-top: 0px !important;margin-bottom: 0px !important;border-top-width: 0px !important;border-bottom-width: 0px !important;padding-top: 0px !important;}&#8220;][vc_tta_accordion section_title_tag=&#8220;p&#8220; shape=&#8220;square&#8220; c_icon=&#8220;chevron&#8220; active_section=&#8220;50&#8243; no_fill=&#8220;true&#8220; collapsible_all=&#8220;true&#8220; css=&#8220;.vc_custom_1721133096159{margin-top: 1px !important;border-top-width: 0px !important;padding-top: 0px !important;background-color: #f5f5f5 !important;}&#8220;][vc_tta_section title=&#8220;2024.05.17 | Atlantis 48V&#8220; tab_id=&#8220;2024-05-17-atlantis-48vf9ce-33c1&#8243;][vc_row_inner content_placement=&#8220;middle&#8220; gap=&#8220;30&#8243;][vc_column_inner width=&#8220;1\/2&#8243;][vc_single_image image=&#8220;98601&#8243; img_size=&#8220;400&#215;400&#8243; alignment=&#8220;center&#8220;][\/vc_column_inner][vc_column_inner width=&#8220;1\/2&#8243;][vc_column_text css=&#8220;&#8220;]<\/p>\n<h2>Atlantis 48V<\/h2>\n<p>Wir freuen uns, die neueste Erg\u00e4nzung unserer Beleuchtungsl\u00f6sungen f\u00fcr den Au\u00dfenbereich ank\u00fcndigen zu k\u00f6nnen: den <strong>Atlantis 48V<\/strong> Flexible LED Strip. Diese aktualisierte Version erh\u00f6ht die maximale Reichweite auf beeindruckende <strong>28<\/strong><strong>,5 Meter<\/strong> und verdoppelt damit die Kapazit\u00e4t seines 24V-Vorg\u00e4ngers. Das bedeutet mehr Reichweite und mehr Freiheit, um Au\u00dfenbereiche mit Pr\u00e4zision und Kreativit\u00e4t zu beleuchten.[\/vc_column_text][\/vc_column_inner][\/vc_row_inner][vc_separator][\/vc_tta_section][vc_tta_section title=&#8220;2024.05.17 | Atlantis Flexible Halterung&#8220; tab_id=&#8220;2024-05-17-atlantis-flexible-holderf9ce-33c1&#8243;][vc_row_inner content_placement=&#8220;middle&#8220; gap=&#8220;30&#8243;][vc_column_inner width=&#8220;1\/2&#8243;][vc_single_image image=&#8220;98602&#8243; img_size=&#8220;400&#215;400&#8243; alignment=&#8220;center&#8220;][\/vc_column_inner][vc_column_inner width=&#8220;1\/2&#8243;][vc_column_text]<\/p>\n<h2>Flexibler Halter<\/h2>\n<p>Der neue Atlantis Flexible Holder wurde entwickelt, um unseren LED-Streifen einen stabilen Halt zu bieten, insbesondere bei der Gestaltung von Kurven. Die verbesserte Stabilit\u00e4t erm\u00f6glicht eine pr\u00e4zisere Formgebung und eine einfachere Installation. Dieser Halter hebt die leuchtende Seite des Streifens hervor und verst\u00e4rkt die visuelle Wirkung Ihrer Beleuchtungsinstallationen.[\/vc_column_text][\/vc_column_inner][\/vc_row_inner][vc_separator][\/vc_tta_section][vc_tta_section title=&#8220;2023.03.17 | Atlantis G2 Innovationen&#8220; tab_id=&#8220;2023-03-17-atlantis-g2-innovationsf9ce-33c1&#8243;][vc_row_inner content_placement=&#8220;middle&#8220; gap=&#8220;30&#8243;][vc_column_inner width=&#8220;1\/2&#8243;][vc_single_image image=&#8220;71202&#8243; img_size=&#8220;680&#215;400&#8243;][\/vc_column_inner][vc_column_inner width=&#8220;1\/2&#8243;][vc_column_text]<strong>Diskret:<\/strong><\/p>\n<p>Mit 14 x 16 mm ist die zweite Generation des Atlantis schlanker als zuvor, beh\u00e4lt aber alle Vorteile des urspr\u00fcnglichen Atlantis bei.<\/p>\n<p><strong>Groovy:<\/strong><\/p>\n<p>Das neu gestaltete Au\u00dfenprofil verf\u00fcgt \u00fcber zus\u00e4tzliche seitliche Rillen f\u00fcr eine einfachere Installation und besseren Halt.<\/p>\n<p><strong>Unendlich:<\/strong><\/p>\n<p>Die neue Form der Endkappe macht es noch einfacher, mehrere Ger\u00e4te miteinander zu verbinden und so nahtlose Lichtlinien zu schaffen.<\/p>\n<p><strong>Zuverl\u00e4ssig:<\/strong><\/p>\n<p>Die neu gestalteten Montageclips sorgen zusammen mit dem neuen Atlantis-Au\u00dfenprofil f\u00fcr eine unbeugsame Montagel\u00f6sung.<\/p>\n<p><strong>Undurchl\u00e4ssig:<\/strong><\/p>\n<p>wasserdicht und resistent gegen Schmutz und Staub dank neuer, verbesserter Materialien<\/p>\n<p><strong>Vielseitig:<\/strong><\/p>\n<p>Die gleich gro\u00dfen Versionen Top und Side erm\u00f6glichen Kombinationen von vertikalen und horizontalen Biegungen in einer einzigen Linie.[\/vc_column_text][\/vc_column_inner][\/vc_row_inner][vc_separator][\/vc_tta_section][\/vc_tta_accordion][\/vc_column][\/vc_row][vc_row gap=&#8220;30&#8243;][vc_column width=&#8220;1\/2&#8243;][vc_video link=&#8220;https:\/\/youtu.be\/I2LMPtsr860&#8243; css=&#8220;&#8220;][\/vc_column][vc_column width=&#8220;1\/2&#8243;][vc_column_text]Unsere <strong>wei\u00dfen<\/strong>, biegsamen IP67-LED-Linien <strong>Atlantis Side G2<\/strong> wurden f\u00fcr Beleuchtungsprojekte im Au\u00dfenbereich entwickelt, die eine kreative und flexible Beleuchtungsl\u00f6sung erfordern.<\/p>\n<p>Mit ihrem flexiblen Polyurethangeh\u00e4use kann sich die Atlantis G2 an die organische Geometrie von Geb\u00e4udefassaden und Strukturen anpassen und gleichzeitig einen gleichm\u00e4\u00dfigen Lichteffekt gew\u00e4hrleisten.<\/p>\n<p>Vollst\u00e4ndig gekapselt und vor den Elementen gesch\u00fctzt, sind diese hochwertigen LED-Streifen f\u00fcr langfristige professionelle Anwendungen konzipiert.[\/vc_column_text][vc_single_image source=&#8220;external_link&#8220; external_img_size=&#8220;380&#215;33&#8243; custom_src=&#8220;https:\/\/www.holectron.com\/wp-content\/uploads\/featured-ip67-c-1.svg&#8220;][\/vc_column][\/vc_row][vc_row][vc_column][vc_empty_space height=&#8220;60&#8243;][\/vc_column][\/vc_row][vc_row content_placement=&#8220;middle&#8220; css=&#8220;.vc_custom_1658389954091{margin-top: 0px !important;margin-right: 0px !important;margin-bottom: 0px !important;margin-left: 0px !important;border-top-width: 0px !important;border-right-width: 0px !important;border-bottom-width: 0px !important;border-left-width: 0px !important;padding-top: 0px !important;padding-right: 0px !important;padding-bottom: 0px !important;padding-left: 0px !important;}&#8220;][vc_column width=&#8220;1\/5&#8243; offset=&#8220;vc_col-lg-1\/5 vc_col-md-1\/5 vc_col-xs-6&#8243; css=&#8220;.vc_custom_1658389896757{margin-top: 0px !important;margin-right: 0px !important;margin-bottom: 0px !important;margin-left: 0px !important;border-top-width: 0px !important;border-right-width: 0px !important;border-bottom-width: 0px !important;border-left-width: 0px !important;padding-top: 0px !important;padding-right: 0px !important;padding-bottom: 0px !important;padding-left: 0px !important;}&#8220;][vc_single_image image=&#8220;73336&#8243; img_size=&#8220;600&#215;600&#8243; alignment=&#8220;center&#8220; onclick=&#8220;img_link_large&#8220;][\/vc_column][vc_column width=&#8220;1\/5&#8243; css=&#8220;.vc_custom_1658389683277{margin-top: 0px !important;margin-right: 0px !important;margin-bottom: 0px !important;margin-left: 0px !important;border-top-width: 0px !important;border-right-width: 0px !important;border-bottom-width: 0px !important;border-left-width: 0px !important;padding-top: 0px !important;padding-right: 0px !important;padding-bottom: 0px !important;padding-left: 0px !important;}&#8220; offset=&#8220;vc_col-lg-1\/5 vc_col-md-1\/5 vc_col-xs-6&#8243;][vc_single_image image=&#8220;73339&#8243; img_size=&#8220;600&#215;600&#8243; alignment=&#8220;center&#8220; onclick=&#8220;img_link_large&#8220;][\/vc_column][vc_column width=&#8220;1\/5&#8243; css=&#8220;.vc_custom_1658389708431{margin-top: 0px !important;margin-right: 0px !important;margin-bottom: 0px !important;margin-left: 0px !important;border-top-width: 0px !important;border-right-width: 0px !important;border-bottom-width: 0px !important;border-left-width: 0px !important;padding-top: 0px !important;padding-right: 0px !important;padding-bottom: 0px !important;padding-left: 0px !important;}&#8220; offset=&#8220;vc_col-lg-1\/5 vc_col-md-1\/5 vc_col-xs-6&#8243;][vc_single_image image=&#8220;73340&#8243; img_size=&#8220;600&#215;600&#8243; alignment=&#8220;center&#8220; onclick=&#8220;img_link_large&#8220;][\/vc_column][vc_column width=&#8220;1\/5&#8243; css=&#8220;.vc_custom_1658389767917{margin-top: 0px !important;margin-right: 0px !important;margin-bottom: 0px !important;margin-left: 0px !important;border-top-width: 0px !important;border-right-width: 0px !important;border-bottom-width: 0px !important;border-left-width: 0px !important;padding-top: 0px !important;padding-right: 0px !important;padding-bottom: 0px !important;padding-left: 0px !important;}&#8220; offset=&#8220;vc_col-lg-1\/5 vc_col-md-1\/5 vc_col-xs-6&#8243;][vc_single_image image=&#8220;73341&#8243; img_size=&#8220;600&#215;600&#8243; alignment=&#8220;center&#8220; onclick=&#8220;img_link_large&#8220;][\/vc_column][vc_column width=&#8220;1\/5&#8243; css=&#8220;.vc_custom_1658389789057{margin-top: 0px !important;margin-right: 0px !important;margin-bottom: 0px !important;margin-left: 0px !important;border-top-width: 0px !important;border-right-width: 0px !important;border-bottom-width: 0px !important;border-left-width: 0px !important;padding-top: 0px !important;padding-right: 0px !important;padding-bottom: 0px !important;padding-left: 0px !important;}&#8220; offset=&#8220;vc_col-lg-1\/5 vc_col-md-1\/5 vc_col-xs-6&#8243;][vc_single_image image=&#8220;73247&#8243; img_size=&#8220;600&#215;600&#8243; alignment=&#8220;center&#8220; onclick=&#8220;img_link_large&#8220;][\/vc_column][\/vc_row][vc_row][vc_column][vc_empty_space height=&#8220;40px&#8220;][\/vc_column][\/vc_row][vc_row full_width=&#8220;stretch_row&#8220; css=&#8220;.vc_custom_1657282919238{background-color: #f5f5f5 !important;}&#8220;][vc_column][vc_empty_space height=&#8220;40&#8243;][vc_column_text]<\/p>\n<h2>Zeichnung<\/h2>\n<p>[\/vc_column_text][vc_single_image image=&#8220;73483&#8243; img_size=&#8220;full&#8220;][vc_empty_space height=&#8220;40&#8243; el_id=&#8220;1001&#8243;][\/vc_column][\/vc_row][vc_row gap=&#8220;30&#8243; content_placement=&#8220;middle&#8220;][vc_column width=&#8220;1\/4&#8243; offset=&#8220;vc_col-lg-3 vc_col-md-3 vc_col-xs-6&#8243;][vc_single_image image=&#8220;71201&#8243; img_size=&#8220;400&#215;400&#8243;][\/vc_column][vc_column width=&#8220;1\/4&#8243; offset=&#8220;vc_col-lg-3 vc_col-md-3 vc_col-xs-6&#8243;][vc_single_image image=&#8220;99929&#8243; img_size=&#8220;full&#8220;][\/vc_column][vc_column width=&#8220;1\/2&#8243; offset=&#8220;vc_col-lg-6 vc_col-md-6 vc_col-xs-12&#8243;][vc_column_text]<\/p>\n<h2>Zuverl\u00e4ssig:<\/h2>\n<p>Die neu gestalteten Montageclips sorgen zusammen mit dem neuen Atlantis-Au\u00dfenprofil f\u00fcr eine unbeugsame Montagel\u00f6sung.[\/vc_column_text][\/vc_column][\/vc_row][vc_row][vc_column][vc_empty_space height=&#8220;40&#8243;][\/vc_column][\/vc_row]<\/p>\n<\/div>","protected":false},"excerpt":{"rendered":"<p>[vc_row][vc_column][vc_single_image source=&#8220;external_link&#8220; external_img_size=&#8220;230&#215;26&#8243; css=&#8220;.vc_custom_1716188154402{margin-bottom: 10px !important;border-bottom-width: 0px !important;padding-bottom: 0px !important;}&#8220; custom_src=&#8220;https:\/\/www.holectron.com\/wp-content\/uploads\/information-updates5.svg&#8220;][vc_separator color=&#8220;black&#8220; css=&#8220;.vc_custom_1716187851480{margin-top: 0px !important;margin-bottom: 0px !important;border-top-width: 0px !important;border-bottom-width: 0px !important;padding-top: 0px !important;}&#8220;][vc_tta_accordion section_title_tag=&#8220;p&#8220; shape=&#8220;square&#8220; c_icon=&#8220;chevron&#8220; active_section=&#8220;50&#8243; no_fill=&#8220;true&#8220; collapsible_all=&#8220;true&#8220; css=&#8220;.vc_custom_1721133096159{margin-top: 1px !important;border-top-width: 0px !important;padding-top: 0px !important;background-color: #f5f5f5 !important;}&#8220;][vc_tta_section title=&#8220;2024.05.17 | Atlantis 48V&#8220; tab_id=&#8220;2024-05-17-atlantis-48vf9ce-33c1&#8243;][vc_row_inner content_placement=&#8220;middle&#8220; gap=&#8220;30&#8243;][vc_column_inner width=&#8220;1\/2&#8243;][vc_single_image image=&#8220;98601&#8243; img_size=&#8220;400&#215;400&#8243; alignment=&#8220;center&#8220;][\/vc_column_inner][vc_column_inner width=&#8220;1\/2&#8243;][vc_column_text css=&#8220;&#8220;] Atlantis 48V Wir freuen [&hellip;]<\/p>\n","protected":false},"author":16,"featured_media":124570,"parent":124582,"menu_order":0,"comment_status":"closed","ping_status":"closed","template":"tpl-product-led.php","meta":{"footnotes":""},"related":[121],"filter":[371,342,383,344,361,355],"acf":[],"aioseo_notices":[],"_links":{"self":[{"href":"https:\/\/www.holectron.com\/de\/wp-json\/wp\/v2\/pages\/124613"}],"collection":[{"href":"https:\/\/www.holectron.com\/de\/wp-json\/wp\/v2\/pages"}],"about":[{"href":"https:\/\/www.holectron.com\/de\/wp-json\/wp\/v2\/types\/page"}],"author":[{"embeddable":true,"href":"https:\/\/www.holectron.com\/de\/wp-json\/wp\/v2\/users\/16"}],"replies":[{"embeddable":true,"href":"https:\/\/www.holectron.com\/de\/wp-json\/wp\/v2\/comments?post=124613"}],"version-history":[{"count":0,"href":"https:\/\/www.holectron.com\/de\/wp-json\/wp\/v2\/pages\/124613\/revisions"}],"up":[{"embeddable":true,"href":"https:\/\/www.holectron.com\/de\/wp-json\/wp\/v2\/pages\/124582"}],"wp:featuredmedia":[{"embeddable":true,"href":"https:\/\/www.holectron.com\/de\/wp-json\/wp\/v2\/media\/124570"}],"wp:attachment":[{"href":"https:\/\/www.holectron.com\/de\/wp-json\/wp\/v2\/media?parent=124613"}],"wp:term":[{"taxonomy":"related","embeddable":true,"href":"https:\/\/www.holectron.com\/de\/wp-json\/wp\/v2\/related?post=124613"},{"taxonomy":"filter","embeddable":true,"href":"https:\/\/www.holectron.com\/de\/wp-json\/wp\/v2\/filter?post=124613"}],"curies":[{"name":"wp","href":"https:\/\/api.w.org\/{rel}","templated":true}]}}