{"id":124606,"date":"2022-07-21T14:53:59","date_gmt":"2022-07-21T12:53:59","guid":{"rendered":"https:\/\/www.holectron.com\/produkte\/flexibel-im-freien\/flexible-led-streifen-fuer-den-aussenbereich\/atlantis-top-g1-weiss-tw-rgb\/atlantis-top-g1-weiss-flexible-nichia-led-linien-fuer-den-aussenbereich\/"},"modified":"2026-03-02T15:41:29","modified_gmt":"2026-03-02T13:41:29","slug":"atlantis-top-g1-weiss-flexible-nichia-led-linien-fuer-den-aussenbereich","status":"publish","type":"page","link":"https:\/\/www.holectron.com\/de\/produkte\/flexibel-im-freien\/flexible-led-streifen-fuer-den-aussenbereich\/atlantis-top-g1-weiss-tw-rgb\/atlantis-top-g1-weiss-flexible-nichia-led-linien-fuer-den-aussenbereich\/","title":{"rendered":"Atlantis Top G1 Wei\u00df &#8211; Flexible NICHIA LED-Linien f\u00fcr den Au\u00dfenbereich"},"content":{"rendered":"<div class=\"wpb-content-wrapper\"><p>[vc_row gap=&#8220;30&#8243;][vc_column][vc_column_text]Die Atlantis Top White ist eine flexible LED-Linie, die vielseitig und robust ist. Sie eignet sich f\u00fcr die Beleuchtung von unebenen Au\u00dfenfl\u00e4chen wie Vouten, S\u00e4ulen und abgerundeten Kanten.<\/p>\n<p>Diese LED-Linie wurde speziell f\u00fcr professionelle dekorative Au\u00dfenbeleuchtungsanwendungen entwickelt. Sie hat die Schutzart IP67 und ist vollst\u00e4ndig gegen feste Partikel und Wasser gesch\u00fctzt. Die Atlantis Top White ist salz- und l\u00f6sungsmittelbest\u00e4ndig und vollst\u00e4ndig UV-resistent.  <\/p>\n<p>Diese flexible und robuste LED-Linie ist bei Beleuchtungsdesignern f\u00fcr dekorative und direkte Beleuchtung sowohl im Au\u00dfen- als auch im Innenbereich beliebt.<br \/>\n[\/vc_column_text][vc_single_image source=&#8220;external_link&#8220; external_img_size=&#8220;440&#215;33&#8243; custom_src=&#8220;https:\/\/www.holectron.com\/wp-content\/uploads\/featured-ip67-c-1.svg&#8220;][\/vc_column][\/vc_row]<\/p>\n<\/div>","protected":false},"excerpt":{"rendered":"<p>[vc_row gap=&#8220;30&#8243;][vc_column][vc_column_text]Die Atlantis Top White ist eine flexible LED-Linie, die vielseitig und robust ist. Sie eignet sich f\u00fcr die Beleuchtung von unebenen Au\u00dfenfl\u00e4chen wie Vouten, S\u00e4ulen und abgerundeten Kanten. Diese LED-Linie wurde speziell f\u00fcr professionelle dekorative Au\u00dfenbeleuchtungsanwendungen entwickelt. Sie hat die Schutzart IP67 und ist vollst\u00e4ndig gegen feste Partikel und Wasser gesch\u00fctzt. Die Atlantis Top [&hellip;]<\/p>\n","protected":false},"author":16,"featured_media":124597,"parent":124596,"menu_order":0,"comment_status":"closed","ping_status":"closed","template":"tpl-product-led.php","meta":{"footnotes":""},"related":[],"filter":[],"acf":[],"aioseo_notices":[],"_links":{"self":[{"href":"https:\/\/www.holectron.com\/de\/wp-json\/wp\/v2\/pages\/124606"}],"collection":[{"href":"https:\/\/www.holectron.com\/de\/wp-json\/wp\/v2\/pages"}],"about":[{"href":"https:\/\/www.holectron.com\/de\/wp-json\/wp\/v2\/types\/page"}],"author":[{"embeddable":true,"href":"https:\/\/www.holectron.com\/de\/wp-json\/wp\/v2\/users\/16"}],"replies":[{"embeddable":true,"href":"https:\/\/www.holectron.com\/de\/wp-json\/wp\/v2\/comments?post=124606"}],"version-history":[{"count":0,"href":"https:\/\/www.holectron.com\/de\/wp-json\/wp\/v2\/pages\/124606\/revisions"}],"up":[{"embeddable":true,"href":"https:\/\/www.holectron.com\/de\/wp-json\/wp\/v2\/pages\/124596"}],"wp:featuredmedia":[{"embeddable":true,"href":"https:\/\/www.holectron.com\/de\/wp-json\/wp\/v2\/media\/124597"}],"wp:attachment":[{"href":"https:\/\/www.holectron.com\/de\/wp-json\/wp\/v2\/media?parent=124606"}],"wp:term":[{"taxonomy":"related","embeddable":true,"href":"https:\/\/www.holectron.com\/de\/wp-json\/wp\/v2\/related?post=124606"},{"taxonomy":"filter","embeddable":true,"href":"https:\/\/www.holectron.com\/de\/wp-json\/wp\/v2\/filter?post=124606"}],"curies":[{"name":"wp","href":"https:\/\/api.w.org\/{rel}","templated":true}]}}