{"id":124596,"date":"2023-01-04T13:54:26","date_gmt":"2023-01-04T11:54:26","guid":{"rendered":"https:\/\/www.holectron.com\/produkte\/flexibel-im-freien\/flexible-led-streifen-fuer-den-aussenbereich\/atlantis-top-g1-weiss-tw-rgb\/"},"modified":"2026-02-25T15:22:20","modified_gmt":"2026-02-25T13:22:20","slug":"atlantis-top-g1-weiss-tw-rgb","status":"publish","type":"page","link":"https:\/\/www.holectron.com\/de\/produkte\/flexibel-im-freien\/flexible-led-streifen-fuer-den-aussenbereich\/atlantis-top-g1-weiss-tw-rgb\/","title":{"rendered":"Atlantis Top G1 &#8211; Wei\u00df, TW, RGB"},"content":{"rendered":"<div class=\"wpb-content-wrapper\"><p>[vc_row][vc_column][vc_column_text]<\/p>\n        <div id=\"products-content\" class=\"row tntnt\">\n            <div class=\"col-md-12\">\n\n                                      \n                <div class=\"row\">\n                                            <div class=\"col-md-3 col-sm-4 col-xs-6 products-category-item\"> \n                            <div class=\"related-item\" onclick=\"location.href='https:\/\/www.holectron.com\/de\/produkte\/flexibel-im-freien\/flexible-led-streifen-fuer-den-aussenbereich\/atlantis-top-g1-weiss-tw-rgb\/atlantis-top-g1-weiss-flexible-nichia-led-linien-fuer-den-aussenbereich\/'\" title=\"Atlantis Top G1 Wei\u00df &#8211; Flexible NICHIA LED-Linien f\u00fcr den Au\u00dfenbereich\">\n                                                                <a href=\"https:\/\/www.holectron.com\/de\/produkte\/flexibel-im-freien\/flexible-led-streifen-fuer-den-aussenbereich\/atlantis-top-g1-weiss-tw-rgb\/atlantis-top-g1-weiss-flexible-nichia-led-linien-fuer-den-aussenbereich\/\" title=\"Atlantis Top G1 Wei\u00df &#8211; Flexible NICHIA LED-Linien f\u00fcr den Au\u00dfenbereich\" class=\"blog-pic\">\n                                    <img decoding=\"async\" src=\"https:\/\/www.holectron.com\/wp-content\/uploads\/Atlantis-TOP-FL-thumb.png\" title=\"Atlantis-TOP-FL-thumb\" alt=\"\" class=\"img-responsive\">\n                                <\/a>\n                                <div class=\"related-desc\">\n                                    <a class=\"related-title\" href=\"https:\/\/www.holectron.com\/de\/produkte\/flexibel-im-freien\/flexible-led-streifen-fuer-den-aussenbereich\/atlantis-top-g1-weiss-tw-rgb\/atlantis-top-g1-weiss-flexible-nichia-led-linien-fuer-den-aussenbereich\/\" title=\"Atlantis Top G1 Wei\u00df &#8211; Flexible NICHIA LED-Linien f\u00fcr den Au\u00dfenbereich\">\n\t\t\t\t\t\t\t\t\t\t\t<strong>Atlantis Top G1<\/strong>Wei\u00df, Nichia                                    <\/a>\n                                <\/div>\n                                <div class=\"related-spec\">\n                                    <a class=\"related-title\" href=\"https:\/\/www.holectron.com\/de\/produkte\/flexibel-im-freien\/flexible-led-streifen-fuer-den-aussenbereich\/atlantis-top-g1-weiss-tw-rgb\/atlantis-top-g1-weiss-flexible-nichia-led-linien-fuer-den-aussenbereich\/\" title=\"Atlantis Top G1 Wei\u00df &#8211; Flexible NICHIA LED-Linien f\u00fcr den Au\u00dfenbereich\">\n                                            <br><br>                                    <\/a>\n                                <\/div>\n                            <\/div>\n                        <\/div>\n                                            <div class=\"col-md-3 col-sm-4 col-xs-6 products-category-item\"> \n                            <div class=\"related-item\" onclick=\"location.href='https:\/\/www.holectron.com\/de\/produkte\/flexibel-im-freien\/flexible-led-streifen-fuer-den-aussenbereich\/atlantis-top-g1-weiss-tw-rgb\/atlantis-top-g1-tunable-white-flexible-nichia-led-linien-fuer-den-aussenbereich\/'\" title=\"Atlantis Top G1 Tunable White &#8211; Flexible NICHIA LED-Linien f\u00fcr den Au\u00dfenbereich\">\n                                                                <a href=\"https:\/\/www.holectron.com\/de\/produkte\/flexibel-im-freien\/flexible-led-streifen-fuer-den-aussenbereich\/atlantis-top-g1-weiss-tw-rgb\/atlantis-top-g1-tunable-white-flexible-nichia-led-linien-fuer-den-aussenbereich\/\" title=\"Atlantis Top G1 Tunable White &#8211; Flexible NICHIA LED-Linien f\u00fcr den Au\u00dfenbereich\" class=\"blog-pic\">\n                                    <img decoding=\"async\" src=\"https:\/\/www.holectron.com\/wp-content\/uploads\/Atlantis-TOP-TW2-thumb.png\" title=\"Atlantis-TOP-TW2-thumb\" alt=\"\" class=\"img-responsive\">\n                                <\/a>\n                                <div class=\"related-desc\">\n                                    <a class=\"related-title\" href=\"https:\/\/www.holectron.com\/de\/produkte\/flexibel-im-freien\/flexible-led-streifen-fuer-den-aussenbereich\/atlantis-top-g1-weiss-tw-rgb\/atlantis-top-g1-tunable-white-flexible-nichia-led-linien-fuer-den-aussenbereich\/\" title=\"Atlantis Top G1 Tunable White &#8211; Flexible NICHIA LED-Linien f\u00fcr den Au\u00dfenbereich\">\n\t\t\t\t\t\t\t\t\t\t\t<strong>Atlantis Top G1<\/strong>Abstimmbares Wei\u00df, Nichia                                    <\/a>\n                                <\/div>\n                                <div class=\"related-spec\">\n                                    <a class=\"related-title\" href=\"https:\/\/www.holectron.com\/de\/produkte\/flexibel-im-freien\/flexible-led-streifen-fuer-den-aussenbereich\/atlantis-top-g1-weiss-tw-rgb\/atlantis-top-g1-tunable-white-flexible-nichia-led-linien-fuer-den-aussenbereich\/\" title=\"Atlantis Top G1 Tunable White &#8211; Flexible NICHIA LED-Linien f\u00fcr den Au\u00dfenbereich\">\n                                            <br><br>                                    <\/a>\n                                <\/div>\n                            <\/div>\n                        <\/div>\n                                            <div class=\"col-md-3 col-sm-4 col-xs-6 products-category-item\"> \n                            <div class=\"related-item\" onclick=\"location.href='https:\/\/www.holectron.com\/de\/produkte\/flexibel-im-freien\/flexible-led-streifen-fuer-den-aussenbereich\/atlantis-top-g1-weiss-tw-rgb\/atlantis-top-g1-rgb-flexible-nichia-led-linien-fuer-den-aussenbereich\/'\" title=\"Atlantis Top G1 RGB &#8211; Flexible NICHIA LED-Linien f\u00fcr den Au\u00dfenbereich\">\n                                                                <a href=\"https:\/\/www.holectron.com\/de\/produkte\/flexibel-im-freien\/flexible-led-streifen-fuer-den-aussenbereich\/atlantis-top-g1-weiss-tw-rgb\/atlantis-top-g1-rgb-flexible-nichia-led-linien-fuer-den-aussenbereich\/\" title=\"Atlantis Top G1 RGB &#8211; Flexible NICHIA LED-Linien f\u00fcr den Au\u00dfenbereich\" class=\"blog-pic\">\n                                    <img decoding=\"async\" src=\"https:\/\/www.holectron.com\/wp-content\/uploads\/Atlantis-TOP-RGB-thumb.png\" title=\"Atlantis-TOP-RGB-thumb\" alt=\"\" class=\"img-responsive\">\n                                <\/a>\n                                <div class=\"related-desc\">\n                                    <a class=\"related-title\" href=\"https:\/\/www.holectron.com\/de\/produkte\/flexibel-im-freien\/flexible-led-streifen-fuer-den-aussenbereich\/atlantis-top-g1-weiss-tw-rgb\/atlantis-top-g1-rgb-flexible-nichia-led-linien-fuer-den-aussenbereich\/\" title=\"Atlantis Top G1 RGB &#8211; Flexible NICHIA LED-Linien f\u00fcr den Au\u00dfenbereich\">\n\t\t\t\t\t\t\t\t\t\t\t<strong>Atlantis Top G1<\/strong>RGB, Nichia                                    <\/a>\n                                <\/div>\n                                <div class=\"related-spec\">\n                                    <a class=\"related-title\" href=\"https:\/\/www.holectron.com\/de\/produkte\/flexibel-im-freien\/flexible-led-streifen-fuer-den-aussenbereich\/atlantis-top-g1-weiss-tw-rgb\/atlantis-top-g1-rgb-flexible-nichia-led-linien-fuer-den-aussenbereich\/\" title=\"Atlantis Top G1 RGB &#8211; Flexible NICHIA LED-Linien f\u00fcr den Au\u00dfenbereich\">\n                                            <br><br>                                    <\/a>\n                                <\/div>\n                            <\/div>\n                        <\/div>\n                                    <\/div>\n                                <div style=\"display:block;height:30px;\"><\/div>\n            <\/div>\n        <\/div>\n\n        <p>  [\/vc_column_text][\/vc_column][\/vc_row]<\/p>\n<\/div>","protected":false},"excerpt":{"rendered":"<p>[vc_row][vc_column][vc_column_text] [\/vc_column_text][\/vc_column][\/vc_row]<\/p>\n","protected":false},"author":15,"featured_media":124597,"parent":124558,"menu_order":0,"comment_status":"closed","ping_status":"closed","template":"tpl-product-simple.php","meta":{"footnotes":""},"related":[],"filter":[342,383,344,361,346,350,356,348,384,376,385,351,355,345,359],"acf":[],"aioseo_notices":[],"_links":{"self":[{"href":"https:\/\/www.holectron.com\/de\/wp-json\/wp\/v2\/pages\/124596"}],"collection":[{"href":"https:\/\/www.holectron.com\/de\/wp-json\/wp\/v2\/pages"}],"about":[{"href":"https:\/\/www.holectron.com\/de\/wp-json\/wp\/v2\/types\/page"}],"author":[{"embeddable":true,"href":"https:\/\/www.holectron.com\/de\/wp-json\/wp\/v2\/users\/15"}],"replies":[{"embeddable":true,"href":"https:\/\/www.holectron.com\/de\/wp-json\/wp\/v2\/comments?post=124596"}],"version-history":[{"count":0,"href":"https:\/\/www.holectron.com\/de\/wp-json\/wp\/v2\/pages\/124596\/revisions"}],"up":[{"embeddable":true,"href":"https:\/\/www.holectron.com\/de\/wp-json\/wp\/v2\/pages\/124558"}],"wp:featuredmedia":[{"embeddable":true,"href":"https:\/\/www.holectron.com\/de\/wp-json\/wp\/v2\/media\/124597"}],"wp:attachment":[{"href":"https:\/\/www.holectron.com\/de\/wp-json\/wp\/v2\/media?parent=124596"}],"wp:term":[{"taxonomy":"related","embeddable":true,"href":"https:\/\/www.holectron.com\/de\/wp-json\/wp\/v2\/related?post=124596"},{"taxonomy":"filter","embeddable":true,"href":"https:\/\/www.holectron.com\/de\/wp-json\/wp\/v2\/filter?post=124596"}],"curies":[{"name":"wp","href":"https:\/\/api.w.org\/{rel}","templated":true}]}}