{"id":124591,"date":"2021-03-03T17:08:06","date_gmt":"2021-03-03T15:08:06","guid":{"rendered":"https:\/\/www.holectron.com\/produkte\/flexibel-im-freien\/flexible-led-streifen-fuer-den-aussenbereich\/aqua-weiss-abstimmbares-weiss-rgb-rgbw\/aqua-rgb-flexible-led-lichtstreifen-fuer-den-aussenbereich\/"},"modified":"2026-03-02T15:51:09","modified_gmt":"2026-03-02T13:51:09","slug":"aqua-rgb-flexible-led-lichtstreifen-fuer-den-aussenbereich","status":"publish","type":"page","link":"https:\/\/www.holectron.com\/de\/produkte\/flexibel-im-freien\/flexible-led-streifen-fuer-den-aussenbereich\/aqua-weiss-abstimmbares-weiss-rgb-rgbw\/aqua-rgb-flexible-led-lichtstreifen-fuer-den-aussenbereich\/","title":{"rendered":"Aqua RGB Flexible LED-Lichtstreifen f\u00fcr den Au\u00dfenbereich"},"content":{"rendered":"<div class=\"wpb-content-wrapper\"><p>[vc_row gap=&#8220;30&#8243;][vc_column][vc_column_text]AQUA RGB flexible, wasserdichte, farbenfrohe LED-Streifen wurden f\u00fcr langfristige, professionelle Beleuchtungsanwendungen entwickelt und eignen sich perfekt f\u00fcr lineare LED-Dekoration im Au\u00dfenbereich, Voutenbeleuchtung, gebogene Anwendungen, Kantenbeleuchtung und viele weitere Anwendungen.<\/p>\n<p>Unsere wasserdichten, IP67-zertifizierten, flexiblen LED-Lichtleisten werden nur aus den hochwertigsten Materialien, NICHIA LEDs und einem Stromstabilisierungssystem im Inneren hergestellt. Das Geh\u00e4use zieht weder Staub noch Schmutz an, ist leicht zu reinigen und vollst\u00e4ndig UV-best\u00e4ndig sowie salz- und l\u00f6sungsmittelbest\u00e4ndig. <\/p>\n<p>Die geringe Gr\u00f6\u00dfe und der kleine Biegeradius in Kombination mit einem robusten Design machen sie zu einer zuverl\u00e4ssigen und vielseitigen langfristigen Wahl f\u00fcr kreative Au\u00dfenbeleuchtung.<\/p>\n<p>Dieses flexible NICHIA LED-Lichtband f\u00fcr den Au\u00dfenbereich (IP67) ist mit 3 Step MacAdam oder Single Bin LEDs erh\u00e4ltlich.<br \/>\n[\/vc_column_text][vc_single_image source=&#8220;external_link&#8220; external_img_size=&#8220;440&#215;33&#8243; custom_src=&#8220;https:\/\/www.holectron.com\/wp-content\/uploads\/featured-ip67-c-1.svg&#8220;][\/vc_column][\/vc_row]<\/p>\n<\/div>","protected":false},"excerpt":{"rendered":"<p>[vc_row gap=&#8220;30&#8243;][vc_column][vc_column_text]AQUA RGB flexible, wasserdichte, farbenfrohe LED-Streifen wurden f\u00fcr langfristige, professionelle Beleuchtungsanwendungen entwickelt und eignen sich perfekt f\u00fcr lineare LED-Dekoration im Au\u00dfenbereich, Voutenbeleuchtung, gebogene Anwendungen, Kantenbeleuchtung und viele weitere Anwendungen. Unsere wasserdichten, IP67-zertifizierten, flexiblen LED-Lichtleisten werden nur aus den hochwertigsten Materialien, NICHIA LEDs und einem Stromstabilisierungssystem im Inneren hergestellt. Das Geh\u00e4use zieht weder Staub noch [&hellip;]<\/p>\n","protected":false},"author":15,"featured_media":124593,"parent":124573,"menu_order":2,"comment_status":"closed","ping_status":"closed","template":"tpl-product-led.php","meta":{"footnotes":""},"related":[121],"filter":[342,383,344,361,359],"acf":[],"aioseo_notices":[],"_links":{"self":[{"href":"https:\/\/www.holectron.com\/de\/wp-json\/wp\/v2\/pages\/124591"}],"collection":[{"href":"https:\/\/www.holectron.com\/de\/wp-json\/wp\/v2\/pages"}],"about":[{"href":"https:\/\/www.holectron.com\/de\/wp-json\/wp\/v2\/types\/page"}],"author":[{"embeddable":true,"href":"https:\/\/www.holectron.com\/de\/wp-json\/wp\/v2\/users\/15"}],"replies":[{"embeddable":true,"href":"https:\/\/www.holectron.com\/de\/wp-json\/wp\/v2\/comments?post=124591"}],"version-history":[{"count":0,"href":"https:\/\/www.holectron.com\/de\/wp-json\/wp\/v2\/pages\/124591\/revisions"}],"up":[{"embeddable":true,"href":"https:\/\/www.holectron.com\/de\/wp-json\/wp\/v2\/pages\/124573"}],"wp:featuredmedia":[{"embeddable":true,"href":"https:\/\/www.holectron.com\/de\/wp-json\/wp\/v2\/media\/124593"}],"wp:attachment":[{"href":"https:\/\/www.holectron.com\/de\/wp-json\/wp\/v2\/media?parent=124591"}],"wp:term":[{"taxonomy":"related","embeddable":true,"href":"https:\/\/www.holectron.com\/de\/wp-json\/wp\/v2\/related?post=124591"},{"taxonomy":"filter","embeddable":true,"href":"https:\/\/www.holectron.com\/de\/wp-json\/wp\/v2\/filter?post=124591"}],"curies":[{"name":"wp","href":"https:\/\/api.w.org\/{rel}","templated":true}]}}