{"id":124583,"date":"2022-07-21T15:12:36","date_gmt":"2022-07-21T13:12:36","guid":{"rendered":"https:\/\/www.holectron.com\/atlantis-side-g1-rgb-flexible-nichia-led-linien-fuer-den-aussenbereich\/"},"modified":"2026-03-02T15:46:50","modified_gmt":"2026-03-02T13:46:50","slug":"atlantis-side-g1-rgb-flexible-nichia-led-linien-fuer-den-aussenbereich","status":"publish","type":"page","link":"https:\/\/www.holectron.com\/de\/produkte\/flexibel-im-freien\/flexible-led-streifen-fuer-den-aussenbereich\/atlantis-side-g1-weiss-tw-rgb\/atlantis-side-g1-rgb-flexible-nichia-led-linien-fuer-den-aussenbereich\/","title":{"rendered":"Atlantis Side G1 RGB &#8211; Flexible NICHIA LED-Linien f\u00fcr den Au\u00dfenbereich"},"content":{"rendered":"<div class=\"wpb-content-wrapper\"><p>[vc_row gap=&#8220;30&#8243;][vc_column][vc_column_text]Unsere biegsamen IP67-LED-Linien Atlantis Side RGB wurden f\u00fcr Au\u00dfenbeleuchtungsprojekte entwickelt, die eine kreative und flexible Beleuchtungsl\u00f6sung ben\u00f6tigen.<\/p>\n<p>Mit seinem flexiblen Polyurethan-Geh\u00e4use kann sich der Atlantis an die organische Geometrie von Geb\u00e4udefassaden und Strukturen anpassen und gleichzeitig eine gleichm\u00e4\u00dfige Lichtwirkung gew\u00e4hrleisten.<\/p>\n<p>Diese hochwertigen LED-Streifen sind vollst\u00e4ndig gekapselt und vor den Elementen gesch\u00fctzt. Sie sind f\u00fcr langfristige professionelle Anwendungen konzipiert.<br \/>\n[\/vc_column_text][vc_single_image source=&#8220;external_link&#8220; external_img_size=&#8220;440&#215;33&#8243; custom_src=&#8220;https:\/\/www.holectron.com\/wp-content\/uploads\/featured-ip67-c-1.svg&#8220;][\/vc_column][\/vc_row]<\/p>\n<\/div>","protected":false},"excerpt":{"rendered":"<p>[vc_row gap=&#8220;30&#8243;][vc_column][vc_column_text]Unsere biegsamen IP67-LED-Linien Atlantis Side RGB wurden f\u00fcr Au\u00dfenbeleuchtungsprojekte entwickelt, die eine kreative und flexible Beleuchtungsl\u00f6sung ben\u00f6tigen. Mit seinem flexiblen Polyurethan-Geh\u00e4use kann sich der Atlantis an die organische Geometrie von Geb\u00e4udefassaden und Strukturen anpassen und gleichzeitig eine gleichm\u00e4\u00dfige Lichtwirkung gew\u00e4hrleisten. Diese hochwertigen LED-Streifen sind vollst\u00e4ndig gekapselt und vor den Elementen gesch\u00fctzt. Sie sind f\u00fcr [&hellip;]<\/p>\n","protected":false},"author":16,"featured_media":124584,"parent":124589,"menu_order":2,"comment_status":"closed","ping_status":"closed","template":"tpl-product-led.php","meta":{"footnotes":""},"related":[],"filter":[],"acf":[],"aioseo_notices":[],"_links":{"self":[{"href":"https:\/\/www.holectron.com\/de\/wp-json\/wp\/v2\/pages\/124583"}],"collection":[{"href":"https:\/\/www.holectron.com\/de\/wp-json\/wp\/v2\/pages"}],"about":[{"href":"https:\/\/www.holectron.com\/de\/wp-json\/wp\/v2\/types\/page"}],"author":[{"embeddable":true,"href":"https:\/\/www.holectron.com\/de\/wp-json\/wp\/v2\/users\/16"}],"replies":[{"embeddable":true,"href":"https:\/\/www.holectron.com\/de\/wp-json\/wp\/v2\/comments?post=124583"}],"version-history":[{"count":0,"href":"https:\/\/www.holectron.com\/de\/wp-json\/wp\/v2\/pages\/124583\/revisions"}],"up":[{"embeddable":true,"href":"https:\/\/www.holectron.com\/de\/wp-json\/wp\/v2\/pages\/124589"}],"wp:featuredmedia":[{"embeddable":true,"href":"https:\/\/www.holectron.com\/de\/wp-json\/wp\/v2\/media\/124584"}],"wp:attachment":[{"href":"https:\/\/www.holectron.com\/de\/wp-json\/wp\/v2\/media?parent=124583"}],"wp:term":[{"taxonomy":"related","embeddable":true,"href":"https:\/\/www.holectron.com\/de\/wp-json\/wp\/v2\/related?post=124583"},{"taxonomy":"filter","embeddable":true,"href":"https:\/\/www.holectron.com\/de\/wp-json\/wp\/v2\/filter?post=124583"}],"curies":[{"name":"wp","href":"https:\/\/api.w.org\/{rel}","templated":true}]}}