{"id":124573,"date":"2023-01-04T15:02:07","date_gmt":"2023-01-04T13:02:07","guid":{"rendered":"https:\/\/www.holectron.com\/produkte\/flexibel-im-freien\/flexible-led-streifen-fuer-den-aussenbereich\/aqua-weiss-abstimmbares-weiss-rgb-rgbw\/"},"modified":"2026-02-25T15:22:15","modified_gmt":"2026-02-25T13:22:15","slug":"aqua-weiss-abstimmbares-weiss-rgb-rgbw","status":"publish","type":"page","link":"https:\/\/www.holectron.com\/de\/produkte\/flexibel-im-freien\/flexible-led-streifen-fuer-den-aussenbereich\/aqua-weiss-abstimmbares-weiss-rgb-rgbw\/","title":{"rendered":"Aqua &#8211; Wei\u00df, Abstimmbares Wei\u00df, RGB, RGBW"},"content":{"rendered":"<div class=\"wpb-content-wrapper\"><p>[vc_row][vc_column][vc_column_text]<\/p>\n        <div id=\"products-content\" class=\"row tntnt\">\n            <div class=\"col-md-12\">\n\n                                      \n                <div class=\"row\">\n                                            <div class=\"col-md-3 col-sm-4 col-xs-6 products-category-item\"> \n                            <div class=\"related-item\" onclick=\"location.href='https:\/\/www.holectron.com\/de\/produkte\/flexibel-im-freien\/flexible-led-streifen-fuer-den-aussenbereich\/aqua-weiss-abstimmbares-weiss-rgb-rgbw\/aqua-white-flexible-led-lichtstreifen-fuer-den-aussenbereich\/'\" title=\"Aqua White &#8211; Flexible LED-Lichtstreifen f\u00fcr den Au\u00dfenbereich\">\n                                                                <a href=\"https:\/\/www.holectron.com\/de\/produkte\/flexibel-im-freien\/flexible-led-streifen-fuer-den-aussenbereich\/aqua-weiss-abstimmbares-weiss-rgb-rgbw\/aqua-white-flexible-led-lichtstreifen-fuer-den-aussenbereich\/\" title=\"Aqua White &#8211; Flexible LED-Lichtstreifen f\u00fcr den Au\u00dfenbereich\" class=\"blog-pic\">\n                                    <img decoding=\"async\" src=\"https:\/\/www.holectron.com\/wp-content\/uploads\/aq-white-48V-th4.jpg\" title=\"aq-white-48V-th4\" alt=\"\" class=\"img-responsive\">\n                                <\/a>\n                                <div class=\"related-desc\">\n                                    <a class=\"related-title\" href=\"https:\/\/www.holectron.com\/de\/produkte\/flexibel-im-freien\/flexible-led-streifen-fuer-den-aussenbereich\/aqua-weiss-abstimmbares-weiss-rgb-rgbw\/aqua-white-flexible-led-lichtstreifen-fuer-den-aussenbereich\/\" title=\"Aqua White &#8211; Flexible LED-Lichtstreifen f\u00fcr den Au\u00dfenbereich\">\n\t\t\t\t\t\t\t\t\t\t\t<strong>Aqua &#8211; 24V \/ 48V<\/strong>Wei\u00df                                    <\/a>\n                                <\/div>\n                                <div class=\"related-spec\">\n                                    <a class=\"related-title\" href=\"https:\/\/www.holectron.com\/de\/produkte\/flexibel-im-freien\/flexible-led-streifen-fuer-den-aussenbereich\/aqua-weiss-abstimmbares-weiss-rgb-rgbw\/aqua-white-flexible-led-lichtstreifen-fuer-den-aussenbereich\/\" title=\"Aqua White &#8211; Flexible LED-Lichtstreifen f\u00fcr den Au\u00dfenbereich\">\n                                            <br><br>                                    <\/a>\n                                <\/div>\n                            <\/div>\n                        <\/div>\n                                            <div class=\"col-md-3 col-sm-4 col-xs-6 products-category-item\"> \n                            <div class=\"related-item\" onclick=\"location.href='https:\/\/www.holectron.com\/de\/produkte\/flexibel-im-freien\/flexible-led-streifen-fuer-den-aussenbereich\/aqua-weiss-abstimmbares-weiss-rgb-rgbw\/aqua-tunable-white-outdoor-flexible-led-lichtstreifen\/'\" title=\"Aqua Tunable White Outdoor Flexible LED-Lichtstreifen\">\n                                                                <a href=\"https:\/\/www.holectron.com\/de\/produkte\/flexibel-im-freien\/flexible-led-streifen-fuer-den-aussenbereich\/aqua-weiss-abstimmbares-weiss-rgb-rgbw\/aqua-tunable-white-outdoor-flexible-led-lichtstreifen\/\" title=\"Aqua Tunable White Outdoor Flexible LED-Lichtstreifen\" class=\"blog-pic\">\n                                    <img decoding=\"async\" src=\"https:\/\/www.holectron.com\/wp-content\/uploads\/Aqua-TW-56-thumb.png\" title=\"Aqua-TW-56-thumb\" alt=\"\" class=\"img-responsive\">\n                                <\/a>\n                                <div class=\"related-desc\">\n                                    <a class=\"related-title\" href=\"https:\/\/www.holectron.com\/de\/produkte\/flexibel-im-freien\/flexible-led-streifen-fuer-den-aussenbereich\/aqua-weiss-abstimmbares-weiss-rgb-rgbw\/aqua-tunable-white-outdoor-flexible-led-lichtstreifen\/\" title=\"Aqua Tunable White Outdoor Flexible LED-Lichtstreifen\">\n\t\t\t\t\t\t\t\t\t\t\t<strong>Aqua<\/strong>Abstimmbares Wei\u00df                                    <\/a>\n                                <\/div>\n                                <div class=\"related-spec\">\n                                    <a class=\"related-title\" href=\"https:\/\/www.holectron.com\/de\/produkte\/flexibel-im-freien\/flexible-led-streifen-fuer-den-aussenbereich\/aqua-weiss-abstimmbares-weiss-rgb-rgbw\/aqua-tunable-white-outdoor-flexible-led-lichtstreifen\/\" title=\"Aqua Tunable White Outdoor Flexible LED-Lichtstreifen\">\n                                            <br><br>                                    <\/a>\n                                <\/div>\n                            <\/div>\n                        <\/div>\n                                            <div class=\"col-md-3 col-sm-4 col-xs-6 products-category-item\"> \n                            <div class=\"related-item\" onclick=\"location.href='https:\/\/www.holectron.com\/de\/produkte\/flexibel-im-freien\/flexible-led-streifen-fuer-den-aussenbereich\/aqua-weiss-abstimmbares-weiss-rgb-rgbw\/aqua-rgb-flexible-led-lichtstreifen-fuer-den-aussenbereich\/'\" title=\"Aqua RGB Flexible LED-Lichtstreifen f\u00fcr den Au\u00dfenbereich\">\n                                                                <a href=\"https:\/\/www.holectron.com\/de\/produkte\/flexibel-im-freien\/flexible-led-streifen-fuer-den-aussenbereich\/aqua-weiss-abstimmbares-weiss-rgb-rgbw\/aqua-rgb-flexible-led-lichtstreifen-fuer-den-aussenbereich\/\" title=\"Aqua RGB Flexible LED-Lichtstreifen f\u00fcr den Au\u00dfenbereich\" class=\"blog-pic\">\n                                    <img decoding=\"async\" src=\"https:\/\/www.holectron.com\/wp-content\/uploads\/Aqua-RGB-48-thumb.png\" title=\"Aqua-RGB-48-thumb\" alt=\"\" class=\"img-responsive\">\n                                <\/a>\n                                <div class=\"related-desc\">\n                                    <a class=\"related-title\" href=\"https:\/\/www.holectron.com\/de\/produkte\/flexibel-im-freien\/flexible-led-streifen-fuer-den-aussenbereich\/aqua-weiss-abstimmbares-weiss-rgb-rgbw\/aqua-rgb-flexible-led-lichtstreifen-fuer-den-aussenbereich\/\" title=\"Aqua RGB Flexible LED-Lichtstreifen f\u00fcr den Au\u00dfenbereich\">\n\t\t\t\t\t\t\t\t\t\t\t<strong>Aqua<\/strong>RGB                                    <\/a>\n                                <\/div>\n                                <div class=\"related-spec\">\n                                    <a class=\"related-title\" href=\"https:\/\/www.holectron.com\/de\/produkte\/flexibel-im-freien\/flexible-led-streifen-fuer-den-aussenbereich\/aqua-weiss-abstimmbares-weiss-rgb-rgbw\/aqua-rgb-flexible-led-lichtstreifen-fuer-den-aussenbereich\/\" title=\"Aqua RGB Flexible LED-Lichtstreifen f\u00fcr den Au\u00dfenbereich\">\n                                            <br><br>                                    <\/a>\n                                <\/div>\n                            <\/div>\n                        <\/div>\n                                            <div class=\"col-md-3 col-sm-4 col-xs-6 products-category-item\"> \n                            <div class=\"related-item\" onclick=\"location.href='https:\/\/www.holectron.com\/de\/produkte\/flexibel-im-freien\/flexible-led-streifen-fuer-den-aussenbereich\/aqua-weiss-abstimmbares-weiss-rgb-rgbw\/aqua-rgbweiss-flexible-led-lichtstreifen-fuer-den-aussenbereich\/'\" title=\"Aqua RGB+Wei\u00df Flexible LED-Lichtstreifen f\u00fcr den Au\u00dfenbereich\">\n                                                                <a href=\"https:\/\/www.holectron.com\/de\/produkte\/flexibel-im-freien\/flexible-led-streifen-fuer-den-aussenbereich\/aqua-weiss-abstimmbares-weiss-rgb-rgbw\/aqua-rgbweiss-flexible-led-lichtstreifen-fuer-den-aussenbereich\/\" title=\"Aqua RGB+Wei\u00df Flexible LED-Lichtstreifen f\u00fcr den Au\u00dfenbereich\" class=\"blog-pic\">\n                                    <img decoding=\"async\" src=\"https:\/\/www.holectron.com\/wp-content\/uploads\/Aqua-RGBW-thumb.png\" title=\"Aqua-RGBW-thumb\" alt=\"\" class=\"img-responsive\">\n                                <\/a>\n                                <div class=\"related-desc\">\n                                    <a class=\"related-title\" href=\"https:\/\/www.holectron.com\/de\/produkte\/flexibel-im-freien\/flexible-led-streifen-fuer-den-aussenbereich\/aqua-weiss-abstimmbares-weiss-rgb-rgbw\/aqua-rgbweiss-flexible-led-lichtstreifen-fuer-den-aussenbereich\/\" title=\"Aqua RGB+Wei\u00df Flexible LED-Lichtstreifen f\u00fcr den Au\u00dfenbereich\">\n\t\t\t\t\t\t\t\t\t\t\t<strong>Aqua<\/strong>RGB+Wei\u00df                                    <\/a>\n                                <\/div>\n                                <div class=\"related-spec\">\n                                    <a class=\"related-title\" href=\"https:\/\/www.holectron.com\/de\/produkte\/flexibel-im-freien\/flexible-led-streifen-fuer-den-aussenbereich\/aqua-weiss-abstimmbares-weiss-rgb-rgbw\/aqua-rgbweiss-flexible-led-lichtstreifen-fuer-den-aussenbereich\/\" title=\"Aqua RGB+Wei\u00df Flexible LED-Lichtstreifen f\u00fcr den Au\u00dfenbereich\">\n                                            <br><br>                                    <\/a>\n                                <\/div>\n                            <\/div>\n                        <\/div>\n                                    <\/div>\n                                <div style=\"display:block;height:30px;\"><\/div>\n            <\/div>\n        <\/div>\n\n        <p>  [\/vc_column_text][\/vc_column][\/vc_row]<\/p>\n<\/div>","protected":false},"excerpt":{"rendered":"<p>[vc_row][vc_column][vc_column_text] [\/vc_column_text][\/vc_column][\/vc_row]<\/p>\n","protected":false},"author":15,"featured_media":124580,"parent":124558,"menu_order":2,"comment_status":"closed","ping_status":"closed","template":"tpl-product-simple.php","meta":{"footnotes":""},"related":[],"filter":[342,383,344,361,346,350,356,348,349,384,385,351,355,352,345,359,358],"acf":[],"aioseo_notices":[],"_links":{"self":[{"href":"https:\/\/www.holectron.com\/de\/wp-json\/wp\/v2\/pages\/124573"}],"collection":[{"href":"https:\/\/www.holectron.com\/de\/wp-json\/wp\/v2\/pages"}],"about":[{"href":"https:\/\/www.holectron.com\/de\/wp-json\/wp\/v2\/types\/page"}],"author":[{"embeddable":true,"href":"https:\/\/www.holectron.com\/de\/wp-json\/wp\/v2\/users\/15"}],"replies":[{"embeddable":true,"href":"https:\/\/www.holectron.com\/de\/wp-json\/wp\/v2\/comments?post=124573"}],"version-history":[{"count":0,"href":"https:\/\/www.holectron.com\/de\/wp-json\/wp\/v2\/pages\/124573\/revisions"}],"up":[{"embeddable":true,"href":"https:\/\/www.holectron.com\/de\/wp-json\/wp\/v2\/pages\/124558"}],"wp:featuredmedia":[{"embeddable":true,"href":"https:\/\/www.holectron.com\/de\/wp-json\/wp\/v2\/media\/124580"}],"wp:attachment":[{"href":"https:\/\/www.holectron.com\/de\/wp-json\/wp\/v2\/media?parent=124573"}],"wp:term":[{"taxonomy":"related","embeddable":true,"href":"https:\/\/www.holectron.com\/de\/wp-json\/wp\/v2\/related?post=124573"},{"taxonomy":"filter","embeddable":true,"href":"https:\/\/www.holectron.com\/de\/wp-json\/wp\/v2\/filter?post=124573"}],"curies":[{"name":"wp","href":"https:\/\/api.w.org\/{rel}","templated":true}]}}