{"id":124563,"date":"2021-03-18T10:58:43","date_gmt":"2021-03-18T08:58:43","guid":{"rendered":"https:\/\/www.holectron.com\/aqua-rgbweiss-flexible-led-lichtstreifen-fuer-den-aussenbereich\/"},"modified":"2026-03-02T15:52:51","modified_gmt":"2026-03-02T13:52:51","slug":"aqua-rgbweiss-flexible-led-lichtstreifen-fuer-den-aussenbereich","status":"publish","type":"page","link":"https:\/\/www.holectron.com\/de\/produkte\/flexibel-im-freien\/flexible-led-streifen-fuer-den-aussenbereich\/aqua-weiss-abstimmbares-weiss-rgb-rgbw\/aqua-rgbweiss-flexible-led-lichtstreifen-fuer-den-aussenbereich\/","title":{"rendered":"Aqua RGB+Wei\u00df Flexible LED-Lichtstreifen f\u00fcr den Au\u00dfenbereich"},"content":{"rendered":"<div class=\"wpb-content-wrapper\"><p>[vc_row gap=&#8220;30&#8243;][vc_column width=&#8220;1\/2&#8243;][vc_video link=&#8220;https:\/\/www.youtube.com\/watch?v=4LNo2qFXdKg&#8220;][\/vc_column][vc_column width=&#8220;1\/2&#8243;][vc_column_text]AQUA RGB+White flexible, wasserdichte, bunte LED-Streifen wurden f\u00fcr langfristige professionelle Beleuchtungsanwendungen entwickelt und eignen sich perfekt f\u00fcr lineare LED-Dekoration im Au\u00dfenbereich, Voutenbeleuchtung, gebogene Anwendungen, Kantenbeleuchtung und viele weitere Anwendungen.<\/p>\n<p>Unsere wasserdichten, IP67-zertifizierten, flexiblen LED-Lichtleisten werden nur aus den hochwertigsten Materialien, NICHIA LEDs und einem Stromstabilisierungssystem im Inneren hergestellt. Das Geh\u00e4use zieht weder Staub noch Schmutz an, ist leicht zu reinigen und vollst\u00e4ndig UV-best\u00e4ndig sowie salz- und l\u00f6sungsmittelbest\u00e4ndig. <\/p>\n<p>Die geringe Gr\u00f6\u00dfe und der kleine Biegeradius in Kombination mit dem robusten Design machen sie zu einer zuverl\u00e4ssigen und vielseitigen langfristigen Wahl f\u00fcr kreative Au\u00dfenbeleuchtung.<\/p>\n<p>Dieses flexible NICHIA LED-Lichtband f\u00fcr den Au\u00dfenbereich (IP67) ist mit 3 Step MacAdam oder Single Bin LEDs erh\u00e4ltlich.<br \/>\n[\/vc_column_text][vc_single_image source=&#8220;external_link&#8220; external_img_size=&#8220;440&#215;33&#8243; custom_src=&#8220;https:\/\/www.holectron.com\/wp-content\/uploads\/featured-ip67-c-1.svg&#8220;][\/vc_column][\/vc_row][vc_row][vc_column][vc_empty_space height=&#8220;40&#8243;][vc_column_text]<\/p>\n<h2>Inspiration<\/h2>\n<p>[\/vc_column_text][\/vc_column][\/vc_row][vc_row gap=&#8220;30&#8243;][vc_column width=&#8220;1\/2&#8243;][vc_single_image image=&#8220;56615&#8243; img_size=&#8220;680&#215;400&#8243;][\/vc_column][vc_column width=&#8220;1\/2&#8243;][vc_column_text]<\/p>\n<h2>Beleuchtung der Br\u00fccke<\/h2>\n<p>&nbsp;<\/p>\n<p>Der kompakte Formfaktor, die hohe Strapazierf\u00e4higkeit und die einfache Installation machen die Arbeit mit Aqua einfach. Ein leistungsf\u00e4higer IP67 LED-Streifen f\u00fcr jedes Wetter. <\/p>\n<p><strong>Produktspezifikationen:<\/strong> Aqua FL-56-14\/N4-850[\/vc_column_text][\/vc_column][\/vc_row][vc_row][vc_column][vc_empty_space height=&#8220;40&#8243;][\/vc_column][\/vc_row][vc_row gap=&#8220;30&#8243;][vc_column width=&#8220;1\/2&#8243;][vc_column_text]<\/p>\n<h2>Hintergrundbeleuchtung<\/h2>\n<p>&nbsp;<\/p>\n<p>Das mit Aqua LED-Streifen hinterleuchtete Automobildisplay zieht die Blicke auf sich, da es scheinbar Zentimeter \u00fcber dem Boden schwebt.<\/p>\n<p><strong>Produktspezifikationen:<\/strong> Aqua RGBW 14W 940 \/ Aqua RGB 11W[\/vc_column_text][\/vc_column][vc_column width=&#8220;1\/2&#8243;][vc_single_image image=&#8220;56241&#8243; img_size=&#8220;680&#215;400&#8243;][\/vc_column][\/vc_row][vc_row][vc_column][vc_empty_space height=&#8220;40&#8243;][\/vc_column][\/vc_row][vc_row gap=&#8220;30&#8243;][vc_column width=&#8220;1\/2&#8243;][vc_single_image image=&#8220;56621&#8243; img_size=&#8220;680&#215;400&#8243;][\/vc_column][vc_column width=&#8220;1\/2&#8243;][vc_column_text]<\/p>\n<h2>Yacht Beleuchtung<\/h2>\n<p>&nbsp;<\/p>\n<p>Dekorative Schiffsbeleuchtung &#8211; flexibel und dynamisch. Vollst\u00e4ndig gekapselt, um die Feuchtigkeit fernzuhalten. <\/p>\n<p><strong>Produkt:<\/strong> Atlantis RGB \/ Aqua RGB[\/vc_column_text][\/vc_column][\/vc_row][vc_row][vc_column][vc_empty_space height=&#8220;40&#8243;][\/vc_column][\/vc_row][vc_row gap=&#8220;30&#8243;][vc_column width=&#8220;1\/2&#8243;][vc_column_text]<\/p>\n<h2>Beleuchtung der Fassade<\/h2>\n<p>&nbsp;<\/p>\n<p>Komplizierte Architektur erfordert eine ausdrucksstarke Beleuchtung. Mit den Aqua und Atlantis LED-Streifen ist das leicht zu erreichen, denn sie folgen jeder Kurve und Biegung. <\/p>\n<p><strong>Produkt:<\/strong> Aqua \/ Atlantis 827[\/vc_column_text][\/vc_column][vc_column width=&#8220;1\/2&#8243;][vc_single_image image=&#8220;56624&#8243; img_size=&#8220;680&#215;400&#8243; css=&#8220;&#8220; el_id=&#8220;1001&#8243;][\/vc_column][\/vc_row]<\/p>\n<\/div>","protected":false},"excerpt":{"rendered":"<p>[vc_row gap=&#8220;30&#8243;][vc_column width=&#8220;1\/2&#8243;][vc_video link=&#8220;https:\/\/www.youtube.com\/watch?v=4LNo2qFXdKg&#8220;][\/vc_column][vc_column width=&#8220;1\/2&#8243;][vc_column_text]AQUA RGB+White flexible, wasserdichte, bunte LED-Streifen wurden f\u00fcr langfristige professionelle Beleuchtungsanwendungen entwickelt und eignen sich perfekt f\u00fcr lineare LED-Dekoration im Au\u00dfenbereich, Voutenbeleuchtung, gebogene Anwendungen, Kantenbeleuchtung und viele weitere Anwendungen. Unsere wasserdichten, IP67-zertifizierten, flexiblen LED-Lichtleisten werden nur aus den hochwertigsten Materialien, NICHIA LEDs und einem Stromstabilisierungssystem im Inneren hergestellt. Das Geh\u00e4use zieht [&hellip;]<\/p>\n","protected":false},"author":15,"featured_media":124568,"parent":124573,"menu_order":3,"comment_status":"closed","ping_status":"closed","template":"tpl-product-led.php","meta":{"footnotes":""},"related":[121],"filter":[342,383,344,361,358],"acf":[],"aioseo_notices":[],"_links":{"self":[{"href":"https:\/\/www.holectron.com\/de\/wp-json\/wp\/v2\/pages\/124563"}],"collection":[{"href":"https:\/\/www.holectron.com\/de\/wp-json\/wp\/v2\/pages"}],"about":[{"href":"https:\/\/www.holectron.com\/de\/wp-json\/wp\/v2\/types\/page"}],"author":[{"embeddable":true,"href":"https:\/\/www.holectron.com\/de\/wp-json\/wp\/v2\/users\/15"}],"replies":[{"embeddable":true,"href":"https:\/\/www.holectron.com\/de\/wp-json\/wp\/v2\/comments?post=124563"}],"version-history":[{"count":0,"href":"https:\/\/www.holectron.com\/de\/wp-json\/wp\/v2\/pages\/124563\/revisions"}],"up":[{"embeddable":true,"href":"https:\/\/www.holectron.com\/de\/wp-json\/wp\/v2\/pages\/124573"}],"wp:featuredmedia":[{"embeddable":true,"href":"https:\/\/www.holectron.com\/de\/wp-json\/wp\/v2\/media\/124568"}],"wp:attachment":[{"href":"https:\/\/www.holectron.com\/de\/wp-json\/wp\/v2\/media?parent=124563"}],"wp:term":[{"taxonomy":"related","embeddable":true,"href":"https:\/\/www.holectron.com\/de\/wp-json\/wp\/v2\/related?post=124563"},{"taxonomy":"filter","embeddable":true,"href":"https:\/\/www.holectron.com\/de\/wp-json\/wp\/v2\/filter?post=124563"}],"curies":[{"name":"wp","href":"https:\/\/api.w.org\/{rel}","templated":true}]}}