{"id":124529,"date":"2017-05-10T09:59:28","date_gmt":"2017-05-10T07:59:28","guid":{"rendered":"https:\/\/www.holectron.com\/produkte\/flexibel-im-freien\/"},"modified":"2026-02-25T15:19:40","modified_gmt":"2026-02-25T13:19:40","slug":"flexibel-im-freien","status":"publish","type":"page","link":"https:\/\/www.holectron.com\/de\/produkte\/flexibel-im-freien\/","title":{"rendered":"Flexibel im Freien"},"content":{"rendered":"<div class=\"wpb-content-wrapper\"><p>[vc_row gap=&#8220;35&#8243;][vc_column][vc_column_text]Diese LED-Linie wurde speziell f\u00fcr professionelle dekorative Au\u00dfenbeleuchtungsanwendungen entwickelt. Sie hat die Schutzart IP67 und ist vollst\u00e4ndig gegen feste Partikel und Wasser gesch\u00fctzt. Die LED-Streifen f\u00fcr den Au\u00dfenbereich sind salz- und l\u00f6sungsmittelbest\u00e4ndig und vollst\u00e4ndig UV-resistent.  <\/p>\n<p>Diese flexible und robuste LED-Linie ist bei Beleuchtungsdesignern f\u00fcr dekorative und direkte Beleuchtung sowohl im Au\u00dfen- als auch im Innenbereich beliebt.[\/vc_column_text][vc_single_image source=&#8220;external_link&#8220; external_img_size=&#8220;340&#215;25&#8243; custom_src=&#8220;https:\/\/www.holectron.com\/wp-content\/uploads\/features-logos-w-h-a.svg&#8220;][\/vc_column][\/vc_row]<\/p>\n<\/div>","protected":false},"excerpt":{"rendered":"<p>[vc_row gap=&#8220;35&#8243;][vc_column][vc_column_text]Diese LED-Linie wurde speziell f\u00fcr professionelle dekorative Au\u00dfenbeleuchtungsanwendungen entwickelt. Sie hat die Schutzart IP67 und ist vollst\u00e4ndig gegen feste Partikel und Wasser gesch\u00fctzt. Die LED-Streifen f\u00fcr den Au\u00dfenbereich sind salz- und l\u00f6sungsmittelbest\u00e4ndig und vollst\u00e4ndig UV-resistent. Diese flexible und robuste LED-Linie ist bei Beleuchtungsdesignern f\u00fcr dekorative und direkte Beleuchtung sowohl im Au\u00dfen- als auch im [&hellip;]<\/p>\n","protected":false},"author":4,"featured_media":124557,"parent":122557,"menu_order":3,"comment_status":"closed","ping_status":"closed","template":"tpl-general-category.php","meta":{"footnotes":""},"related":[],"filter":[],"acf":[],"aioseo_notices":[],"_links":{"self":[{"href":"https:\/\/www.holectron.com\/de\/wp-json\/wp\/v2\/pages\/124529"}],"collection":[{"href":"https:\/\/www.holectron.com\/de\/wp-json\/wp\/v2\/pages"}],"about":[{"href":"https:\/\/www.holectron.com\/de\/wp-json\/wp\/v2\/types\/page"}],"author":[{"embeddable":true,"href":"https:\/\/www.holectron.com\/de\/wp-json\/wp\/v2\/users\/4"}],"replies":[{"embeddable":true,"href":"https:\/\/www.holectron.com\/de\/wp-json\/wp\/v2\/comments?post=124529"}],"version-history":[{"count":0,"href":"https:\/\/www.holectron.com\/de\/wp-json\/wp\/v2\/pages\/124529\/revisions"}],"up":[{"embeddable":true,"href":"https:\/\/www.holectron.com\/de\/wp-json\/wp\/v2\/pages\/122557"}],"wp:featuredmedia":[{"embeddable":true,"href":"https:\/\/www.holectron.com\/de\/wp-json\/wp\/v2\/media\/124557"}],"wp:attachment":[{"href":"https:\/\/www.holectron.com\/de\/wp-json\/wp\/v2\/media?parent=124529"}],"wp:term":[{"taxonomy":"related","embeddable":true,"href":"https:\/\/www.holectron.com\/de\/wp-json\/wp\/v2\/related?post=124529"},{"taxonomy":"filter","embeddable":true,"href":"https:\/\/www.holectron.com\/de\/wp-json\/wp\/v2\/filter?post=124529"}],"curies":[{"name":"wp","href":"https:\/\/api.w.org\/{rel}","templated":true}]}}