{"id":124052,"date":"2020-10-13T14:06:00","date_gmt":"2020-10-13T12:06:00","guid":{"rendered":"https:\/\/www.holectron.com\/produkte\/innenraum-profilbefestigungen\/vertieft\/a015x-halterung\/"},"modified":"2026-02-24T14:44:46","modified_gmt":"2026-02-24T12:44:46","slug":"a015x-halterung","status":"publish","type":"page","link":"https:\/\/www.holectron.com\/de\/produkte\/innenraum-profilbefestigungen\/vertieft\/a015x-halterung\/","title":{"rendered":"A015x Halterung"},"content":{"rendered":"<div class=\"wpb-content-wrapper\"><p>[vc_row gap=&#8220;35&#8243;][vc_column width=&#8220;1\/2&#8243;][vc_single_image image=&#8220;101591&#8243; img_size=&#8220;680&#215;400&#8243; css=&#8220;&#8220;][\/vc_column][vc_column width=&#8220;1\/2&#8243;][vc_column_text css=&#8220;&#8220;]A015x ist eine Einbauleuchte mit Flansch f\u00fcr punktlose Direktbeleuchtungsanwendungen. Sie bietet eine einfache Installation mit Federn in jeder Trockenbauwandst\u00e4rke und schafft eine saubere und nahtlose \u00c4sthetik. <\/p>\n<p>Nutzen Sie die Vorteile des gr\u00f6\u00dften CCT-Bereichs oder passen Sie die A015x mit abstimmbaren wei\u00dfen, RGB- und RGBW-LED-Streifen an, um eine atemberaubende Einbaubeleuchtung zu schaffen.[\/vc_column_text][vc_raw_html css=&#8220;&#8220;]PHN0eWxlPgouYnV0dG9uLW91dGxpbmUgewogIGRpc3BsYXk6IGlubGluZS1ibG9jazsKICB0ZXh0LWRlY29yYXRpb246IG5vbmU7CiAgZm9udC1zaXplOiAxOHB4OwogIGZvbnQtd2VpZ2h0OiA1MDA7CiAgY29sb3I6ICMzMzk5Y2M7CiAgYm9yZGVyOiAycHggc29saWQgIzMzOTljYzsKICBwYWRkaW5nOiAxMHB4IDI0cHg7CiAgYm9yZGVyLXJhZGl1czogOHB4OwogIGJhY2tncm91bmQtY29sb3I6IHRyYW5zcGFyZW50OwogIGJveC1zaXppbmc6IGJvcmRlci1ib3g7CiAgdHJhbnNpdGlvbjogYWxsIDAuM3MgZWFzZTsKICB0ZXh0LWFsaWduOiBjZW50ZXI7Cn0KLmJ1dHRvbi1vdXRsaW5lOmhvdmVyIHsKICBiYWNrZ3JvdW5kLWNvbG9yOiAjYzhlYWZhOwogIGNvbG9yOiAjMzM5OWNjOwp9Cjwvc3R5bGU+Cgo8YSBjbGFzcz0iYnV0dG9uLW91dGxpbmUiIGhyZWY9Imh0dHBzOi8vd3d3LmhvbGVjdHJvbi5jb20vd3AtY29udGVudC91cGxvYWRzL0EwMTV4LVNQRUNJRklDQVRJT04tU0hFRVQtUFJPRklMRS1GSVhUVVJFUy1IT0xFQ1RST04yMDI1LTA4LTAxLnBkZiIgdGFyZ2V0PSJfYmxhbmsiIHJlbD0ibm9vcGVuZXIiPgogIFNwZXppZmlrYXRpb25zYmxhdHQgIgo8L2E+Cg==[\/vc_raw_html][vc_single_image source=&#8220;external_link&#8220; external_img_size=&#8220;380&#215;33&#8243; css=&#8220;&#8220; custom_src=&#8220;https:\/\/www.holectron.com\/wp-content\/uploads\/features-with-etl-1.svg&#8220;][\/vc_column][\/vc_row][vc_row full_width=&#8220;stretch_row&#8220; css=&#8220;.vc_custom_1746018758357{background-color: #f5f5f5 !important;}&#8220;][vc_column][vc_empty_space height=&#8220;40&#8243;][\/vc_column][\/vc_row][vc_row full_width=&#8220;stretch_row&#8220; gap=&#8220;35&#8243; css=&#8220;.vc_custom_1746018726287{background-color: #f5f5f5 !important;}&#8220;][vc_column width=&#8220;1\/2&#8243;][vc_single_image image=&#8220;107148&#8243; img_size=&#8220;full&#8220; alignment=&#8220;center&#8220; css=&#8220;&#8220;][\/vc_column][vc_column width=&#8220;1\/2&#8243;][vc_column_text css=&#8220;&#8220;]<\/p>\n<h2>Technische Zeichnung<\/h2>\n<p>Die Scheinwerfer k\u00f6nnen je nach Leistung bis zu 14 m (46&#8242;) verbunden werden.[\/vc_column_text][\/vc_column][\/vc_row]<\/p>\n<\/div>","protected":false},"excerpt":{"rendered":"<p>[vc_row gap=&#8220;35&#8243;][vc_column width=&#8220;1\/2&#8243;][vc_single_image image=&#8220;101591&#8243; img_size=&#8220;680&#215;400&#8243; css=&#8220;&#8220;][\/vc_column][vc_column width=&#8220;1\/2&#8243;][vc_column_text css=&#8220;&#8220;]A015x ist eine Einbauleuchte mit Flansch f\u00fcr punktlose Direktbeleuchtungsanwendungen. Sie bietet eine einfache Installation mit Federn in jeder Trockenbauwandst\u00e4rke und schafft eine saubere und nahtlose \u00c4sthetik. Nutzen Sie die Vorteile des gr\u00f6\u00dften CCT-Bereichs oder passen Sie die A015x mit abstimmbaren wei\u00dfen, RGB- und RGBW-LED-Streifen an, um eine atemberaubende [&hellip;]<\/p>\n","protected":false},"author":15,"featured_media":123934,"parent":124036,"menu_order":2,"comment_status":"closed","ping_status":"closed","template":"tpl-product-simple.php","meta":{"footnotes":""},"related":[],"filter":[342,343,366,365,346,368,350,356,348,369,385,351,355,352,353,354,345,359,358],"acf":[],"aioseo_notices":[],"_links":{"self":[{"href":"https:\/\/www.holectron.com\/de\/wp-json\/wp\/v2\/pages\/124052"}],"collection":[{"href":"https:\/\/www.holectron.com\/de\/wp-json\/wp\/v2\/pages"}],"about":[{"href":"https:\/\/www.holectron.com\/de\/wp-json\/wp\/v2\/types\/page"}],"author":[{"embeddable":true,"href":"https:\/\/www.holectron.com\/de\/wp-json\/wp\/v2\/users\/15"}],"replies":[{"embeddable":true,"href":"https:\/\/www.holectron.com\/de\/wp-json\/wp\/v2\/comments?post=124052"}],"version-history":[{"count":0,"href":"https:\/\/www.holectron.com\/de\/wp-json\/wp\/v2\/pages\/124052\/revisions"}],"up":[{"embeddable":true,"href":"https:\/\/www.holectron.com\/de\/wp-json\/wp\/v2\/pages\/124036"}],"wp:featuredmedia":[{"embeddable":true,"href":"https:\/\/www.holectron.com\/de\/wp-json\/wp\/v2\/media\/123934"}],"wp:attachment":[{"href":"https:\/\/www.holectron.com\/de\/wp-json\/wp\/v2\/media?parent=124052"}],"wp:term":[{"taxonomy":"related","embeddable":true,"href":"https:\/\/www.holectron.com\/de\/wp-json\/wp\/v2\/related?post=124052"},{"taxonomy":"filter","embeddable":true,"href":"https:\/\/www.holectron.com\/de\/wp-json\/wp\/v2\/filter?post=124052"}],"curies":[{"name":"wp","href":"https:\/\/api.w.org\/{rel}","templated":true}]}}