{"id":123984,"date":"2020-10-13T13:41:00","date_gmt":"2020-10-13T11:41:00","guid":{"rendered":"https:\/\/www.holectron.com\/produkte\/innenraum-profilbefestigungen\/oberflaeche\/a005-halterung\/"},"modified":"2026-03-02T15:34:23","modified_gmt":"2026-03-02T13:34:23","slug":"a005-halterung","status":"publish","type":"page","link":"https:\/\/www.holectron.com\/de\/produkte\/innenraum-profilbefestigungen\/oberflaeche\/a005-halterung\/","title":{"rendered":"A005 Halterung"},"content":{"rendered":"<div class=\"wpb-content-wrapper\"><p>[vc_row gap=&#8220;35&#8243;][vc_column width=&#8220;1\/2&#8243;][vc_single_image image=&#8220;101558&#8243; img_size=&#8220;full&#8220; onclick=&#8220;img_link_large&#8220; img_link_target=&#8220;_blank&#8220; css=&#8220;&#8220;][\/vc_column][vc_column width=&#8220;1\/2&#8243;][vc_column_text css=&#8220;&#8220;]Die Anbauleuchte A005M ist eine unserer kleinsten Leuchten mit homogenem Lichteffekt. Ideal f\u00fcr Aufgaben- und Akzentbeleuchtung und eine perfekte Wahl f\u00fcr dekorative Hintergrundbeleuchtung. <\/p>\n<p>Nutzen Sie die Vorteile des gr\u00f6\u00dften CCT-Bereichs oder passen Sie den A005M mit abstimmbaren wei\u00dfen, RGB- und RGBW-LED-Streifen an, um atemberaubende Projekte mit kontinuierlichem Lichteffekt zu schaffen.[\/vc_column_text][vc_raw_html css=&#8220;&#8220;]PHN0eWxlPgouYnV0dG9uLW91dGxpbmUgewogIGRpc3BsYXk6IGlubGluZS1ibG9jazsKICB0ZXh0LWRlY29yYXRpb246IG5vbmU7CiAgZm9udC1zaXplOiAxOHB4OwogIGZvbnQtd2VpZ2h0OiA1MDA7CiAgY29sb3I6ICMzMzk5Y2M7CiAgYm9yZGVyOiAycHggc29saWQgIzMzOTljYzsKICBwYWRkaW5nOiAxMHB4IDI0cHg7CiAgYm9yZGVyLXJhZGl1czogOHB4OwogIGJhY2tncm91bmQtY29sb3I6IHRyYW5zcGFyZW50OwogIGJveC1zaXppbmc6IGJvcmRlci1ib3g7CiAgdHJhbnNpdGlvbjogYWxsIDAuM3MgZWFzZTsKICB0ZXh0LWFsaWduOiBjZW50ZXI7Cn0KLmJ1dHRvbi1vdXRsaW5lOmhvdmVyIHsKICBiYWNrZ3JvdW5kLWNvbG9yOiAjYzhlYWZhOwogIGNvbG9yOiAjMzM5OWNjOwp9Cjwvc3R5bGU+Cgo8YSBjbGFzcz0iYnV0dG9uLW91dGxpbmUiIGhyZWY9Imh0dHBzOi8vd3d3LmhvbGVjdHJvbi5jb20vd3AtY29udGVudC91cGxvYWRzL0EwMDVNLVNQRUNJRklDQVRJT04tU0hFRVQtUFJPRklMRS1GSVhUVVJFUy1IT0xFQ1RST04tMjAyNS0wOC0yNS5wZGYiIHRhcmdldD0iX2JsYW5rIiByZWw9Im5vb3BlbmVyIj4KICBTcGV6aWZpa2F0aW9uc2JsYXR0ICIKPC9hPg==[\/vc_raw_html][vc_single_image source=&#8220;external_link&#8220; external_img_size=&#8220;380&#215;33&#8243; css=&#8220;&#8220; custom_src=&#8220;https:\/\/www.holectron.com\/wp-content\/uploads\/features-with-etl-1.svg&#8220;][\/vc_column][\/vc_row][vc_row full_width=&#8220;stretch_row&#8220; css=&#8220;.vc_custom_1746016585710{background-color: #f5f5f5 !important;}&#8220;][vc_column][vc_empty_space height=&#8220;20&#8243;][\/vc_column][\/vc_row][vc_row full_width=&#8220;stretch_row&#8220; gap=&#8220;35&#8243; content_placement=&#8220;middle&#8220; css=&#8220;.vc_custom_1756123961013{background-color: #f5f5f5 !important;}&#8220;][vc_column width=&#8220;1\/2&#8243;][vc_single_image image=&#8220;114802&#8243; img_size=&#8220;full&#8220; alignment=&#8220;center&#8220; onclick=&#8220;img_link_large&#8220; img_link_target=&#8220;_blank&#8220; css=&#8220;&#8220;][\/vc_column][vc_column width=&#8220;1\/2&#8243;][vc_column_text css=&#8220;&#8220;]<\/p>\n<h2>Technische Zeichnung<\/h2>\n<p>[\/vc_column_text][\/vc_column][\/vc_row][vc_row full_width=&#8220;stretch_row&#8220; css=&#8220;.vc_custom_1746016585710{background-color: #f5f5f5 !important;}&#8220;][vc_column][vc_empty_space height=&#8220;20&#8243; el_id=&#8220;0002&#8243;][\/vc_column][\/vc_row]<\/p>\n<\/div>","protected":false},"excerpt":{"rendered":"<p>[vc_row gap=&#8220;35&#8243;][vc_column width=&#8220;1\/2&#8243;][vc_single_image image=&#8220;101558&#8243; img_size=&#8220;full&#8220; onclick=&#8220;img_link_large&#8220; img_link_target=&#8220;_blank&#8220; css=&#8220;&#8220;][\/vc_column][vc_column width=&#8220;1\/2&#8243;][vc_column_text css=&#8220;&#8220;]Die Anbauleuchte A005M ist eine unserer kleinsten Leuchten mit homogenem Lichteffekt. Ideal f\u00fcr Aufgaben- und Akzentbeleuchtung und eine perfekte Wahl f\u00fcr dekorative Hintergrundbeleuchtung. Nutzen Sie die Vorteile des gr\u00f6\u00dften CCT-Bereichs oder passen Sie den A005M mit abstimmbaren wei\u00dfen, RGB- und RGBW-LED-Streifen an, um atemberaubende Projekte mit [&hellip;]<\/p>\n","protected":false},"author":15,"featured_media":123929,"parent":123895,"menu_order":4,"comment_status":"closed","ping_status":"closed","template":"tpl-product.php","meta":{"footnotes":""},"related":[213,211],"filter":[342,343,366,361,346,375,374,350,356,348,385,351,355,352,353,354,345,359,358],"acf":[],"aioseo_notices":[],"_links":{"self":[{"href":"https:\/\/www.holectron.com\/de\/wp-json\/wp\/v2\/pages\/123984"}],"collection":[{"href":"https:\/\/www.holectron.com\/de\/wp-json\/wp\/v2\/pages"}],"about":[{"href":"https:\/\/www.holectron.com\/de\/wp-json\/wp\/v2\/types\/page"}],"author":[{"embeddable":true,"href":"https:\/\/www.holectron.com\/de\/wp-json\/wp\/v2\/users\/15"}],"replies":[{"embeddable":true,"href":"https:\/\/www.holectron.com\/de\/wp-json\/wp\/v2\/comments?post=123984"}],"version-history":[{"count":0,"href":"https:\/\/www.holectron.com\/de\/wp-json\/wp\/v2\/pages\/123984\/revisions"}],"up":[{"embeddable":true,"href":"https:\/\/www.holectron.com\/de\/wp-json\/wp\/v2\/pages\/123895"}],"wp:featuredmedia":[{"embeddable":true,"href":"https:\/\/www.holectron.com\/de\/wp-json\/wp\/v2\/media\/123929"}],"wp:attachment":[{"href":"https:\/\/www.holectron.com\/de\/wp-json\/wp\/v2\/media?parent=123984"}],"wp:term":[{"taxonomy":"related","embeddable":true,"href":"https:\/\/www.holectron.com\/de\/wp-json\/wp\/v2\/related?post=123984"},{"taxonomy":"filter","embeddable":true,"href":"https:\/\/www.holectron.com\/de\/wp-json\/wp\/v2\/filter?post=123984"}],"curies":[{"name":"wp","href":"https:\/\/api.w.org\/{rel}","templated":true}]}}