{"id":123956,"date":"2019-05-20T14:01:47","date_gmt":"2019-05-20T12:01:47","guid":{"rendered":"https:\/\/www.holectron.com\/produkte\/innenraum-profilbefestigungen\/oberflaeche\/ula-m\/"},"modified":"2026-03-02T15:31:35","modified_gmt":"2026-03-02T13:31:35","slug":"ula-m","status":"publish","type":"page","link":"https:\/\/www.holectron.com\/de\/produkte\/innenraum-profilbefestigungen\/oberflaeche\/ula-m\/","title":{"rendered":"Ula M"},"content":{"rendered":"<div class=\"wpb-content-wrapper\"><p>[vc_row gap=&#8220;30&#8243;][vc_column width=&#8220;1\/2&#8243;][vc_single_image image=&#8220;101774&#8243; img_size=&#8220;full&#8220; css=&#8220;&#8220;][\/vc_column][vc_column width=&#8220;1\/2&#8243;][vc_column_text css=&#8220;&#8220;]Ula M ist eine modulare, lineare LED-Leuchte mit einer opalen Abdeckung, die f\u00fcr langfristige professionelle Beleuchtungsanwendungen in Innenr\u00e4umen konzipiert wurde.<\/p>\n<p>Diese modularen Ula M LED-Leuchten sind mit den hochwertigsten NICHIA-LEDs ausgestattet, die eine breite Palette von Farbwiedergabeindex (CRI) und Farbtemperatur (CCT) zur Auswahl haben. NICHIA LEDs garantieren h\u00f6chste Lichtqualit\u00e4t und eine superhohe Lichtausbeute. Dieser LED-Streifen ist mit 3 Step MacAdam oder Single Bin LEDs erh\u00e4ltlich. Die opale Abdeckung sorgt f\u00fcr einen kontinuierlichen Lichteffekt ohne dunkle Flecken.   <\/p>\n<p>Die integrierten Anschl\u00fcsse sind in jedem Modul versteckt. Dies sorgt f\u00fcr eine diskrete, unkomplizierte und zuverl\u00e4ssige Verbindung der Module, um eine nahtlose Beleuchtungslinie zu schaffen.[\/vc_column_text][vc_raw_html css=&#8220;&#8220;]PHN0eWxlPgouYnV0dG9uLW91dGxpbmUgewogIGRpc3BsYXk6IGlubGluZS1ibG9jazsKICB0ZXh0LWRlY29yYXRpb246IG5vbmU7CiAgZm9udC1zaXplOiAxOHB4OwogIGZvbnQtd2VpZ2h0OiA1MDA7CiAgY29sb3I6ICMzMzk5Y2M7CiAgYm9yZGVyOiAycHggc29saWQgIzMzOTljYzsKICBwYWRkaW5nOiAxMHB4IDI0cHg7CiAgYm9yZGVyLXJhZGl1czogOHB4OwogIGJhY2tncm91bmQtY29sb3I6IHRyYW5zcGFyZW50OwogIGJveC1zaXppbmc6IGJvcmRlci1ib3g7CiAgdHJhbnNpdGlvbjogYWxsIDAuM3MgZWFzZTsKICB0ZXh0LWFsaWduOiBjZW50ZXI7Cn0KLmJ1dHRvbi1vdXRsaW5lOmhvdmVyIHsKICBiYWNrZ3JvdW5kLWNvbG9yOiAjYzhlYWZhOwogIGNvbG9yOiAjMzM5OWNjOwp9Cjwvc3R5bGU+Cgo8YSBjbGFzcz0iYnV0dG9uLW91dGxpbmUiIGhyZWY9Imh0dHBzOi8vd3d3LmhvbGVjdHJvbi5jb20vd3AtY29udGVudC91cGxvYWRzL1VMQS1tLVNwZWNpZmljYXRpb24tU2hlZXQtMjAyNS0wOC0wMy5wZGYiIHRhcmdldD0iX2JsYW5rIiByZWw9Im5vb3BlbmVyIj4KICBTcGV6aWZpa2F0aW9uc2JsYXR0ICIKPC9hPgo=[\/vc_raw_html][vc_single_image source=&#8220;external_link&#8220; external_img_size=&#8220;380&#215;33&#8243; css=&#8220;&#8220; custom_src=&#8220;https:\/\/www.holectron.com\/wp-content\/uploads\/features-with-etl-1.svg&#8220; el_id=&#8220;0002&#8243;][\/vc_column][\/vc_row]<\/p>\n<\/div>","protected":false},"excerpt":{"rendered":"<p>[vc_row gap=&#8220;30&#8243;][vc_column width=&#8220;1\/2&#8243;][vc_single_image image=&#8220;101774&#8243; img_size=&#8220;full&#8220; css=&#8220;&#8220;][\/vc_column][vc_column width=&#8220;1\/2&#8243;][vc_column_text css=&#8220;&#8220;]Ula M ist eine modulare, lineare LED-Leuchte mit einer opalen Abdeckung, die f\u00fcr langfristige professionelle Beleuchtungsanwendungen in Innenr\u00e4umen konzipiert wurde. Diese modularen Ula M LED-Leuchten sind mit den hochwertigsten NICHIA-LEDs ausgestattet, die eine breite Palette von Farbwiedergabeindex (CRI) und Farbtemperatur (CCT) zur Auswahl haben. NICHIA LEDs garantieren h\u00f6chste [&hellip;]<\/p>\n","protected":false},"author":15,"featured_media":123954,"parent":123895,"menu_order":1,"comment_status":"closed","ping_status":"closed","template":"tpl-product-led.php","meta":{"footnotes":""},"related":[119],"filter":[342,343,366,361,346,374,348,369],"acf":[],"aioseo_notices":[],"_links":{"self":[{"href":"https:\/\/www.holectron.com\/de\/wp-json\/wp\/v2\/pages\/123956"}],"collection":[{"href":"https:\/\/www.holectron.com\/de\/wp-json\/wp\/v2\/pages"}],"about":[{"href":"https:\/\/www.holectron.com\/de\/wp-json\/wp\/v2\/types\/page"}],"author":[{"embeddable":true,"href":"https:\/\/www.holectron.com\/de\/wp-json\/wp\/v2\/users\/15"}],"replies":[{"embeddable":true,"href":"https:\/\/www.holectron.com\/de\/wp-json\/wp\/v2\/comments?post=123956"}],"version-history":[{"count":0,"href":"https:\/\/www.holectron.com\/de\/wp-json\/wp\/v2\/pages\/123956\/revisions"}],"up":[{"embeddable":true,"href":"https:\/\/www.holectron.com\/de\/wp-json\/wp\/v2\/pages\/123895"}],"wp:featuredmedia":[{"embeddable":true,"href":"https:\/\/www.holectron.com\/de\/wp-json\/wp\/v2\/media\/123954"}],"wp:attachment":[{"href":"https:\/\/www.holectron.com\/de\/wp-json\/wp\/v2\/media?parent=123956"}],"wp:term":[{"taxonomy":"related","embeddable":true,"href":"https:\/\/www.holectron.com\/de\/wp-json\/wp\/v2\/related?post=123956"},{"taxonomy":"filter","embeddable":true,"href":"https:\/\/www.holectron.com\/de\/wp-json\/wp\/v2\/filter?post=123956"}],"curies":[{"name":"wp","href":"https:\/\/api.w.org\/{rel}","templated":true}]}}