{"id":123853,"date":"2024-11-26T10:57:52","date_gmt":"2024-11-26T08:57:52","guid":{"rendered":"https:\/\/www.holectron.com\/produkte\/leuchten-fuer-innenraeume\/beleuchtungskoerper\/neris-opal-mikroprisma\/neris-mikroprisma-opal-oberflaeche\/"},"modified":"2026-03-02T15:27:51","modified_gmt":"2026-03-02T13:27:51","slug":"neris-mikroprisma-opal-oberflaeche","status":"publish","type":"page","link":"https:\/\/www.holectron.com\/de\/produkte\/leuchten-fuer-innenraeume\/beleuchtungskoerper\/neris-opal-mikroprisma\/neris-mikroprisma-opal-oberflaeche\/","title":{"rendered":"Neris Mikroprisma \/ Opal &#8211; Oberfl\u00e4che"},"content":{"rendered":"<div class=\"wpb-content-wrapper\"><p>[vc_row gap=&#8220;30&#8243;][vc_column width=&#8220;1\/2&#8243;][vc_single_image image=&#8220;101651&#8243; img_size=&#8220;full&#8220; css=&#8220;&#8220;][\/vc_column][vc_column width=&#8220;1\/2&#8243;][vc_column_text css=&#8220;&#8220;]<strong>Neris Opal\/Microprism Surface<\/strong> Leuchten sind f\u00fcr die Montage an der Decke konzipiert. Sie k\u00f6nnen als Einzelleuchten verwendet werden oder ein durchgehendes Beleuchtungssystem f\u00fcr die Beleuchtung von B\u00fcros, Gesch\u00e4ften, Einkaufszentren und Restaurants bilden. <\/p>\n<p>Die opale Abdeckung sorgt f\u00fcr gleichm\u00e4\u00dfiges, kontinuierliches Licht und ein modernes Aussehen der Leuchte. Opal-Leuchten bieten verschiedene Gestaltungsm\u00f6glichkeiten bei der Formgebung von Beleuchtungsanlagen. Diese Flexibilit\u00e4t macht die <strong>Neris Opal\/Microprism Surface<\/strong> Lichtb\u00e4nder zu einer idealen L\u00f6sung f\u00fcr die Beleuchtung verschiedener R\u00e4ume und Fl\u00e4chen.  <\/p>\n<p>Neris verwendet hochwertige 3-stufige MacAdam-LEDs mit einem wei\u00dfen Farbbereich von 2700K &#8211; 4000K und einem hohen Farbwiedergabeindex (CRI), der bei CRI90+ liegt, mit einer Option f\u00fcr CRI95+. Neben der Standardausf\u00fchrung ist auch eine Version mit hoher Leistung erh\u00e4ltlich.[\/vc_column_text][vc_single_image source=&#8220;external_link&#8220; external_img_size=&#8220;380&#215;25&#8243; css=&#8220;&#8220; custom_src=&#8220;https:\/\/www.holectron.com\/wp-content\/uploads\/features-with-etl.svg&#8220; el_id=&#8220;0002&#8243;][\/vc_column][\/vc_row]<\/p>\n<\/div>","protected":false},"excerpt":{"rendered":"<p>[vc_row gap=&#8220;30&#8243;][vc_column width=&#8220;1\/2&#8243;][vc_single_image image=&#8220;101651&#8243; img_size=&#8220;full&#8220; css=&#8220;&#8220;][\/vc_column][vc_column width=&#8220;1\/2&#8243;][vc_column_text css=&#8220;&#8220;]Neris Opal\/Microprism Surface Leuchten sind f\u00fcr die Montage an der Decke konzipiert. Sie k\u00f6nnen als Einzelleuchten verwendet werden oder ein durchgehendes Beleuchtungssystem f\u00fcr die Beleuchtung von B\u00fcros, Gesch\u00e4ften, Einkaufszentren und Restaurants bilden. Die opale Abdeckung sorgt f\u00fcr gleichm\u00e4\u00dfiges, kontinuierliches Licht und ein modernes Aussehen der Leuchte. Opal-Leuchten bieten [&hellip;]<\/p>\n","protected":false},"author":15,"featured_media":123828,"parent":123802,"menu_order":1,"comment_status":"closed","ping_status":"closed","template":"tpl-product.php","meta":{"footnotes":""},"related":[],"filter":[346,363,348,364],"acf":[],"aioseo_notices":[],"_links":{"self":[{"href":"https:\/\/www.holectron.com\/de\/wp-json\/wp\/v2\/pages\/123853"}],"collection":[{"href":"https:\/\/www.holectron.com\/de\/wp-json\/wp\/v2\/pages"}],"about":[{"href":"https:\/\/www.holectron.com\/de\/wp-json\/wp\/v2\/types\/page"}],"author":[{"embeddable":true,"href":"https:\/\/www.holectron.com\/de\/wp-json\/wp\/v2\/users\/15"}],"replies":[{"embeddable":true,"href":"https:\/\/www.holectron.com\/de\/wp-json\/wp\/v2\/comments?post=123853"}],"version-history":[{"count":0,"href":"https:\/\/www.holectron.com\/de\/wp-json\/wp\/v2\/pages\/123853\/revisions"}],"up":[{"embeddable":true,"href":"https:\/\/www.holectron.com\/de\/wp-json\/wp\/v2\/pages\/123802"}],"wp:featuredmedia":[{"embeddable":true,"href":"https:\/\/www.holectron.com\/de\/wp-json\/wp\/v2\/media\/123828"}],"wp:attachment":[{"href":"https:\/\/www.holectron.com\/de\/wp-json\/wp\/v2\/media?parent=123853"}],"wp:term":[{"taxonomy":"related","embeddable":true,"href":"https:\/\/www.holectron.com\/de\/wp-json\/wp\/v2\/related?post=123853"},{"taxonomy":"filter","embeddable":true,"href":"https:\/\/www.holectron.com\/de\/wp-json\/wp\/v2\/filter?post=123853"}],"curies":[{"name":"wp","href":"https:\/\/api.w.org\/{rel}","templated":true}]}}