{"id":123844,"date":"2024-11-19T17:15:59","date_gmt":"2024-11-19T15:15:59","guid":{"rendered":"https:\/\/www.holectron.com\/produkte\/leuchten-fuer-innenraeume\/beleuchtungskoerper\/neris-opal-mikroprisma\/neris-mikroprisma-opal-anhaenger\/"},"modified":"2026-03-02T15:24:40","modified_gmt":"2026-03-02T13:24:40","slug":"neris-mikroprisma-opal-anhaenger","status":"publish","type":"page","link":"https:\/\/www.holectron.com\/de\/produkte\/leuchten-fuer-innenraeume\/beleuchtungskoerper\/neris-opal-mikroprisma\/neris-mikroprisma-opal-anhaenger\/","title":{"rendered":"Neris Mikroprisma \/ Opal &#8211; Anh\u00e4nger"},"content":{"rendered":"<div class=\"wpb-content-wrapper\"><p>[vc_row gap=&#8220;30&#8243; content_placement=&#8220;top&#8220;][vc_column width=&#8220;1\/2&#8243;][vc_single_image image=&#8220;86417&#8243; img_size=&#8220;680&#215;400&#8243;][\/vc_column][vc_column width=&#8220;1\/2&#8243;][vc_column_text css=&#8220;&#8220;]<strong>Neris Opal\/Microprism Pendant<\/strong> ist eine Leuchte, die an einer verstellbaren Schnur aufgeh\u00e4ngt ist. Dadurch ist sie perfekt f\u00fcr R\u00e4ume mit hohen Decken geeignet. Die Neris Opal Pendelleuchte kann als Einzelleuchte oder in einem Lichtbandsystem f\u00fcr die Beleuchtung von B\u00fcros, Gesch\u00e4ften, Einkaufszentren und Restaurants eingesetzt werden.  <\/p>\n<p>Die opale Abdeckung sorgt f\u00fcr gleichm\u00e4\u00dfiges, kontinuierliches Licht und ein modernes Aussehen der Leuchte. Opal-Leuchten bieten verschiedene Gestaltungsm\u00f6glichkeiten bei der Formgebung von Beleuchtungsanlagen. Diese Flexibilit\u00e4t macht <strong>Neris Opal\/Microprism Pendelleuchten<\/strong> zu einer idealen L\u00f6sung f\u00fcr die Beleuchtung verschiedener R\u00e4ume und Fl\u00e4chen.  <\/p>\n<p>Neris verwendet hochwertige 3-stufige MacAdam-LEDs mit einem wei\u00dfen Farbbereich von 2700K &#8211; 4000K und einem hohen Farbwiedergabeindex (CRI), der bei CRI90+ liegt, mit einer Option f\u00fcr CRI95+. Neben der Standardausf\u00fchrung ist auch eine Version mit hoher Leistung erh\u00e4ltlich.[\/vc_column_text][vc_single_image source=&#8220;external_link&#8220; external_img_size=&#8220;380&#215;25&#8243; css=&#8220;&#8220; custom_src=&#8220;https:\/\/www.holectron.com\/wp-content\/uploads\/features-with-etl.svg&#8220; el_id=&#8220;0002&#8243;][\/vc_column][\/vc_row]<\/p>\n<\/div>","protected":false},"excerpt":{"rendered":"<p>[vc_row gap=&#8220;30&#8243; content_placement=&#8220;top&#8220;][vc_column width=&#8220;1\/2&#8243;][vc_single_image image=&#8220;86417&#8243; img_size=&#8220;680&#215;400&#8243;][\/vc_column][vc_column width=&#8220;1\/2&#8243;][vc_column_text css=&#8220;&#8220;]Neris Opal\/Microprism Pendant ist eine Leuchte, die an einer verstellbaren Schnur aufgeh\u00e4ngt ist. Dadurch ist sie perfekt f\u00fcr R\u00e4ume mit hohen Decken geeignet. Die Neris Opal Pendelleuchte kann als Einzelleuchte oder in einem Lichtbandsystem f\u00fcr die Beleuchtung von B\u00fcros, Gesch\u00e4ften, Einkaufszentren und Restaurants eingesetzt werden. Die opale Abdeckung [&hellip;]<\/p>\n","protected":false},"author":15,"featured_media":123830,"parent":123802,"menu_order":0,"comment_status":"closed","ping_status":"closed","template":"tpl-product.php","meta":{"footnotes":""},"related":[],"filter":[],"acf":[],"aioseo_notices":[],"_links":{"self":[{"href":"https:\/\/www.holectron.com\/de\/wp-json\/wp\/v2\/pages\/123844"}],"collection":[{"href":"https:\/\/www.holectron.com\/de\/wp-json\/wp\/v2\/pages"}],"about":[{"href":"https:\/\/www.holectron.com\/de\/wp-json\/wp\/v2\/types\/page"}],"author":[{"embeddable":true,"href":"https:\/\/www.holectron.com\/de\/wp-json\/wp\/v2\/users\/15"}],"replies":[{"embeddable":true,"href":"https:\/\/www.holectron.com\/de\/wp-json\/wp\/v2\/comments?post=123844"}],"version-history":[{"count":0,"href":"https:\/\/www.holectron.com\/de\/wp-json\/wp\/v2\/pages\/123844\/revisions"}],"up":[{"embeddable":true,"href":"https:\/\/www.holectron.com\/de\/wp-json\/wp\/v2\/pages\/123802"}],"wp:featuredmedia":[{"embeddable":true,"href":"https:\/\/www.holectron.com\/de\/wp-json\/wp\/v2\/media\/123830"}],"wp:attachment":[{"href":"https:\/\/www.holectron.com\/de\/wp-json\/wp\/v2\/media?parent=123844"}],"wp:term":[{"taxonomy":"related","embeddable":true,"href":"https:\/\/www.holectron.com\/de\/wp-json\/wp\/v2\/related?post=123844"},{"taxonomy":"filter","embeddable":true,"href":"https:\/\/www.holectron.com\/de\/wp-json\/wp\/v2\/filter?post=123844"}],"curies":[{"name":"wp","href":"https:\/\/api.w.org\/{rel}","templated":true}]}}