{"id":123836,"date":"2018-10-18T16:35:56","date_gmt":"2018-10-18T14:35:56","guid":{"rendered":"https:\/\/www.holectron.com\/produkte\/leuchten-fuer-innenraeume\/beleuchtungskoerper\/neman-honigwabe\/neman-honeycomb-haengeleuchte-direkt-indirekt\/"},"modified":"2026-03-02T15:07:32","modified_gmt":"2026-03-02T13:07:32","slug":"neman-honeycomb-haengeleuchte-direkt-indirekt","status":"publish","type":"page","link":"https:\/\/www.holectron.com\/de\/produkte\/leuchten-fuer-innenraeume\/beleuchtungskoerper\/neman-honigwabe\/neman-honeycomb-haengeleuchte-direkt-indirekt\/","title":{"rendered":"Neman Honeycomb &#8211; H\u00e4ngeleuchte direkt\/indirekt"},"content":{"rendered":"<div class=\"wpb-content-wrapper\"><p>[vc_row gap=&#8220;30&#8243; content_placement=&#8220;middle&#8220;][vc_column width=&#8220;1\/2&#8243;][vc_single_image image=&#8220;62786&#8243; img_size=&#8220;680&#215;400&#8243;][\/vc_column][vc_column width=&#8220;1\/2&#8243;][vc_column_text]Die <strong>Neman Honeycomb Pendelleuchte Direct\/Indirect <\/strong> wurde speziell f\u00fcr kreative L\u00f6sungen in den Bereichen Allgemeinbeleuchtung und Arbeitsbeleuchtung entwickelt. Das von ihr abgestrahlte Uplight beleuchtet den Raum, indem es das Licht der Decke reflektiert, w\u00e4hrend das Downlight einen fokussierten, blendarmen Lichtstrahl abgibt, der sich perfekt f\u00fcr die Beleuchtung von Arbeitsbereichen eignet. Das Licht kann gedimmt werden, um den gew\u00fcnschten Lichteffekt zu erzielen.[\/vc_column_text][vc_single_image source=&#8220;external_link&#8220; external_img_size=&#8220;380&#215;25&#8243; css=&#8220;&#8220; custom_src=&#8220;https:\/\/www.holectron.com\/wp-content\/uploads\/features-with-etl.svg&#8220;][\/vc_column][\/vc_row][vc_row][vc_column][vc_empty_space height=&#8220;40px&#8220;][\/vc_column][\/vc_row][vc_row gap=&#8220;30&#8243; content_placement=&#8220;middle&#8220;][vc_column][vc_single_image image=&#8220;69159&#8243; img_size=&#8220;full&#8220; alignment=&#8220;center&#8220;][vc_column_text]Neman verwendet hochwertige 3-stufige MacAdam-LEDs mit einem wei\u00dfen Farbbereich von 2700K &#8211; 4000K, einem abstimmbaren wei\u00dfen Farbbereich von 2700 &#8211; 6500K und einem hohen Farbwiedergabeindex (CRI), der CRI90+ betr\u00e4gt, mit einer Option f\u00fcr CRI95+. Neben der Standardausf\u00fchrung ist auch eine Version mit hoher Leistung erh\u00e4ltlich.[\/vc_column_text][\/vc_column][\/vc_row][vc_row gap=&#8220;30&#8243; content_placement=&#8220;middle&#8220;][vc_column width=&#8220;1\/2&#8243;][vc_single_image image=&#8220;62281&#8243; img_size=&#8220;680&#215;400&#8243;][\/vc_column][vc_column width=&#8220;1\/2&#8243;][vc_column_text css=&#8220;&#8220;]Der spezielle, blendfreie Wabendiffusor sorgt f\u00fcr perfekten Sehkomfort, eine sehr angenehme, weiche Lichtabgabe und ein modernes Aussehen der Leuchte. Der Wabendiffusor kann in Schwarz, Gold oder Silber lackiert werden.  Die Geh\u00e4use der Neman Honeycomb Pendelleuchten Direkt\/Indirekt sind standardm\u00e4\u00dfig in den Farben Wei\u00df, Schwarz oder Grau erh\u00e4ltlich. Diese Neman-Leuchte kann jedoch in jeder RAL-Farbe und in fast jeder L\u00e4nge gefertigt werden.[\/vc_column_text][\/vc_column][\/vc_row][vc_row][vc_column][vc_empty_space height=&#8220;40px&#8220; el_id=&#8220;0002&#8243;][\/vc_column][\/vc_row]<\/p>\n<\/div>","protected":false},"excerpt":{"rendered":"<p>[vc_row gap=&#8220;30&#8243; content_placement=&#8220;middle&#8220;][vc_column width=&#8220;1\/2&#8243;][vc_single_image image=&#8220;62786&#8243; img_size=&#8220;680&#215;400&#8243;][\/vc_column][vc_column width=&#8220;1\/2&#8243;][vc_column_text]Die Neman Honeycomb Pendelleuchte Direct\/Indirect wurde speziell f\u00fcr kreative L\u00f6sungen in den Bereichen Allgemeinbeleuchtung und Arbeitsbeleuchtung entwickelt. Das von ihr abgestrahlte Uplight beleuchtet den Raum, indem es das Licht der Decke reflektiert, w\u00e4hrend das Downlight einen fokussierten, blendarmen Lichtstrahl abgibt, der sich perfekt f\u00fcr die Beleuchtung von Arbeitsbereichen eignet. [&hellip;]<\/p>\n","protected":false},"author":15,"featured_media":123754,"parent":123753,"menu_order":0,"comment_status":"closed","ping_status":"closed","template":"tpl-product-led.php","meta":{"footnotes":""},"related":[118],"filter":[342,343,362,360],"acf":[],"aioseo_notices":[],"_links":{"self":[{"href":"https:\/\/www.holectron.com\/de\/wp-json\/wp\/v2\/pages\/123836"}],"collection":[{"href":"https:\/\/www.holectron.com\/de\/wp-json\/wp\/v2\/pages"}],"about":[{"href":"https:\/\/www.holectron.com\/de\/wp-json\/wp\/v2\/types\/page"}],"author":[{"embeddable":true,"href":"https:\/\/www.holectron.com\/de\/wp-json\/wp\/v2\/users\/15"}],"replies":[{"embeddable":true,"href":"https:\/\/www.holectron.com\/de\/wp-json\/wp\/v2\/comments?post=123836"}],"version-history":[{"count":0,"href":"https:\/\/www.holectron.com\/de\/wp-json\/wp\/v2\/pages\/123836\/revisions"}],"up":[{"embeddable":true,"href":"https:\/\/www.holectron.com\/de\/wp-json\/wp\/v2\/pages\/123753"}],"wp:featuredmedia":[{"embeddable":true,"href":"https:\/\/www.holectron.com\/de\/wp-json\/wp\/v2\/media\/123754"}],"wp:attachment":[{"href":"https:\/\/www.holectron.com\/de\/wp-json\/wp\/v2\/media?parent=123836"}],"wp:term":[{"taxonomy":"related","embeddable":true,"href":"https:\/\/www.holectron.com\/de\/wp-json\/wp\/v2\/related?post=123836"},{"taxonomy":"filter","embeddable":true,"href":"https:\/\/www.holectron.com\/de\/wp-json\/wp\/v2\/filter?post=123836"}],"curies":[{"name":"wp","href":"https:\/\/api.w.org\/{rel}","templated":true}]}}