{"id":123796,"date":"2021-06-02T12:46:18","date_gmt":"2021-06-02T10:46:18","guid":{"rendered":"https:\/\/www.holectron.com\/produkte\/leuchten-fuer-innenraeume\/beleuchtungskoerper\/neman-honigwabe\/neman-honeycomb-oberflaeche\/"},"modified":"2026-03-02T15:10:35","modified_gmt":"2026-03-02T13:10:35","slug":"neman-honeycomb-oberflaeche","status":"publish","type":"page","link":"https:\/\/www.holectron.com\/de\/produkte\/leuchten-fuer-innenraeume\/beleuchtungskoerper\/neman-honigwabe\/neman-honeycomb-oberflaeche\/","title":{"rendered":"Neman Honeycomb &#8211; Oberfl\u00e4che"},"content":{"rendered":"<div class=\"wpb-content-wrapper\"><p>[vc_row gap=&#8220;30&#8243;][vc_column width=&#8220;1\/2&#8243;][vc_single_image image=&#8220;101642&#8243; img_size=&#8220;full&#8220; css=&#8220;&#8220;][\/vc_column][vc_column width=&#8220;1\/2&#8243;][vc_column_text]<strong>Neman Honeycomb Surface<\/strong> Leuchten sind f\u00fcr die Montage an der Decke konzipiert. Sie k\u00f6nnen als Einzelleuchten verwendet werden oder ein durchgehendes Beleuchtungssystem f\u00fcr B\u00fcros, Gesch\u00e4fte, Einkaufszentren und Restaurants bilden. <\/p>\n<p>Der spezielle, blendfreie Wabendiffusor sorgt f\u00fcr perfekten Sehkomfort, eine sehr angenehme, weiche Lichtabgabe und ein modernes Aussehen der Leuchte. Der Wabendiffusor kann in Schwarz, Gold oder Silber lackiert werden. <\/p>\n<p>Neman verwendet hochwertige 3-stufige MacAdam-LEDs mit einem wei\u00dfen Farbbereich von 2700K &#8211; 4000K, einem abstimmbaren wei\u00dfen Farbbereich von 2700 &#8211; 6500K und einem hohen Farbwiedergabeindex (CRI), der CRI90+ betr\u00e4gt, mit einer Option f\u00fcr CRI95+. Neben der Standardausf\u00fchrung ist auch eine Version mit hoher Leistung erh\u00e4ltlich. <\/p>\n<p>Die Geh\u00e4use der Neman Honeycomb Surface Leuchten sind in den Standardfarben Wei\u00df, Schwarz oder Grau erh\u00e4ltlich. Diese Neman-Leuchte kann jedoch auf jede RAL-Farbe und fast jede L\u00e4nge angepasst werden.[\/vc_column_text][vc_single_image source=&#8220;external_link&#8220; external_img_size=&#8220;380&#215;25&#8243; css=&#8220;&#8220; custom_src=&#8220;https:\/\/www.holectron.com\/wp-content\/uploads\/features-with-etl.svg&#8220; el_id=&#8220;0002&#8243;][\/vc_column][\/vc_row]<\/p>\n<\/div>","protected":false},"excerpt":{"rendered":"<p>[vc_row gap=&#8220;30&#8243;][vc_column width=&#8220;1\/2&#8243;][vc_single_image image=&#8220;101642&#8243; img_size=&#8220;full&#8220; css=&#8220;&#8220;][\/vc_column][vc_column width=&#8220;1\/2&#8243;][vc_column_text]Neman Honeycomb Surface Leuchten sind f\u00fcr die Montage an der Decke konzipiert. Sie k\u00f6nnen als Einzelleuchten verwendet werden oder ein durchgehendes Beleuchtungssystem f\u00fcr B\u00fcros, Gesch\u00e4fte, Einkaufszentren und Restaurants bilden. Der spezielle, blendfreie Wabendiffusor sorgt f\u00fcr perfekten Sehkomfort, eine sehr angenehme, weiche Lichtabgabe und ein modernes Aussehen der Leuchte. Der [&hellip;]<\/p>\n","protected":false},"author":15,"featured_media":122897,"parent":123753,"menu_order":1,"comment_status":"closed","ping_status":"closed","template":"tpl-product-led.php","meta":{"footnotes":""},"related":[118],"filter":[342,343,362,361],"acf":[],"aioseo_notices":[],"_links":{"self":[{"href":"https:\/\/www.holectron.com\/de\/wp-json\/wp\/v2\/pages\/123796"}],"collection":[{"href":"https:\/\/www.holectron.com\/de\/wp-json\/wp\/v2\/pages"}],"about":[{"href":"https:\/\/www.holectron.com\/de\/wp-json\/wp\/v2\/types\/page"}],"author":[{"embeddable":true,"href":"https:\/\/www.holectron.com\/de\/wp-json\/wp\/v2\/users\/15"}],"replies":[{"embeddable":true,"href":"https:\/\/www.holectron.com\/de\/wp-json\/wp\/v2\/comments?post=123796"}],"version-history":[{"count":0,"href":"https:\/\/www.holectron.com\/de\/wp-json\/wp\/v2\/pages\/123796\/revisions"}],"up":[{"embeddable":true,"href":"https:\/\/www.holectron.com\/de\/wp-json\/wp\/v2\/pages\/123753"}],"wp:featuredmedia":[{"embeddable":true,"href":"https:\/\/www.holectron.com\/de\/wp-json\/wp\/v2\/media\/122897"}],"wp:attachment":[{"href":"https:\/\/www.holectron.com\/de\/wp-json\/wp\/v2\/media?parent=123796"}],"wp:term":[{"taxonomy":"related","embeddable":true,"href":"https:\/\/www.holectron.com\/de\/wp-json\/wp\/v2\/related?post=123796"},{"taxonomy":"filter","embeddable":true,"href":"https:\/\/www.holectron.com\/de\/wp-json\/wp\/v2\/filter?post=123796"}],"curies":[{"name":"wp","href":"https:\/\/api.w.org\/{rel}","templated":true}]}}