{"id":123771,"date":"2018-04-30T18:01:04","date_gmt":"2018-04-30T16:01:04","guid":{"rendered":"https:\/\/www.holectron.com\/produkte\/leuchten-fuer-innenraeume\/beleuchtungskoerper\/neman-honigwabe\/neman-wabe-vertieft\/"},"modified":"2026-03-02T15:17:36","modified_gmt":"2026-03-02T13:17:36","slug":"neman-wabe-vertieft","status":"publish","type":"page","link":"https:\/\/www.holectron.com\/de\/produkte\/leuchten-fuer-innenraeume\/beleuchtungskoerper\/neman-honigwabe\/neman-wabe-vertieft\/","title":{"rendered":"Neman Wabe &#8211; Vertieft"},"content":{"rendered":"<div class=\"wpb-content-wrapper\"><p>[vc_row gap=&#8220;30&#8243;][vc_column width=&#8220;1\/2&#8243;][vc_single_image image=&#8220;102251&#8243; img_size=&#8220;680&#215;400&#8243; css=&#8220;&#8220;][\/vc_column][vc_column width=&#8220;1\/2&#8243;][vc_column_text]<strong>Neman Honeycomb Einbauleuchten<\/strong> sind f\u00fcr die Installation in Decken und W\u00e4nden vorgesehen. Sie sind einfach zu installieren und k\u00f6nnen als Einzelleuchten oder als durchgehendes System f\u00fcr die Beleuchtung von B\u00fcros, Gesch\u00e4ften, Einkaufszentren und Restaurants verwendet werden. <\/p>\n<p>Der spezielle, blendfreie Wabendiffusor sorgt f\u00fcr perfekten Sehkomfort, eine sehr angenehme, weiche Lichtabgabe und ein modernes Aussehen der Leuchte. Der Wabendiffusor kann in Schwarz, Gold oder Silber lackiert werden. <\/p>\n<p>Neman verwendet hochwertige 3-stufige MacAdam-LEDs mit einem wei\u00dfen Farbbereich von 2700K &#8211; 4000K, einem abstimmbaren wei\u00dfen Farbbereich von 2700 &#8211; 6500K und einem hohen Farbwiedergabeindex (CRI), der CRI90+ betr\u00e4gt, mit einer Option f\u00fcr CRI95+. Neben der Standardausf\u00fchrung ist auch eine Version mit hoher Leistung erh\u00e4ltlich. <\/p>\n<p>Neman Opal-Einbauleuchten lassen sich mit Hilfe von Haltefedern leicht in die Decke einbauen und ben\u00f6tigen nichts weiter als ein Loch zum Einsetzen. Die Standardfarben der Leuchte sind Wei\u00df, Schwarz oder Grau. Die Neman-Leuchte kann jedoch in jeder RAL-Farbe und in fast jeder L\u00e4nge geliefert werden.[\/vc_column_text][vc_single_image source=&#8220;external_link&#8220; external_img_size=&#8220;380&#215;25&#8243; css=&#8220;&#8220; custom_src=&#8220;https:\/\/www.holectron.com\/wp-content\/uploads\/features-logos-w-h-a2.svg&#8220; el_id=&#8220;0002&#8243;][\/vc_column][\/vc_row]<\/p>\n<\/div>","protected":false},"excerpt":{"rendered":"<p>[vc_row gap=&#8220;30&#8243;][vc_column width=&#8220;1\/2&#8243;][vc_single_image image=&#8220;102251&#8243; img_size=&#8220;680&#215;400&#8243; css=&#8220;&#8220;][\/vc_column][vc_column width=&#8220;1\/2&#8243;][vc_column_text]Neman Honeycomb Einbauleuchten sind f\u00fcr die Installation in Decken und W\u00e4nden vorgesehen. Sie sind einfach zu installieren und k\u00f6nnen als Einzelleuchten oder als durchgehendes System f\u00fcr die Beleuchtung von B\u00fcros, Gesch\u00e4ften, Einkaufszentren und Restaurants verwendet werden. Der spezielle, blendfreie Wabendiffusor sorgt f\u00fcr perfekten Sehkomfort, eine sehr angenehme, weiche Lichtabgabe [&hellip;]<\/p>\n","protected":false},"author":4,"featured_media":123783,"parent":123753,"menu_order":2,"comment_status":"closed","ping_status":"closed","template":"tpl-product-led.php","meta":{"footnotes":""},"related":[118],"filter":[342,343,362,365],"acf":[],"aioseo_notices":[],"_links":{"self":[{"href":"https:\/\/www.holectron.com\/de\/wp-json\/wp\/v2\/pages\/123771"}],"collection":[{"href":"https:\/\/www.holectron.com\/de\/wp-json\/wp\/v2\/pages"}],"about":[{"href":"https:\/\/www.holectron.com\/de\/wp-json\/wp\/v2\/types\/page"}],"author":[{"embeddable":true,"href":"https:\/\/www.holectron.com\/de\/wp-json\/wp\/v2\/users\/4"}],"replies":[{"embeddable":true,"href":"https:\/\/www.holectron.com\/de\/wp-json\/wp\/v2\/comments?post=123771"}],"version-history":[{"count":0,"href":"https:\/\/www.holectron.com\/de\/wp-json\/wp\/v2\/pages\/123771\/revisions"}],"up":[{"embeddable":true,"href":"https:\/\/www.holectron.com\/de\/wp-json\/wp\/v2\/pages\/123753"}],"wp:featuredmedia":[{"embeddable":true,"href":"https:\/\/www.holectron.com\/de\/wp-json\/wp\/v2\/media\/123783"}],"wp:attachment":[{"href":"https:\/\/www.holectron.com\/de\/wp-json\/wp\/v2\/media?parent=123771"}],"wp:term":[{"taxonomy":"related","embeddable":true,"href":"https:\/\/www.holectron.com\/de\/wp-json\/wp\/v2\/related?post=123771"},{"taxonomy":"filter","embeddable":true,"href":"https:\/\/www.holectron.com\/de\/wp-json\/wp\/v2\/filter?post=123771"}],"curies":[{"name":"wp","href":"https:\/\/api.w.org\/{rel}","templated":true}]}}