{"id":123607,"date":"2025-06-11T17:43:59","date_gmt":"2025-06-11T15:43:59","guid":{"rendered":"https:\/\/www.holectron.com\/neman-blank-oberflaeche\/"},"modified":"2026-03-02T11:51:46","modified_gmt":"2026-03-02T09:51:46","slug":"neman-blank-oberflaeche","status":"publish","type":"page","link":"https:\/\/www.holectron.com\/de\/produkte\/leuchten-fuer-innenraeume\/beleuchtungskoerper\/neman-blank\/neman-blank-oberflaeche\/","title":{"rendered":"Neman Blank Oberfl\u00e4che"},"content":{"rendered":"<div class=\"wpb-content-wrapper\"><p>[vc_row gap=&#8220;30&#8243;][vc_column width=&#8220;1\/2&#8243;][vc_single_image image=&#8220;101642&#8243; img_size=&#8220;full&#8220; css=&#8220;&#8220;][\/vc_column][vc_column width=&#8220;1\/2&#8243;][vc_column_text css=&#8220;&#8220;]<strong>Neman Surface<\/strong> Leuchten sind f\u00fcr die Montage an der Decke konzipiert. Sie k\u00f6nnen als Einzelleuchten verwendet werden oder ein durchgehendes Beleuchtungssystem f\u00fcr die Beleuchtung von B\u00fcros, Gesch\u00e4ften, Einkaufszentren und Restaurants bilden. <\/p>\n<p>Neman verwendet hochwertige 3-stufige MacAdam-LEDs mit einem wei\u00dfen Farbbereich von 2700K &#8211; 4000K, einem abstimmbaren wei\u00dfen Farbbereich von 2700 &#8211; 6500K und einem hohen Farbwiedergabeindex (CRI), der CRI90+ betr\u00e4gt, mit einer Option f\u00fcr CRI95+. Neben der Standardausf\u00fchrung ist auch eine Version mit hoher Leistung erh\u00e4ltlich. <\/p>\n<p>Die Geh\u00e4use der Neman Surface Leuchten sind standardm\u00e4\u00dfig in den Farben Wei\u00df, Schwarz oder Grau erh\u00e4ltlich. Diese Neman-Leuchte kann jedoch auf jede RAL-Farbe und fast jede L\u00e4nge angepasst werden.[\/vc_column_text][vc_single_image source=&#8220;external_link&#8220; external_img_size=&#8220;380&#215;33&#8243; css=&#8220;&#8220; custom_src=&#8220;https:\/\/www.holectron.com\/wp-content\/uploads\/features-with-etl-1.svg&#8220; el_id=&#8220;0002&#8243;][\/vc_column][\/vc_row]<\/p>\n<\/div>","protected":false},"excerpt":{"rendered":"<p>[vc_row gap=&#8220;30&#8243;][vc_column width=&#8220;1\/2&#8243;][vc_single_image image=&#8220;101642&#8243; img_size=&#8220;full&#8220; css=&#8220;&#8220;][\/vc_column][vc_column width=&#8220;1\/2&#8243;][vc_column_text css=&#8220;&#8220;]Neman Surface Leuchten sind f\u00fcr die Montage an der Decke konzipiert. Sie k\u00f6nnen als Einzelleuchten verwendet werden oder ein durchgehendes Beleuchtungssystem f\u00fcr die Beleuchtung von B\u00fcros, Gesch\u00e4ften, Einkaufszentren und Restaurants bilden. Neman verwendet hochwertige 3-stufige MacAdam-LEDs mit einem wei\u00dfen Farbbereich von 2700K &#8211; 4000K, einem abstimmbaren wei\u00dfen Farbbereich [&hellip;]<\/p>\n","protected":false},"author":15,"featured_media":122898,"parent":123608,"menu_order":1,"comment_status":"closed","ping_status":"closed","template":"tpl-product-led.php","meta":{"footnotes":""},"related":[118,213],"filter":[],"acf":[],"aioseo_notices":[],"_links":{"self":[{"href":"https:\/\/www.holectron.com\/de\/wp-json\/wp\/v2\/pages\/123607"}],"collection":[{"href":"https:\/\/www.holectron.com\/de\/wp-json\/wp\/v2\/pages"}],"about":[{"href":"https:\/\/www.holectron.com\/de\/wp-json\/wp\/v2\/types\/page"}],"author":[{"embeddable":true,"href":"https:\/\/www.holectron.com\/de\/wp-json\/wp\/v2\/users\/15"}],"replies":[{"embeddable":true,"href":"https:\/\/www.holectron.com\/de\/wp-json\/wp\/v2\/comments?post=123607"}],"version-history":[{"count":0,"href":"https:\/\/www.holectron.com\/de\/wp-json\/wp\/v2\/pages\/123607\/revisions"}],"up":[{"embeddable":true,"href":"https:\/\/www.holectron.com\/de\/wp-json\/wp\/v2\/pages\/123608"}],"wp:featuredmedia":[{"embeddable":true,"href":"https:\/\/www.holectron.com\/de\/wp-json\/wp\/v2\/media\/122898"}],"wp:attachment":[{"href":"https:\/\/www.holectron.com\/de\/wp-json\/wp\/v2\/media?parent=123607"}],"wp:term":[{"taxonomy":"related","embeddable":true,"href":"https:\/\/www.holectron.com\/de\/wp-json\/wp\/v2\/related?post=123607"},{"taxonomy":"filter","embeddable":true,"href":"https:\/\/www.holectron.com\/de\/wp-json\/wp\/v2\/filter?post=123607"}],"curies":[{"name":"wp","href":"https:\/\/api.w.org\/{rel}","templated":true}]}}