{"id":123606,"date":"2025-06-05T18:26:59","date_gmt":"2025-06-05T16:26:59","guid":{"rendered":"https:\/\/www.holectron.com\/neman-blank-vertieft\/"},"modified":"2026-03-02T11:52:00","modified_gmt":"2026-03-02T09:52:00","slug":"neman-blank-vertieft","status":"publish","type":"page","link":"https:\/\/www.holectron.com\/de\/produkte\/leuchten-fuer-innenraeume\/beleuchtungskoerper\/neman-blank\/neman-blank-vertieft\/","title":{"rendered":"Neman Blank Vertieft"},"content":{"rendered":"<div class=\"wpb-content-wrapper\"><p>[vc_row gap=&#8220;30&#8243;][vc_column width=&#8220;1\/2&#8243;][vc_single_image image=&#8220;102251&#8243; img_size=&#8220;680&#215;400&#8243; css=&#8220;&#8220;][\/vc_column][vc_column width=&#8220;1\/2&#8243;][vc_column_text css=&#8220;&#8220;]<strong>Neman Einbauleuchten<\/strong> sind f\u00fcr den Einbau in Decken und W\u00e4nde konzipiert. Sie sind einfach zu installieren und k\u00f6nnen als Einzelleuchten oder als durchg\u00e4ngiges Beleuchtungssystem f\u00fcr B\u00fcros, Gesch\u00e4fte, Einkaufszentren und Restaurants eingesetzt werden. <\/p>\n<p>Neman verwendet hochwertige 3-stufige MacAdam-LEDs mit einem wei\u00dfen Farbbereich von 2700K &#8211; 4000K, einem abstimmbaren wei\u00dfen Farbbereich von 2700 &#8211; 6500K und einem hohen Farbwiedergabeindex (CRI), der CRI90+ betr\u00e4gt, mit einer Option f\u00fcr CRI95+. Neben der Standardausf\u00fchrung ist auch eine Version mit hoher Leistung erh\u00e4ltlich. <\/p>\n<p>Neman-Einbauleuchten lassen sich mit Hilfe von Haltefedern leicht in die Decke einbauen und ben\u00f6tigen nichts weiter als ein Loch zum Einsetzen. Die Farben der Leuchten sind standardm\u00e4\u00dfig wei\u00df, schwarz oder grau. Die Neman-Leuchten k\u00f6nnen jedoch in jeder RAL-Farbe und in fast jeder L\u00e4nge geliefert werden.[\/vc_column_text][vc_single_image source=&#8220;external_link&#8220; external_img_size=&#8220;380&#215;33&#8243; css=&#8220;&#8220; custom_src=&#8220;https:\/\/www.holectron.com\/wp-content\/uploads\/features-with-etl-1.svg&#8220; el_id=&#8220;0002&#8243;][\/vc_column][\/vc_row]<\/p>\n<\/div>","protected":false},"excerpt":{"rendered":"<p>[vc_row gap=&#8220;30&#8243;][vc_column width=&#8220;1\/2&#8243;][vc_single_image image=&#8220;102251&#8243; img_size=&#8220;680&#215;400&#8243; css=&#8220;&#8220;][\/vc_column][vc_column width=&#8220;1\/2&#8243;][vc_column_text css=&#8220;&#8220;]Neman Einbauleuchten sind f\u00fcr den Einbau in Decken und W\u00e4nde konzipiert. Sie sind einfach zu installieren und k\u00f6nnen als Einzelleuchten oder als durchg\u00e4ngiges Beleuchtungssystem f\u00fcr B\u00fcros, Gesch\u00e4fte, Einkaufszentren und Restaurants eingesetzt werden. Neman verwendet hochwertige 3-stufige MacAdam-LEDs mit einem wei\u00dfen Farbbereich von 2700K &#8211; 4000K, einem abstimmbaren wei\u00dfen [&hellip;]<\/p>\n","protected":false},"author":15,"featured_media":122895,"parent":123608,"menu_order":0,"comment_status":"closed","ping_status":"closed","template":"tpl-product-led.php","meta":{"footnotes":""},"related":[213],"filter":[],"acf":[],"aioseo_notices":[],"_links":{"self":[{"href":"https:\/\/www.holectron.com\/de\/wp-json\/wp\/v2\/pages\/123606"}],"collection":[{"href":"https:\/\/www.holectron.com\/de\/wp-json\/wp\/v2\/pages"}],"about":[{"href":"https:\/\/www.holectron.com\/de\/wp-json\/wp\/v2\/types\/page"}],"author":[{"embeddable":true,"href":"https:\/\/www.holectron.com\/de\/wp-json\/wp\/v2\/users\/15"}],"replies":[{"embeddable":true,"href":"https:\/\/www.holectron.com\/de\/wp-json\/wp\/v2\/comments?post=123606"}],"version-history":[{"count":0,"href":"https:\/\/www.holectron.com\/de\/wp-json\/wp\/v2\/pages\/123606\/revisions"}],"up":[{"embeddable":true,"href":"https:\/\/www.holectron.com\/de\/wp-json\/wp\/v2\/pages\/123608"}],"wp:featuredmedia":[{"embeddable":true,"href":"https:\/\/www.holectron.com\/de\/wp-json\/wp\/v2\/media\/122895"}],"wp:attachment":[{"href":"https:\/\/www.holectron.com\/de\/wp-json\/wp\/v2\/media?parent=123606"}],"wp:term":[{"taxonomy":"related","embeddable":true,"href":"https:\/\/www.holectron.com\/de\/wp-json\/wp\/v2\/related?post=123606"},{"taxonomy":"filter","embeddable":true,"href":"https:\/\/www.holectron.com\/de\/wp-json\/wp\/v2\/filter?post=123606"}],"curies":[{"name":"wp","href":"https:\/\/api.w.org\/{rel}","templated":true}]}}