{"id":123190,"date":"2021-03-26T10:21:07","date_gmt":"2021-03-26T08:21:07","guid":{"rendered":"https:\/\/www.holectron.com\/produkte\/leuchten-fuer-innenraeume\/beleuchtungskoerper\/neman-mesh-anhaenger\/"},"modified":"2026-03-12T16:03:53","modified_gmt":"2026-03-12T14:03:53","slug":"neman-mesh-anhaenger","status":"publish","type":"page","link":"https:\/\/www.holectron.com\/de\/produkte\/leuchten-fuer-innenraeume\/beleuchtungskoerper\/neman-mesh-anhaenger\/","title":{"rendered":"Neman Mesh &#8211; Anh\u00e4nger"},"content":{"rendered":"<div class=\"wpb-content-wrapper\"><p>[vc_row gap=&#8220;35&#8243; content_placement=&#8220;middle&#8220;][vc_column width=&#8220;1\/2&#8243;][vc_single_image image=&#8220;64108&#8243; img_size=&#8220;full&#8220;][\/vc_column][vc_column width=&#8220;1\/2&#8243;][vc_column_text]<\/p>\n<h2>Bauen Sie unerwartet<\/h2>\n<p>\u00dcberraschend. Beleuchten Sie R\u00e4ume auf neue, kreative und unerwartete Weise durch die Verwendung der hochgradig modifizierbaren Formen von Neman Mesh. <\/p>\n<p>Die Neman Mesh-Struktur kann durch das Verbinden verschiedener Formen und Elemente zu einem riesigen Netzwerk aufgebaut werden. Damit k\u00f6nnen Sie Ihr Lichtdesign auf eine h\u00f6here Ebene bringen, auf der sich Kreativit\u00e4t und Licht zu einem echten Beleuchtungsmeisterwerk vereinen.[\/vc_column_text][vc_single_image source=&#8220;external_link&#8220; external_img_size=&#8220;380&#215;25&#8243; css=&#8220;&#8220; custom_src=&#8220;https:\/\/www.holectron.com\/wp-content\/uploads\/features-with-etl.svg&#8220;][\/vc_column][\/vc_row][vc_row][vc_column][vc_empty_space height=&#8220;40px&#8220;][\/vc_column][\/vc_row][vc_row gap=&#8220;35&#8243; content_placement=&#8220;middle&#8220;][vc_column width=&#8220;1\/2&#8243; offset=&#8220;vc_hidden-xs&#8220;][vc_column_text]<\/p>\n<h2>Gestalten Sie Ihr Licht<\/h2>\n<p>Anpassungsf\u00e4hig. Machen Sie die Leuchte zu einem Teil Ihres kreativen Ausdrucks, um ein wahres Meisterwerk der Beleuchtung zu schaffen. So umfangreich und verbl\u00fcffend wie Ihre Vorstellungskraft.  <\/p>\n<p>F\u00fchlen Sie sich wie Mozart mit Neman Mesh! Stellen Sie Ihr Muster zusammen, indem Sie verschiedene Formen und Cover miteinander verbinden oder eigene Formen erstellen.[\/vc_column_text][\/vc_column][vc_column width=&#8220;1\/2&#8243; offset=&#8220;vc_hidden-xs&#8220;][vc_single_image image=&#8220;62598&#8243; img_size=&#8220;full&#8220;][\/vc_column][\/vc_row][vc_row gap=&#8220;35&#8243; content_placement=&#8220;middle&#8220;][vc_column width=&#8220;1\/2&#8243; offset=&#8220;vc_hidden-lg vc_hidden-md vc_hidden-sm&#8220;][vc_single_image image=&#8220;52524&#8243; img_size=&#8220;full&#8220;][\/vc_column][vc_column width=&#8220;1\/2&#8243; offset=&#8220;vc_hidden-lg vc_hidden-md vc_hidden-sm&#8220;][vc_column_text]<\/p>\n<h2>Gestalten Sie Ihr Licht<\/h2>\n<p>Anpassungsf\u00e4hig. Machen Sie die Leuchte zu einem Teil Ihres kreativen Ausdrucks, um ein wahres Meisterwerk der Beleuchtung zu schaffen. So umfangreich und verbl\u00fcffend wie Ihre Vorstellungskraft.  <\/p>\n<p>F\u00fchlen Sie sich wie Mozart mit Neman Mesh! Stellen Sie Ihr Muster zusammen, indem Sie verschiedene Formen und Cover miteinander verbinden oder eigene Formen erstellen.[\/vc_column_text][\/vc_column][\/vc_row][vc_row][vc_column][vc_empty_space height=&#8220;40px&#8220;][\/vc_column][\/vc_row][vc_row gap=&#8220;35&#8243; content_placement=&#8220;middle&#8220;][vc_column width=&#8220;1\/2&#8243;][vc_single_image image=&#8220;52579&#8243; img_size=&#8220;680&#215;400&#8243;][\/vc_column][vc_column width=&#8220;1\/2&#8243;][vc_column_text]<\/p>\n<h2>Fast unsichtbar<\/h2>\n<p>Alle Aufh\u00e4ngesets h\u00e4ngen die Leuchte in der Mitte einer Fuge auf, was von oben nicht leicht zu sehen ist![\/vc_column_text][\/vc_column][\/vc_row][vc_row][vc_column][vc_empty_space height=&#8220;40px&#8220;][\/vc_column][\/vc_row][vc_row gap=&#8220;35&#8243; content_placement=&#8220;middle&#8220;][vc_column width=&#8220;1\/2&#8243; offset=&#8220;vc_hidden-xs&#8220;][vc_column_text]<\/p>\n<h2>Nur 1<\/h2>\n<p>Nur ein einziges Stromkabel f\u00fcr das gesamte Netzwerk.[\/vc_column_text][\/vc_column][vc_column width=&#8220;1\/2&#8243; offset=&#8220;vc_hidden-xs&#8220;][vc_single_image image=&#8220;52620&#8243; img_size=&#8220;full&#8220;][\/vc_column][\/vc_row][vc_row gap=&#8220;35&#8243; content_placement=&#8220;middle&#8220;][vc_column width=&#8220;1\/2&#8243; offset=&#8220;vc_hidden-lg vc_hidden-md vc_hidden-sm&#8220;][vc_single_image image=&#8220;52620&#8243; img_size=&#8220;full&#8220;][\/vc_column][vc_column width=&#8220;1\/2&#8243; offset=&#8220;vc_hidden-lg vc_hidden-md vc_hidden-sm&#8220;][vc_column_text]<\/p>\n<h2>Nur 1<\/h2>\n<p>Nur ein einziges Stromkabel f\u00fcr das gesamte Netzwerk.[\/vc_column_text][\/vc_column][\/vc_row][vc_row][vc_column][vc_empty_space height=&#8220;40px&#8220;][\/vc_column][\/vc_row][vc_row gap=&#8220;35&#8243; content_placement=&#8220;middle&#8220;][vc_column width=&#8220;1\/2&#8243;][vc_single_image image=&#8220;53612&#8243; img_size=&#8220;full&#8220;][\/vc_column][vc_column width=&#8220;1\/2&#8243;][vc_column_text]<\/p>\n<h2><a style=\"text-decoration: none;\" href=\"https:\/\/www.holectron.com\/wp-content\/uploads\/neman-mesh-2022-10-13.pdf\" target=\"_blank\" rel=\"noopener\"><br \/><span style=\"color: #333333;\"><br \/>Brosch\u00fcre herunterladen &#8222;<\/span><\/a><\/h2>\n<p>[\/vc_column_text][\/vc_column][\/vc_row][vc_row][vc_column][vc_empty_space height=&#8220;40px&#8220;][\/vc_column][\/vc_row][vc_row gap=&#8220;35&#8243;][vc_column width=&#8220;1\/2&#8243; offset=&#8220;vc_hidden-xs&#8220;][vc_column_text]<\/p>\n<h2>Abmessungen des Hexagon Mesh Systems<\/h2>\n<p>[\/vc_column_text][vc_column_text]<\/p>\n<table>\n<tbody>\n<tr>\n<td width=\"128\"><strong>Module, mm<\/strong><\/td>\n<td width=\"128\"><strong>P*, mm<\/strong><\/td>\n<td width=\"128\"><strong>L1, mm<\/strong><\/td>\n<td width=\"128\"><strong>L2, mm<\/strong><\/td>\n<td width=\"128\"><strong>L3, mm<\/strong><\/td>\n<\/tr>\n<tr>\n<td width=\"128\"><b>  <\/b><\/td>\n<td width=\"128\"><\/td>\n<td width=\"128\"><\/td>\n<td width=\"128\"><b> <\/b><\/td>\n<td width=\"128\"><b> <\/b><\/td>\n<\/tr>\n<tr>\n<td width=\"128\"><strong>840<\/strong><\/td>\n<td width=\"128\">33.6<\/td>\n<td width=\"128\">1541.82<\/td>\n<td width=\"128\">3050.04<\/td>\n<td width=\"128\">4558.26<\/td>\n<\/tr>\n<tr>\n<td width=\"128\"><strong>1120<\/strong><\/td>\n<td width=\"128\">33.6<\/td>\n<td width=\"128\">2026.79<\/td>\n<td width=\"128\">4019.98<\/td>\n<td width=\"128\">6013.17<\/td>\n<\/tr>\n<tr>\n<td width=\"128\"><strong>1400<\/strong><\/td>\n<td width=\"128\">33.6<\/td>\n<td width=\"128\">2511.77<\/td>\n<td width=\"128\">4989.94<\/td>\n<td width=\"128\">7468.11<\/td>\n<\/tr>\n<tr>\n<td width=\"128\"><strong>1680<\/strong><\/td>\n<td width=\"128\">33.6<\/td>\n<td width=\"128\">2996.74<\/td>\n<td width=\"128\">5959.88<\/td>\n<td width=\"128\">8923.02<\/td>\n<\/tr>\n<tr>\n<td width=\"128\"><strong>1960<\/strong><\/td>\n<td width=\"128\">33.6<\/td>\n<td width=\"128\">3481.72<\/td>\n<td width=\"128\">6929.84<\/td>\n<td width=\"128\">10377.96<\/td>\n<\/tr>\n<tr>\n<td width=\"128\"><strong>2240<\/strong><\/td>\n<td width=\"128\">33.6<\/td>\n<td width=\"128\">3966.69<\/td>\n<td width=\"128\">7899.78<\/td>\n<td width=\"128\">11832.87<\/td>\n<\/tr>\n<tr>\n<td width=\"128\"><strong>2520<\/strong><\/td>\n<td width=\"128\">33.6<\/td>\n<td width=\"128\">4451.66<\/td>\n<td width=\"128\">8869.72<\/td>\n<td width=\"128\">13287.78<\/td>\n<\/tr>\n<tr>\n<td width=\"128\"><strong>2800<\/strong><\/td>\n<td width=\"128\">33.6<\/td>\n<td width=\"128\">4936.64<\/td>\n<td width=\"128\">9839.68<\/td>\n<td width=\"128\">14742.72<\/td>\n<\/tr>\n<tr>\n<td width=\"128\"><strong>3080<\/strong><\/td>\n<td width=\"128\">33.6<\/td>\n<td width=\"128\">5421.61<\/td>\n<td width=\"128\">10809.62<\/td>\n<td width=\"128\">16197.63<\/td>\n<\/tr>\n<\/tbody>\n<\/table>\n<p>[\/vc_column_text][vc_column_text]P* &#8211; Profilbreite[\/vc_column_text][vc_separator][vc_column_text]<\/p>\n<table>\n<tbody>\n<tr>\n<td width=\"128\"><strong>Module, mm<\/strong><\/td>\n<td width=\"128\"><strong>i, mm<\/strong><\/td>\n<td width=\"128\"><strong>L, mm<\/strong><\/td>\n<td width=\"128\"><strong>Ams, mm<\/strong><\/td>\n<\/tr>\n<tr>\n<td width=\"128\"><b>  <\/b><\/td>\n<td width=\"128\"><b> <\/b><\/td>\n<td width=\"128\"><b> <\/b><\/td>\n<td width=\"128\"><b> <\/b><\/td>\n<\/tr>\n<tr>\n<td width=\"128\"><strong>840<\/strong><\/td>\n<td width=\"128\">874.9<\/td>\n<td width=\"128\">1763.02<\/td>\n<td width=\"128\">3070<\/td>\n<\/tr>\n<tr>\n<td width=\"128\"><strong>1120<\/strong><\/td>\n<td width=\"128\">1154.9<\/td>\n<td width=\"128\">2323.03<\/td>\n<td width=\"128\">4050<\/td>\n<\/tr>\n<tr>\n<td width=\"128\"><strong>1400<\/strong><\/td>\n<td width=\"128\">1434.9<\/td>\n<td width=\"128\">2883.02<\/td>\n<td width=\"128\">5030<\/td>\n<\/tr>\n<tr>\n<td width=\"128\"><strong>1680<\/strong><\/td>\n<td width=\"128\">1714.9<\/td>\n<td width=\"128\">3443.02<\/td>\n<td width=\"128\">6010<\/td>\n<\/tr>\n<tr>\n<td width=\"128\"><strong>1960<\/strong><\/td>\n<td width=\"128\">1994.9<\/td>\n<td width=\"128\">4003.02<\/td>\n<td width=\"128\">6990<\/td>\n<\/tr>\n<tr>\n<td width=\"128\"><strong>2240<\/strong><\/td>\n<td width=\"128\">2274.9<\/td>\n<td width=\"128\">4563.02<\/td>\n<td width=\"128\">7970<\/td>\n<\/tr>\n<tr>\n<td width=\"128\"><strong>2520<\/strong><\/td>\n<td width=\"128\">2554.9<\/td>\n<td width=\"128\">5123.02<\/td>\n<td width=\"128\">8950<\/td>\n<\/tr>\n<tr>\n<td width=\"128\"><strong>2800<\/strong><\/td>\n<td width=\"128\">2834.9<\/td>\n<td width=\"128\">5683.02<\/td>\n<td width=\"128\">9930<\/td>\n<\/tr>\n<tr>\n<td width=\"128\"><strong>3080<\/strong><\/td>\n<td width=\"128\">3114.9<\/td>\n<td width=\"128\">6243.02<\/td>\n<td width=\"128\">10910<\/td>\n<\/tr>\n<\/tbody>\n<\/table>\n<p>[\/vc_column_text][\/vc_column][vc_column width=&#8220;1\/2&#8243; offset=&#8220;vc_hidden-xs&#8220;][vc_single_image image=&#8220;62313&#8243; img_size=&#8220;full&#8220;][vc_column_text]<\/p>\n<h2 style=\"text-align: center;\">Gelenke<\/h2>\n<p>[\/vc_column_text][vc_row_inner][vc_column_inner width=&#8220;1\/3&#8243;][vc_single_image image=&#8220;62429&#8243; img_size=&#8220;medium&#8220; alignment=&#8220;center&#8220;][vc_column_text]<\/p>\n<p style=\"text-align: center;\">Y3-Gelenk<\/p>\n<p>[\/vc_column_text][\/vc_column_inner][vc_column_inner width=&#8220;1\/3&#8243;][vc_single_image image=&#8220;62428&#8243; img_size=&#8220;medium&#8220; alignment=&#8220;center&#8220;][vc_column_text]<\/p>\n<p style=\"text-align: center;\">Y2-Gelenk<\/p>\n<p>[\/vc_column_text][\/vc_column_inner][vc_column_inner width=&#8220;1\/3&#8243;][\/vc_column_inner][\/vc_row_inner][\/vc_column][\/vc_row][vc_row gap=&#8220;35&#8243;][vc_column width=&#8220;1\/2&#8243; offset=&#8220;vc_hidden-lg vc_hidden-md vc_hidden-sm&#8220;][vc_column_text]<\/p>\n<h2>Abmessungen des Hexagon Mesh Systems<\/h2>\n<p>[\/vc_column_text][vc_single_image image=&#8220;62313&#8243; img_size=&#8220;full&#8220;][vc_column_text]<\/p>\n<table>\n<tbody>\n<tr>\n<td width=\"128\"><strong>Module, mm<\/strong><\/td>\n<td width=\"128\"><strong>P*, mm<\/strong><\/td>\n<td width=\"128\"><strong>L1, mm<\/strong><\/td>\n<td width=\"128\"><strong>L2, mm<\/strong><\/td>\n<td width=\"128\"><strong>L3, mm<\/strong><\/td>\n<\/tr>\n<tr>\n<td width=\"128\"><b>  <\/b><\/td>\n<td width=\"128\"><\/td>\n<td width=\"128\"><\/td>\n<td width=\"128\"><b> <\/b><\/td>\n<td width=\"128\"><b> <\/b><\/td>\n<\/tr>\n<tr>\n<td width=\"128\"><strong>840<\/strong><\/td>\n<td width=\"128\">33.6<\/td>\n<td width=\"128\">1541.82<\/td>\n<td width=\"128\">3050.04<\/td>\n<td width=\"128\">4558.26<\/td>\n<\/tr>\n<tr>\n<td width=\"128\"><strong>1120<\/strong><\/td>\n<td width=\"128\">33.6<\/td>\n<td width=\"128\">2026.79<\/td>\n<td width=\"128\">4019.98<\/td>\n<td width=\"128\">6013.17<\/td>\n<\/tr>\n<tr>\n<td width=\"128\"><strong>1400<\/strong><\/td>\n<td width=\"128\">33.6<\/td>\n<td width=\"128\">2511.77<\/td>\n<td width=\"128\">4989.94<\/td>\n<td width=\"128\">7468.11<\/td>\n<\/tr>\n<tr>\n<td width=\"128\"><strong>1680<\/strong><\/td>\n<td width=\"128\">33.6<\/td>\n<td width=\"128\">2996.74<\/td>\n<td width=\"128\">5959.88<\/td>\n<td width=\"128\">8923.02<\/td>\n<\/tr>\n<tr>\n<td width=\"128\"><strong>1960<\/strong><\/td>\n<td width=\"128\">33.6<\/td>\n<td width=\"128\">3481.72<\/td>\n<td width=\"128\">6929.84<\/td>\n<td width=\"128\">10377.96<\/td>\n<\/tr>\n<tr>\n<td width=\"128\"><strong>2240<\/strong><\/td>\n<td width=\"128\">33.6<\/td>\n<td width=\"128\">3966.69<\/td>\n<td width=\"128\">7899.78<\/td>\n<td width=\"128\">11832.87<\/td>\n<\/tr>\n<tr>\n<td width=\"128\"><strong>2520<\/strong><\/td>\n<td width=\"128\">33.6<\/td>\n<td width=\"128\">4451.66<\/td>\n<td width=\"128\">8869.72<\/td>\n<td width=\"128\">13287.78<\/td>\n<\/tr>\n<tr>\n<td width=\"128\"><strong>2800<\/strong><\/td>\n<td width=\"128\">33.6<\/td>\n<td width=\"128\">4936.64<\/td>\n<td width=\"128\">9839.68<\/td>\n<td width=\"128\">14742.72<\/td>\n<\/tr>\n<tr>\n<td width=\"128\"><strong>3080<\/strong><\/td>\n<td width=\"128\">33.6<\/td>\n<td width=\"128\">5421.61<\/td>\n<td width=\"128\">10809.62<\/td>\n<td width=\"128\">16197.63<\/td>\n<\/tr>\n<\/tbody>\n<\/table>\n<p>[\/vc_column_text][vc_column_text]P* &#8211; Profilbreite[\/vc_column_text][vc_separator][vc_column_text]<\/p>\n<table>\n<tbody>\n<tr>\n<td width=\"128\"><strong>Module, mm<\/strong><\/td>\n<td width=\"128\"><strong>i, mm<\/strong><\/td>\n<td width=\"128\"><strong>L, mm<\/strong><\/td>\n<td width=\"128\"><strong>Ams, mm<\/strong><\/td>\n<\/tr>\n<tr>\n<td width=\"128\"><b>  <\/b><\/td>\n<td width=\"128\"><b> <\/b><\/td>\n<td width=\"128\"><b> <\/b><\/td>\n<td width=\"128\"><b> <\/b><\/td>\n<\/tr>\n<tr>\n<td width=\"128\"><strong>840<\/strong><\/td>\n<td width=\"128\">874.9<\/td>\n<td width=\"128\">1763.02<\/td>\n<td width=\"128\">3070<\/td>\n<\/tr>\n<tr>\n<td width=\"128\"><strong>1120<\/strong><\/td>\n<td width=\"128\">1154.9<\/td>\n<td width=\"128\">2323.03<\/td>\n<td width=\"128\">4050<\/td>\n<\/tr>\n<tr>\n<td width=\"128\"><strong>1400<\/strong><\/td>\n<td width=\"128\">1434.9<\/td>\n<td width=\"128\">2883.02<\/td>\n<td width=\"128\">5030<\/td>\n<\/tr>\n<tr>\n<td width=\"128\"><strong>1680<\/strong><\/td>\n<td width=\"128\">1714.9<\/td>\n<td width=\"128\">3443.02<\/td>\n<td width=\"128\">6010<\/td>\n<\/tr>\n<tr>\n<td width=\"128\"><strong>1960<\/strong><\/td>\n<td width=\"128\">1994.9<\/td>\n<td width=\"128\">4003.02<\/td>\n<td width=\"128\">6990<\/td>\n<\/tr>\n<tr>\n<td width=\"128\"><strong>2240<\/strong><\/td>\n<td width=\"128\">2274.9<\/td>\n<td width=\"128\">4563.02<\/td>\n<td width=\"128\">7970<\/td>\n<\/tr>\n<tr>\n<td width=\"128\"><strong>2520<\/strong><\/td>\n<td width=\"128\">2554.9<\/td>\n<td width=\"128\">5123.02<\/td>\n<td width=\"128\">8950<\/td>\n<\/tr>\n<tr>\n<td width=\"128\"><strong>2800<\/strong><\/td>\n<td width=\"128\">2834.9<\/td>\n<td width=\"128\">5683.02<\/td>\n<td width=\"128\">9930<\/td>\n<\/tr>\n<tr>\n<td width=\"128\"><strong>3080<\/strong><\/td>\n<td width=\"128\">3114.9<\/td>\n<td width=\"128\">6243.02<\/td>\n<td width=\"128\">10910<\/td>\n<\/tr>\n<\/tbody>\n<\/table>\n<p>[\/vc_column_text][\/vc_column][vc_column width=&#8220;1\/2&#8243; offset=&#8220;vc_hidden-lg vc_hidden-md vc_hidden-sm&#8220;][vc_column_text]<\/p>\n<h2 style=\"text-align: center;\">Gelenke<\/h2>\n<p>[\/vc_column_text][vc_row_inner][vc_column_inner width=&#8220;1\/3&#8243;][vc_single_image image=&#8220;62429&#8243; img_size=&#8220;medium&#8220; alignment=&#8220;center&#8220;][vc_column_text]<\/p>\n<p style=\"text-align: center;\">Y3-Gelenk<\/p>\n<p>[\/vc_column_text][\/vc_column_inner][vc_column_inner width=&#8220;1\/3&#8243;][vc_single_image image=&#8220;62428&#8243; img_size=&#8220;medium&#8220; alignment=&#8220;center&#8220;][vc_column_text]<\/p>\n<p style=\"text-align: center;\">Y2-Gelenk<\/p>\n<p>[\/vc_column_text][\/vc_column_inner][vc_column_inner width=&#8220;1\/3&#8243;][\/vc_column_inner][\/vc_row_inner][\/vc_column][\/vc_row][vc_row gap=&#8220;35&#8243;][vc_column width=&#8220;1\/2&#8243;][vc_column_text]<\/p>\n<h2>Abmessungen des Quadratmaschen-Systems<\/h2>\n<p>[\/vc_column_text][vc_single_image image=&#8220;62378&#8243; img_size=&#8220;full&#8220;][\/vc_column][vc_column width=&#8220;1\/2&#8243;][vc_column_text]<\/p>\n<table>\n<tbody>\n<tr>\n<td width=\"128\">\n<p><strong>Eltern<\/strong><\/p>\n<p><strong>  mm<\/strong><\/td>\n<td width=\"128\">\n<p><strong>Kind<\/strong><\/p>\n<p><strong>  mm<\/strong><\/td>\n<td width=\"128\">\n<p><strong>L<\/strong><\/p>\n<p><strong>mm<\/strong><\/td>\n<td width=\"128\">\n<p><strong>L Befestigung<\/strong><\/p>\n<p><strong>mm<\/strong><\/td>\n<td width=\"128\">\n<p><strong>L Netz<\/strong><\/p>\n<p><strong>mm<\/strong><\/td>\n<\/tr>\n<tr>\n<td width=\"128\"><b>  <\/b><\/td>\n<td width=\"128\"><\/td>\n<td width=\"128\"><\/td>\n<td width=\"128\"><b> <\/b><\/td>\n<td width=\"128\"><b> <\/b><\/td>\n<\/tr>\n<tr>\n<td width=\"128\"><strong>840<\/strong><\/td>\n<td width=\"128\">840<\/td>\n<td width=\"128\">929.0<\/td>\n<td width=\"128\">864.8<\/td>\n<td width=\"128\">1811.8<\/td>\n<\/tr>\n<tr>\n<td width=\"128\"><strong>1120<\/strong><\/td>\n<td width=\"128\">1120<\/td>\n<td width=\"128\">1209.0<\/td>\n<td width=\"128\">1144.8<\/td>\n<td width=\"128\">2371.8<\/td>\n<\/tr>\n<tr>\n<td width=\"128\"><strong>1400<\/strong><\/td>\n<td width=\"128\">1400<\/td>\n<td width=\"128\">1489.0<\/td>\n<td width=\"128\">1424.8<\/td>\n<td width=\"128\">2931.8<\/td>\n<\/tr>\n<tr>\n<td width=\"128\"><strong>1680<\/strong><\/td>\n<td width=\"128\">1680<\/td>\n<td width=\"128\">1769.0<\/td>\n<td width=\"128\">1704.8<\/td>\n<td width=\"128\">3491.8<\/td>\n<\/tr>\n<tr>\n<td width=\"128\"><strong>1960<\/strong><\/td>\n<td width=\"128\">1960<\/td>\n<td width=\"128\">2049.0<\/td>\n<td width=\"128\">2084.8<\/td>\n<td width=\"128\">4051.8<\/td>\n<\/tr>\n<tr>\n<td width=\"128\"><strong>2240<\/strong><\/td>\n<td width=\"128\">2240<\/td>\n<td width=\"128\">2329.0<\/td>\n<td width=\"128\">2364.8<\/td>\n<td width=\"128\">4611.8<\/td>\n<\/tr>\n<tr>\n<td width=\"128\"><strong>2520<\/strong><\/td>\n<td width=\"128\">&#8211;<\/td>\n<td width=\"128\">2609.0<\/td>\n<td width=\"128\">2544.8<\/td>\n<td width=\"128\">5171.8<\/td>\n<\/tr>\n<tr>\n<td width=\"128\"><strong>2800<\/strong><\/td>\n<td width=\"128\">&#8211;<\/td>\n<td width=\"128\">2889.0<\/td>\n<td width=\"128\">2824.8<\/td>\n<td width=\"128\">5731.8<\/td>\n<\/tr>\n<tr>\n<td width=\"128\"><strong>3080<\/strong><\/td>\n<td width=\"128\">&#8211;<\/td>\n<td width=\"128\">3087.5<\/td>\n<td width=\"128\">3104.8<\/td>\n<td width=\"128\">6127.8<\/td>\n<\/tr>\n<\/tbody>\n<\/table>\n<p>[\/vc_column_text][vc_column_text]<\/p>\n<h2 style=\"text-align: center;\">Gelenke<\/h2>\n<p>[\/vc_column_text][vc_row_inner][vc_column_inner width=&#8220;1\/3&#8243;][vc_single_image image=&#8220;62407&#8243; img_size=&#8220;medium&#8220; alignment=&#8220;center&#8220;][vc_column_text]<\/p>\n<p style=\"text-align: center;\">X4-Gelenk<\/p>\n<p>[\/vc_column_text][\/vc_column_inner][vc_column_inner width=&#8220;1\/3&#8243;][vc_single_image image=&#8220;62406&#8243; img_size=&#8220;medium&#8220; alignment=&#8220;center&#8220;][vc_column_text]<\/p>\n<p style=\"text-align: center;\">X3-Gelenk<\/p>\n<p>[\/vc_column_text][\/vc_column_inner][vc_column_inner width=&#8220;1\/3&#8243;][vc_single_image image=&#8220;62405&#8243; img_size=&#8220;medium&#8220; alignment=&#8220;center&#8220; el_id=&#8220;1001&#8243;][vc_column_text]<\/p>\n<p style=\"text-align: center;\">X2-Gelenk<\/p>\n<p>[\/vc_column_text][\/vc_column_inner][\/vc_row_inner][\/vc_column][\/vc_row]<\/p>\n<\/div>","protected":false},"excerpt":{"rendered":"<p>[vc_row gap=&#8220;35&#8243; content_placement=&#8220;middle&#8220;][vc_column width=&#8220;1\/2&#8243;][vc_single_image image=&#8220;64108&#8243; img_size=&#8220;full&#8220;][\/vc_column][vc_column width=&#8220;1\/2&#8243;][vc_column_text] Bauen Sie unerwartet \u00dcberraschend. Beleuchten Sie R\u00e4ume auf neue, kreative und unerwartete Weise durch die Verwendung der hochgradig modifizierbaren Formen von Neman Mesh. Die Neman Mesh-Struktur kann durch das Verbinden verschiedener Formen und Elemente zu einem riesigen Netzwerk aufgebaut werden. Damit k\u00f6nnen Sie Ihr Lichtdesign auf eine h\u00f6here [&hellip;]<\/p>\n","protected":false},"author":15,"featured_media":123193,"parent":122885,"menu_order":2,"comment_status":"closed","ping_status":"closed","template":"tpl-product-led.php","meta":{"footnotes":""},"related":[118,173],"filter":[342,343,362,360,346,370,363,350,348,389,351,355,352,353,354,345],"acf":[],"aioseo_notices":[],"_links":{"self":[{"href":"https:\/\/www.holectron.com\/de\/wp-json\/wp\/v2\/pages\/123190"}],"collection":[{"href":"https:\/\/www.holectron.com\/de\/wp-json\/wp\/v2\/pages"}],"about":[{"href":"https:\/\/www.holectron.com\/de\/wp-json\/wp\/v2\/types\/page"}],"author":[{"embeddable":true,"href":"https:\/\/www.holectron.com\/de\/wp-json\/wp\/v2\/users\/15"}],"replies":[{"embeddable":true,"href":"https:\/\/www.holectron.com\/de\/wp-json\/wp\/v2\/comments?post=123190"}],"version-history":[{"count":0,"href":"https:\/\/www.holectron.com\/de\/wp-json\/wp\/v2\/pages\/123190\/revisions"}],"up":[{"embeddable":true,"href":"https:\/\/www.holectron.com\/de\/wp-json\/wp\/v2\/pages\/122885"}],"wp:featuredmedia":[{"embeddable":true,"href":"https:\/\/www.holectron.com\/de\/wp-json\/wp\/v2\/media\/123193"}],"wp:attachment":[{"href":"https:\/\/www.holectron.com\/de\/wp-json\/wp\/v2\/media?parent=123190"}],"wp:term":[{"taxonomy":"related","embeddable":true,"href":"https:\/\/www.holectron.com\/de\/wp-json\/wp\/v2\/related?post=123190"},{"taxonomy":"filter","embeddable":true,"href":"https:\/\/www.holectron.com\/de\/wp-json\/wp\/v2\/filter?post=123190"}],"curies":[{"name":"wp","href":"https:\/\/api.w.org\/{rel}","templated":true}]}}