{"id":123175,"date":"2021-05-04T15:00:25","date_gmt":"2021-05-04T13:00:25","guid":{"rendered":"https:\/\/www.holectron.com\/produkte\/leuchten-fuer-innenraeume\/beleuchtungskoerper\/neman-shape-anhaenger\/"},"modified":"2026-03-02T11:37:30","modified_gmt":"2026-03-02T09:37:30","slug":"neman-shape-anhaenger","status":"publish","type":"page","link":"https:\/\/www.holectron.com\/de\/produkte\/leuchten-fuer-innenraeume\/beleuchtungskoerper\/neman-shape-anhaenger\/","title":{"rendered":"Neman Shape &#8211; Anh\u00e4nger"},"content":{"rendered":"<div class=\"wpb-content-wrapper\"><p>[vc_row][vc_column][vc_empty_space height=&#8220;20px&#8220;][\/vc_column][\/vc_row][vc_row gap=&#8220;30&#8243;][vc_column width=&#8220;1\/2&#8243;][vc_single_image image=&#8220;80505&#8243; img_size=&#8220;680&#215;400&#8243;][\/vc_column][vc_column width=&#8220;1\/2&#8243;][vc_column_text]<\/p>\n<p>Schaffen Sie eine entspannende Atmosph\u00e4re und versch\u00f6nern Sie Ihre R\u00e4ume mit Neman Shapes. Die auff\u00e4lligen geometrischen Formen &#8211; Dreiecke, Quadrate und Sechsecke &#8211; f\u00fcllen den Raum mit weichem, gleichm\u00e4\u00dfigem Licht. Die Shapes vereinen Funktion und Form in einem Design, das sowohl zu klassischen als auch zu modernen R\u00e4umen passt. Neman Shape-Leuchten eignen sich perfekt f\u00fcr den Einsatz in Einzelhandelsgesch\u00e4ften, B\u00fcros, Restaurants und Wohnr\u00e4umen. Hergestellt in Europa aus Materialien von h\u00f6chster Qualit\u00e4t.    <\/p>\n<p>[\/vc_column_text][vc_single_image source=&#8220;external_link&#8220; external_img_size=&#8220;380&#215;25&#8243; css=&#8220;&#8220; custom_src=&#8220;https:\/\/www.holectron.com\/wp-content\/uploads\/features-with-etl.svg&#8220;][\/vc_column][\/vc_row][vc_row][vc_column][vc_empty_space height=&#8220;40px&#8220;][\/vc_column][\/vc_row][vc_row gap=&#8220;35&#8243; content_placement=&#8220;middle&#8220;][vc_column width=&#8220;1\/2&#8243; offset=&#8220;vc_hidden-xs&#8220;][vc_column_text]<\/p>\n<h2>Beleuchtung f\u00fcr Arbeit und Vergn\u00fcgen<\/h2>\n<p>Die Beleuchtung ist von grundlegender Bedeutung f\u00fcr die Art und Weise, wie wir R\u00e4ume erleben und mit ihnen interagieren. Sie wirkt sich positiv oder negativ auf das Wohlbefinden der Menschen aus. Die richtige L\u00f6sung kann die Stimmung heben, die Produktivit\u00e4t steigern oder dabei helfen, nach einem anstrengenden Tag zu entspannen. <\/p>\n<p>Neman Shape bietet verschiedene Beleuchtungsmodi &#8211; sowohl zur Verbesserung des Komforts als auch zur Schaffung einzigartiger Erlebnisse.<\/p>\n<p><strong>Optik<\/strong><br \/>NemanX Louvre \/ Mikroprisma \/ Opal<\/p>\n<p><strong>Farbe des Profils:<\/strong><br \/>Schwarz, Grau, Wei\u00df<\/p>\n<p><strong>Direktes, direktes\/indirektes und indirektes Licht<\/strong>[\/vc_column_text][\/vc_column][vc_column width=&#8220;1\/2&#8243; offset=&#8220;vc_hidden-xs&#8220;][vc_single_image image=&#8220;62653&#8243; img_size=&#8220;full&#8220;][\/vc_column][\/vc_row][vc_row gap=&#8220;35&#8243; content_placement=&#8220;middle&#8220;][vc_column width=&#8220;1\/2&#8243; offset=&#8220;vc_hidden-lg vc_hidden-md vc_hidden-sm&#8220;][vc_single_image image=&#8220;62653&#8243; img_size=&#8220;full&#8220;][\/vc_column][vc_column width=&#8220;1\/2&#8243; offset=&#8220;vc_hidden-lg vc_hidden-md vc_hidden-sm&#8220;][vc_column_text]<\/p>\n<h2>Beleuchtung f\u00fcr Arbeit und Vergn\u00fcgen<\/h2>\n<p>Die Beleuchtung ist von grundlegender Bedeutung f\u00fcr die Art und Weise, wie wir R\u00e4ume erleben und mit ihnen interagieren. Sie wirkt sich positiv oder negativ auf das Wohlbefinden der Menschen aus. Die richtige L\u00f6sung kann die Stimmung heben, die Produktivit\u00e4t steigern oder dabei helfen, nach einem anstrengenden Tag zu entspannen. <\/p>\n<p>Neman Shape bietet verschiedene Beleuchtungsmodi &#8211; sowohl zur Verbesserung des Komforts als auch zur Schaffung einzigartiger Erlebnisse.<\/p>\n<p><strong>Optik<\/strong><br \/>NemanX Louvre \/ Mikroprisma \/ Opal<\/p>\n<p><strong>Farbe des Profils:<\/strong><br \/>Schwarz, Grau, Wei\u00df<\/p>\n<p><strong>Direktes, direktes\/indirektes und indirektes Licht<\/strong>[\/vc_column_text][\/vc_column][\/vc_row][vc_row][vc_column][vc_empty_space height=&#8220;40px&#8220;][\/vc_column][\/vc_row][vc_row gap=&#8220;35&#8243; content_placement=&#8220;middle&#8220;][vc_column width=&#8220;1\/2&#8243;][vc_single_image image=&#8220;62671&#8243; img_size=&#8220;full&#8220;][\/vc_column][vc_column width=&#8220;1\/2&#8243;][vc_column_text]<\/p>\n<p><a style=\"text-decoration: none;\" href=\"https:\/\/www.holectron.com\/wp-content\/uploads\/Broshiura-Neman-Shapes-interactive-2021-06-12.pdf\" target=\"_blank\" rel=\"noopener\"> <span style=\"font-size: 26px; color: #333333;\"> <strong>Brosch\u00fcre herunterladen &#8222;<\/strong><\/span><\/a><\/p>\n<p>[\/vc_column_text][\/vc_column][\/vc_row][vc_row][vc_column][vc_empty_space height=&#8220;40px&#8220;][\/vc_column][\/vc_row][vc_row gap=&#8220;35&#8243; content_placement=&#8220;middle&#8220;][vc_column offset=&#8220;vc_hidden-xs&#8220;][vc_column_text]<\/p>\n<h2 style=\"text-align: center;\">W\u00e4hlen Sie Ihr Element<\/h2>\n<p style=\"text-align: center;\">W\u00e4hlen Sie aus 3 vordefinierten geometrischen Formen die am besten geeignete aus.<\/p>\n<p>[\/vc_column_text][\/vc_column][\/vc_row][vc_row gap=&#8220;35&#8243; content_placement=&#8220;top&#8220;][vc_column width=&#8220;1\/3&#8243;][vc_single_image image=&#8220;58371&#8243; img_size=&#8220;full&#8220;][vc_column_text]<\/p>\n<h2>Sechsecke<\/h2>\n<p>Spielen Sie mit Formen und kreieren Sie Ihr eigenes einzigartiges Beleuchtungsmuster.[\/vc_column_text][\/vc_column][vc_column width=&#8220;1\/3&#8243;][vc_single_image image=&#8220;58373&#8243; img_size=&#8220;full&#8220;][vc_column_text]<\/p>\n<h2>Quadrate<\/h2>\n<p>Diese Form ist f\u00fcr jeden Raum geeignet. Das Quadrat f\u00fcgt sich in jedes Interieur ein und tr\u00e4gt zu einer sachlichen Atmosph\u00e4re in Ihrem B\u00fcro bei.[\/vc_column_text][\/vc_column][vc_column width=&#8220;1\/3&#8243;][vc_single_image image=&#8220;58374&#8243; img_size=&#8220;full&#8220;][vc_column_text]<\/p>\n<h2>Dreiecke<\/h2>\n<p>F\u00fcgen Sie Ausdruck und Energie hinzu, f\u00fcllen Sie den Innenraum mit Emotionen.[\/vc_column_text][\/vc_column][\/vc_row][vc_row][vc_column][vc_empty_space height=&#8220;40px&#8220;][\/vc_column][\/vc_row][vc_row][vc_column][vc_column_text]<\/p>\n<h2>Gr\u00f6\u00dfen und Abmessungen<\/h2>\n<p>[\/vc_column_text][\/vc_column][\/vc_row][vc_row gap=&#8220;35&#8243; content_placement=&#8220;middle&#8220;][vc_column width=&#8220;1\/2&#8243;][vc_single_image image=&#8220;114775&#8243; img_size=&#8220;full&#8220; css=&#8220;&#8220;][\/vc_column][vc_column width=&#8220;1\/2&#8243;][vc_column_text]<\/p>\n<h2>Sechseck<\/h2>\n<p>[\/vc_column_text][vc_column_text css=&#8220;&#8220;]<\/p>\n<p>&nbsp;<\/p>\n<table>\n<tbody>\n<tr>\n<td width=\"128\"><strong>L\u00e4nge, mm<\/strong><\/td>\n<td width=\"128\"><strong>O, mm<\/strong><\/td>\n<td width=\"128\"><strong>O1, mm<\/strong><\/td>\n<td width=\"128\"><strong>O2, mm<\/strong><\/td>\n<\/tr>\n<tr>\n<td width=\"128\"><b>  <\/b><\/td>\n<td width=\"128\"><\/td>\n<td width=\"128\"><\/td>\n<td width=\"128\"><b> <\/b><\/td>\n<\/tr>\n<tr>\n<td width=\"128\"><strong>840<\/strong><\/td>\n<td width=\"128\">867<\/td>\n<td width=\"128\">1734<\/td>\n<td width=\"128\">1501.69<\/td>\n<\/tr>\n<tr>\n<td width=\"128\"><strong>1120<\/strong><\/td>\n<td width=\"128\">1147<\/td>\n<td width=\"128\">2294<\/td>\n<td width=\"128\">1986.66<\/td>\n<\/tr>\n<tr>\n<td width=\"128\"><strong>1400<\/strong><\/td>\n<td width=\"128\">1427<\/td>\n<td width=\"128\">2854<\/td>\n<td width=\"128\">2417.11<\/td>\n<\/tr>\n<tr>\n<td width=\"128\"><strong>1680<\/strong><\/td>\n<td width=\"128\">1707<\/td>\n<td width=\"128\">3414<\/td>\n<td width=\"128\">2956.61<\/td>\n<\/tr>\n<tr>\n<td width=\"128\"><strong>1960<\/strong><\/td>\n<td width=\"128\">1987<\/td>\n<td width=\"128\">3974<\/td>\n<td width=\"128\">3441.59<\/td>\n<\/tr>\n<tr>\n<td width=\"128\"><strong>2240<\/strong><\/td>\n<td width=\"128\">2267<\/td>\n<td width=\"128\">4534<\/td>\n<td width=\"128\">3926.56<\/td>\n<\/tr>\n<tr>\n<td width=\"128\"><strong>2520<\/strong><\/td>\n<td width=\"128\">2547<\/td>\n<td width=\"128\">5094<\/td>\n<td width=\"128\">4411.53<\/td>\n<\/tr>\n<tr>\n<td width=\"128\"><strong>2800<\/strong><\/td>\n<td width=\"128\">2827<\/td>\n<td width=\"128\">5654<\/td>\n<td width=\"128\">4896.51<\/td>\n<\/tr>\n<tr>\n<td width=\"128\"><strong>3080<\/strong><\/td>\n<td width=\"128\">3107<\/td>\n<td width=\"128\">6214<\/td>\n<td width=\"128\">5381.48<\/td>\n<\/tr>\n<\/tbody>\n<\/table>\n<p>[\/vc_column_text][\/vc_column][\/vc_row][vc_row][vc_column][vc_empty_space height=&#8220;40px&#8220;][\/vc_column][\/vc_row][vc_row gap=&#8220;35&#8243; content_placement=&#8220;middle&#8220;][vc_column width=&#8220;1\/2&#8243;][vc_single_image image=&#8220;62703&#8243; img_size=&#8220;full&#8220; alignment=&#8220;center&#8220;][\/vc_column][vc_column width=&#8220;1\/2&#8243;][vc_column_text]<\/p>\n<h2 style=\"text-align: left;\">Quadratisch<\/h2>\n<p>[\/vc_column_text][vc_column_text]<\/p>\n<table class=\" aligncenter\">\n<tbody>\n<tr>\n<td width=\"128\"><strong>L\u00e4nge, mm<\/strong><\/td>\n<td width=\"128\"><strong>O, mm<\/strong><\/td>\n<td width=\"128\"><strong>l, mm<\/strong><\/td>\n<\/tr>\n<tr>\n<td width=\"128\"><b>  <\/b><\/td>\n<td width=\"128\"><\/td>\n<td width=\"128\"><\/td>\n<\/tr>\n<tr>\n<td width=\"128\"><strong>840<\/strong><\/td>\n<td width=\"128\">885<\/td>\n<td width=\"128\">832.5<\/td>\n<\/tr>\n<tr>\n<td width=\"128\"><strong>1120<\/strong><\/td>\n<td width=\"128\">1165<\/td>\n<td width=\"128\">1112.5<\/td>\n<\/tr>\n<tr>\n<td width=\"128\"><strong>1400<\/strong><\/td>\n<td width=\"128\">1445<\/td>\n<td width=\"128\">1392.5<\/td>\n<\/tr>\n<tr>\n<td width=\"128\"><strong>1680<\/strong><\/td>\n<td width=\"128\">1725<\/td>\n<td width=\"128\">1672.5<\/td>\n<\/tr>\n<tr>\n<td width=\"128\"><strong>1960<\/strong><\/td>\n<td width=\"128\">2005<\/td>\n<td width=\"128\">1952.5<\/td>\n<\/tr>\n<tr>\n<td width=\"128\"><strong>2240<\/strong><\/td>\n<td width=\"128\">2285<\/td>\n<td width=\"128\">2232.5<\/td>\n<\/tr>\n<tr>\n<td width=\"128\"><strong>2520<\/strong><\/td>\n<td width=\"128\">2565<\/td>\n<td width=\"128\">2512.5<\/td>\n<\/tr>\n<tr>\n<td width=\"128\"><strong>2800<\/strong><\/td>\n<td width=\"128\">2845<\/td>\n<td width=\"128\">2792.5<\/td>\n<\/tr>\n<tr>\n<td width=\"128\"><strong>3080<\/strong><\/td>\n<td width=\"128\">3125<\/td>\n<td width=\"128\">3072.5<\/td>\n<\/tr>\n<\/tbody>\n<\/table>\n<p>[\/vc_column_text][\/vc_column][\/vc_row][vc_row][vc_column][vc_empty_space height=&#8220;40px&#8220;][\/vc_column][\/vc_row][vc_row gap=&#8220;35&#8243; content_placement=&#8220;middle&#8220;][vc_column width=&#8220;1\/2&#8243;][vc_single_image image=&#8220;62705&#8243; img_size=&#8220;full&#8220;][\/vc_column][vc_column width=&#8220;1\/2&#8243;][vc_column_text]<\/p>\n<h2 style=\"text-align: left;\">Dreieck<\/h2>\n<p>[\/vc_column_text][vc_column_text]<\/p>\n<table>\n<tbody>\n<tr>\n<td width=\"128\"><strong>L\u00e4nge, mm<\/strong><\/td>\n<td width=\"128\"><strong>L, mm<\/strong><\/td>\n<td width=\"128\"><strong>l, mm<\/strong><\/td>\n<\/tr>\n<tr>\n<td width=\"128\"><b>  <\/b><\/td>\n<td width=\"128\"><\/td>\n<td width=\"128\"><\/td>\n<\/tr>\n<tr>\n<td width=\"128\"><strong>840<\/strong><\/td>\n<td width=\"128\">916<\/td>\n<td width=\"128\">819.72<\/td>\n<\/tr>\n<tr>\n<td width=\"128\"><strong>1120<\/strong><\/td>\n<td width=\"128\">1196<\/td>\n<td width=\"128\">1099.72<\/td>\n<\/tr>\n<tr>\n<td width=\"128\"><strong>1400<\/strong><\/td>\n<td width=\"128\">1476<\/td>\n<td width=\"128\">1379.72<\/td>\n<\/tr>\n<tr>\n<td width=\"128\"><strong>1680<\/strong><\/td>\n<td width=\"128\">1756<\/td>\n<td width=\"128\">1659.72<\/td>\n<\/tr>\n<tr>\n<td width=\"128\"><strong>1960<\/strong><\/td>\n<td width=\"128\">2036<\/td>\n<td width=\"128\">1939.72<\/td>\n<\/tr>\n<tr>\n<td width=\"128\"><strong>2240<\/strong><\/td>\n<td width=\"128\">2316<\/td>\n<td width=\"128\">2219.72<\/td>\n<\/tr>\n<tr>\n<td width=\"128\"><strong>2520<\/strong><\/td>\n<td width=\"128\">2596<\/td>\n<td width=\"128\">2499.72<\/td>\n<\/tr>\n<tr>\n<td width=\"128\"><strong>2800<\/strong><\/td>\n<td width=\"128\">2876<\/td>\n<td width=\"128\">2779.72<\/td>\n<\/tr>\n<tr>\n<td width=\"128\"><strong>3080<\/strong><\/td>\n<td width=\"128\">3156<\/td>\n<td width=\"128\">3059.72<\/td>\n<\/tr>\n<\/tbody>\n<\/table>\n<p>[\/vc_column_text][\/vc_column][\/vc_row][vc_row][vc_column][vc_column_text]<\/p>\n<h2>Wichtigste Vorteile<\/h2>\n<ul>\n<li>Sie haben die M\u00f6glichkeit, aus 3 geometrischen Formen zu w\u00e4hlen, die eine beliebige Gr\u00f6\u00dfe haben k\u00f6nnen.<\/li>\n<li>560mm bis 3080mm<\/li>\n<li>Schlankes Design 34&#215;60 mm<\/li>\n<li>Lichtstrom bis zu 3600 lm\/m<\/li>\n<li>Wattleistung bis zu 25 W\/m<\/li>\n<li>Farbtemperatur: 2700K, 3000K, 3500K, 4000K oder 2700K-6500K<\/li>\n<li>CRI90+ oder CRI98+ (auf Anfrage)<\/li>\n<li>3 Stufen MacAdam LEDs<\/li>\n<li>Lichtausbeute bis zu 148 lm\/W<\/li>\n<li>Leuchtengeh\u00e4use in den Standardfarben Wei\u00df, Grau, Schwarz oder jeder anderen RAL-Farbe auf Anfrage<\/li>\n<li>Ein\/Aus, Dali, Bluetooth dimmbar<\/li>\n<li>Anwesenheits- und Tageslichtsensor<\/li>\n<li>Notfallpaket auf Anfrage erh\u00e4ltlich<\/li>\n<li>IP40<\/li>\n<\/ul>\n<p>[\/vc_column_text][\/vc_column][\/vc_row][vc_row][vc_column][vc_empty_space height=&#8220;40px&#8220;][vc_column_text]<\/p>\n<h2>Projekte<\/h2>\n<p>[\/vc_column_text][\/vc_column][\/vc_row][vc_row gap=&#8220;30&#8243;][vc_column width=&#8220;1\/2&#8243;][vc_video link=&#8220;https:\/\/youtu.be\/AOLPQ7lUn_8&#8243; css=&#8220;.vc_custom_1665381339828{margin-bottom: 10px !important;border-bottom-width: 0px !important;padding-bottom: 0px !important;}&#8220;][vc_column_text]<\/p>\n<p class=\"text-header text-header-lrg fw-med color-grey-dark\"><em>Phosforma. VicRoads Wendouree Ballarat Lizenzpr\u00fcfungs- und Inspektionszentrum VIC. Vorgestellte Produkte: <strong>Neman Shape<\/strong> &#8211; Sechseckige Pendelleuchte, <strong>Neman Direct\/Indirect<\/strong> &#8211; Ma\u00dfgefertigte rechteckige Pendelleuchte, <strong>Neman Wall<\/strong> &#8211; Wandanbauleuchte.  <\/em><\/p>\n<p><strong><a href=\"https:\/\/phosforma.com.au\/projects\/vicroads-wendouree-ballarat-license-testing-and-inspection-centre\/\">Phosforma &#8222;<\/a><\/strong>[\/vc_column_text][\/vc_column][vc_column width=&#8220;1\/2&#8243;][vc_single_image image=&#8220;76539&#8243; img_size=&#8220;full&#8220;][vc_column_text]<\/p>\n<div dir=\"auto\">Neman Shapes beleuchtet die Kindertagesst\u00e4tte.<\/div>\n<div dir=\"auto\"><\/div>\n<p><strong><a href=\"https:\/\/www.lsm.lv\/...\/riga-izveido-divus-jaunus...\/\">Mehr lesen &#8222;<\/a><\/strong>[\/vc_column_text][\/vc_column][\/vc_row][vc_row content_placement=&#8220;middle&#8220; css=&#8220;.vc_custom_1658389954091{margin-top: 0px !important;margin-right: 0px !important;margin-bottom: 0px !important;margin-left: 0px !important;border-top-width: 0px !important;border-right-width: 0px !important;border-bottom-width: 0px !important;border-left-width: 0px !important;padding-top: 0px !important;padding-right: 0px !important;padding-bottom: 0px !important;padding-left: 0px !important;}&#8220;][vc_column width=&#8220;1\/5&#8243; offset=&#8220;vc_col-lg-1\/5 vc_col-md-1\/5 vc_col-xs-6&#8243; css=&#8220;.vc_custom_1658389896757{margin-top: 0px !important;margin-right: 0px !important;margin-bottom: 0px !important;margin-left: 0px !important;border-top-width: 0px !important;border-right-width: 0px !important;border-bottom-width: 0px !important;border-left-width: 0px !important;padding-top: 0px !important;padding-right: 0px !important;padding-bottom: 0px !important;padding-left: 0px !important;}&#8220;][vc_single_image image=&#8220;76005&#8243; img_size=&#8220;600&#215;600&#8243; alignment=&#8220;center&#8220; onclick=&#8220;img_link_large&#8220;][\/vc_column][vc_column width=&#8220;1\/5&#8243; css=&#8220;.vc_custom_1658389683277{margin-top: 0px !important;margin-right: 0px !important;margin-bottom: 0px !important;margin-left: 0px !important;border-top-width: 0px !important;border-right-width: 0px !important;border-bottom-width: 0px !important;border-left-width: 0px !important;padding-top: 0px !important;padding-right: 0px !important;padding-bottom: 0px !important;padding-left: 0px !important;}&#8220; offset=&#8220;vc_col-lg-1\/5 vc_col-md-1\/5 vc_col-xs-6&#8243;][vc_single_image image=&#8220;76003&#8243; img_size=&#8220;600&#215;600&#8243; alignment=&#8220;center&#8220; onclick=&#8220;img_link_large&#8220;][\/vc_column][vc_column width=&#8220;1\/5&#8243; css=&#8220;.vc_custom_1658389708431{margin-top: 0px !important;margin-right: 0px !important;margin-bottom: 0px !important;margin-left: 0px !important;border-top-width: 0px !important;border-right-width: 0px !important;border-bottom-width: 0px !important;border-left-width: 0px !important;padding-top: 0px !important;padding-right: 0px !important;padding-bottom: 0px !important;padding-left: 0px !important;}&#8220; offset=&#8220;vc_col-lg-1\/5 vc_col-md-1\/5 vc_col-xs-6&#8243;][vc_single_image image=&#8220;76068&#8243; img_size=&#8220;600&#215;600&#8243; alignment=&#8220;center&#8220; onclick=&#8220;img_link_large&#8220;][\/vc_column][vc_column width=&#8220;1\/5&#8243; css=&#8220;.vc_custom_1658389767917{margin-top: 0px !important;margin-right: 0px !important;margin-bottom: 0px !important;margin-left: 0px !important;border-top-width: 0px !important;border-right-width: 0px !important;border-bottom-width: 0px !important;border-left-width: 0px !important;padding-top: 0px !important;padding-right: 0px !important;padding-bottom: 0px !important;padding-left: 0px !important;}&#8220; offset=&#8220;vc_col-lg-1\/5 vc_col-md-1\/5 vc_col-xs-6&#8243;][vc_single_image image=&#8220;76002&#8243; img_size=&#8220;600&#215;600&#8243; alignment=&#8220;center&#8220; onclick=&#8220;img_link_large&#8220;][\/vc_column][vc_column width=&#8220;1\/5&#8243; css=&#8220;.vc_custom_1658389789057{margin-top: 0px !important;margin-right: 0px !important;margin-bottom: 0px !important;margin-left: 0px !important;border-top-width: 0px !important;border-right-width: 0px !important;border-bottom-width: 0px !important;border-left-width: 0px !important;padding-top: 0px !important;padding-right: 0px !important;padding-bottom: 0px !important;padding-left: 0px !important;}&#8220; offset=&#8220;vc_col-lg-1\/5 vc_col-md-1\/5 vc_col-xs-6&#8243;][vc_single_image image=&#8220;76001&#8243; img_size=&#8220;600&#215;600&#8243; alignment=&#8220;center&#8220; onclick=&#8220;img_link_large&#8220; el_id=&#8220;1001&#8243;][\/vc_column][\/vc_row]<\/p>\n<\/div>","protected":false},"excerpt":{"rendered":"<p>[vc_row][vc_column][vc_empty_space height=&#8220;20px&#8220;][\/vc_column][\/vc_row][vc_row gap=&#8220;30&#8243;][vc_column width=&#8220;1\/2&#8243;][vc_single_image image=&#8220;80505&#8243; img_size=&#8220;680&#215;400&#8243;][\/vc_column][vc_column width=&#8220;1\/2&#8243;][vc_column_text] Schaffen Sie eine entspannende Atmosph\u00e4re und versch\u00f6nern Sie Ihre R\u00e4ume mit Neman Shapes. Die auff\u00e4lligen geometrischen Formen &#8211; Dreiecke, Quadrate und Sechsecke &#8211; f\u00fcllen den Raum mit weichem, gleichm\u00e4\u00dfigem Licht. Die Shapes vereinen Funktion und Form in einem Design, das sowohl zu klassischen als auch zu modernen R\u00e4umen [&hellip;]<\/p>\n","protected":false},"author":15,"featured_media":123182,"parent":122885,"menu_order":3,"comment_status":"closed","ping_status":"closed","template":"tpl-product-led.php","meta":{"footnotes":""},"related":[118,173],"filter":[342,343,362,360,346,370,363,350,348,385,355,353,354,345],"acf":[],"aioseo_notices":[],"_links":{"self":[{"href":"https:\/\/www.holectron.com\/de\/wp-json\/wp\/v2\/pages\/123175"}],"collection":[{"href":"https:\/\/www.holectron.com\/de\/wp-json\/wp\/v2\/pages"}],"about":[{"href":"https:\/\/www.holectron.com\/de\/wp-json\/wp\/v2\/types\/page"}],"author":[{"embeddable":true,"href":"https:\/\/www.holectron.com\/de\/wp-json\/wp\/v2\/users\/15"}],"replies":[{"embeddable":true,"href":"https:\/\/www.holectron.com\/de\/wp-json\/wp\/v2\/comments?post=123175"}],"version-history":[{"count":0,"href":"https:\/\/www.holectron.com\/de\/wp-json\/wp\/v2\/pages\/123175\/revisions"}],"up":[{"embeddable":true,"href":"https:\/\/www.holectron.com\/de\/wp-json\/wp\/v2\/pages\/122885"}],"wp:featuredmedia":[{"embeddable":true,"href":"https:\/\/www.holectron.com\/de\/wp-json\/wp\/v2\/media\/123182"}],"wp:attachment":[{"href":"https:\/\/www.holectron.com\/de\/wp-json\/wp\/v2\/media?parent=123175"}],"wp:term":[{"taxonomy":"related","embeddable":true,"href":"https:\/\/www.holectron.com\/de\/wp-json\/wp\/v2\/related?post=123175"},{"taxonomy":"filter","embeddable":true,"href":"https:\/\/www.holectron.com\/de\/wp-json\/wp\/v2\/filter?post=123175"}],"curies":[{"name":"wp","href":"https:\/\/api.w.org\/{rel}","templated":true}]}}