{"id":122839,"date":"2016-09-22T11:40:10","date_gmt":"2016-09-22T09:40:10","guid":{"rendered":"https:\/\/www.holectron.com\/produkte\/flexible-led-streifen-fuer-den-innenbereich\/flexible-rgbweisse-led-streifen\/"},"modified":"2026-02-11T15:20:25","modified_gmt":"2026-02-11T13:20:25","slug":"flexible-rgbweisse-led-streifen","status":"publish","type":"page","link":"https:\/\/www.holectron.com\/de\/produkte\/flexible-led-streifen-fuer-den-innenbereich\/flexible-rgbweisse-led-streifen\/","title":{"rendered":"Flexible RGB+Wei\u00dfe LED-Streifen"},"content":{"rendered":"<p>RGBW-48\/O2 flexible RGB+W LED-Streifen enthalten 48 RGB-LED und 48 wei\u00dfe OSRAM-LED pro Meter und verbrauchen eine Leistung von 9,2 W\/m.<\/p>\n<p>Diese RGB+W-B\u00e4nder sind f\u00fcr langfristige, professionelle, farbige, lineare Beleuchtungsanwendungen konzipiert und eignen sich perfekt f\u00fcr dekorative Beleuchtung, Voutenbeleuchtung, gebogene Anwendungen, Kantenbeleuchtung oder M\u00f6belbeleuchtung.<\/p>\n<p>F\u00fcr diesen biegsamen RGB+W-LED-Streifen verwenden wir OSRAM-LEDs aus Deutschland, eine dicke 2-lagige Kupferplatine und einen IC-Treiber zur Stabilisierung des Stromflusses im Inneren. Ein spezielles w\u00e4rmeleitendes Klebeband auf der R\u00fcckseite garantiert eine perfekte W\u00e4rme\u00fcbertragung auf die Montagefl\u00e4che. All diese Merkmale garantieren eine besonders lange Lebensdauer und eine stabile Leistung.  <\/p>\n<p>Wei\u00dfe LEDs decken einen Farbbereich <strong>von 2200K-6500K <\/strong>ab und haben einen hohen Farbwiedergabeindex (CRI) von <strong>Ra80+ <\/strong>oder<strong> Ra90+<\/strong>. Dies garantiert eine hohe Beleuchtungsqualit\u00e4t. <\/p>\n<p>Dieser flexible RGBW-LED-Streifen ist mit <b>3 STEP MacAdam<\/b> oder <strong>Single Bin <\/strong>wei\u00dfen Farb-LEDs erh\u00e4ltlich<strong>.<\/strong><\/p>\n<p><img loading=\"lazy\" decoding=\"async\" class=\"alignnone wp-image-855\" src=\"http:\/\/www.holectron.com\/wp-content\/uploads\/ico-ce-rohs-warranty-300x33.png\" alt=\"CE RoHS-konform, 5 Jahre Garantie\" width=\"230\" height=\"25\" srcset=\"https:\/\/www.holectron.com\/wp-content\/uploads\/ico-ce-rohs-warranty-300x33.png 300w, https:\/\/www.holectron.com\/wp-content\/uploads\/ico-ce-rohs-warranty-768x84.png 768w, https:\/\/www.holectron.com\/wp-content\/uploads\/ico-ce-rohs-warranty-600x65.png 600w, https:\/\/www.holectron.com\/wp-content\/uploads\/ico-ce-rohs-warranty.png 956w\" sizes=\"(max-width: 230px) 100vw, 230px\" \/><\/p>\n","protected":false},"excerpt":{"rendered":"<p>RGBW-48\/O2 flexible RGB+W LED-Streifen enthalten 48 RGB-LED und 48 wei\u00dfe OSRAM-LED pro Meter und verbrauchen eine Leistung von 9,2 W\/m. Diese RGB+W-B\u00e4nder sind f\u00fcr langfristige, professionelle, farbige, lineare Beleuchtungsanwendungen konzipiert und eignen sich perfekt f\u00fcr dekorative Beleuchtung, Voutenbeleuchtung, gebogene Anwendungen, Kantenbeleuchtung oder M\u00f6belbeleuchtung. F\u00fcr diesen biegsamen RGB+W-LED-Streifen verwenden wir OSRAM-LEDs aus Deutschland, eine dicke 2-lagige [&hellip;]<\/p>\n","protected":false},"author":4,"featured_media":0,"parent":122594,"menu_order":3,"comment_status":"closed","ping_status":"closed","template":"tpl-product-category.php","meta":{"footnotes":""},"related":[],"filter":[],"acf":[],"aioseo_notices":[],"_links":{"self":[{"href":"https:\/\/www.holectron.com\/de\/wp-json\/wp\/v2\/pages\/122839"}],"collection":[{"href":"https:\/\/www.holectron.com\/de\/wp-json\/wp\/v2\/pages"}],"about":[{"href":"https:\/\/www.holectron.com\/de\/wp-json\/wp\/v2\/types\/page"}],"author":[{"embeddable":true,"href":"https:\/\/www.holectron.com\/de\/wp-json\/wp\/v2\/users\/4"}],"replies":[{"embeddable":true,"href":"https:\/\/www.holectron.com\/de\/wp-json\/wp\/v2\/comments?post=122839"}],"version-history":[{"count":0,"href":"https:\/\/www.holectron.com\/de\/wp-json\/wp\/v2\/pages\/122839\/revisions"}],"up":[{"embeddable":true,"href":"https:\/\/www.holectron.com\/de\/wp-json\/wp\/v2\/pages\/122594"}],"wp:attachment":[{"href":"https:\/\/www.holectron.com\/de\/wp-json\/wp\/v2\/media?parent=122839"}],"wp:term":[{"taxonomy":"related","embeddable":true,"href":"https:\/\/www.holectron.com\/de\/wp-json\/wp\/v2\/related?post=122839"},{"taxonomy":"filter","embeddable":true,"href":"https:\/\/www.holectron.com\/de\/wp-json\/wp\/v2\/filter?post=122839"}],"curies":[{"name":"wp","href":"https:\/\/api.w.org\/{rel}","templated":true}]}}