{"id":122838,"date":"2017-09-07T14:49:10","date_gmt":"2017-09-07T12:49:10","guid":{"rendered":"https:\/\/www.holectron.com\/produkte\/flexible-led-streifen-fuer-den-innenbereich\/flexible-rgb-led-streifen\/"},"modified":"2017-09-07T14:49:10","modified_gmt":"2017-09-07T12:49:10","slug":"flexible-rgb-led-streifen","status":"publish","type":"page","link":"https:\/\/www.holectron.com\/de\/produkte\/flexible-led-streifen-fuer-den-innenbereich\/flexible-rgb-led-streifen\/","title":{"rendered":"Flexible RGB-LED-Streifen"},"content":{"rendered":"<p>RGB-48\/O2 flexible RGB-LED-Streifen enthalten 48 RGB OSRAM LED pro Meter und verbrauchen eine Leistung von 9,2 W\/m.<\/p>\n<p>Diese RGB-B\u00e4nder sind f\u00fcr langfristige, professionelle, farbige, lineare Beleuchtungsanwendungen konzipiert und eignen sich perfekt f\u00fcr dekorative Beleuchtung, Voutenbeleuchtung, gebogene Anwendungen, Kantenbeleuchtung oder M\u00f6belbeleuchtung.<\/p>\n<p>F\u00fcr diesen biegsamen RGB-LED-Streifen verwenden wir OSRAM-LEDs aus Deutschland, eine dicke 2-lagige Kupferplatine und einen IC-Treiber zur Stabilisierung des Stromflusses im Inneren. Ein spezielles w\u00e4rmeleitendes Klebeband auf der R\u00fcckseite garantiert eine perfekte W\u00e4rme\u00fcbertragung auf die Montagefl\u00e4che. All diese Eigenschaften garantieren eine besonders lange Lebensdauer und eine stabile Leistung.  <\/p>\n<p>Dieser flexible RGB-LED-Streifen ist mit <b>3 STEP MacAdam<\/b> oder <strong>Single Bin <\/strong>wei\u00dfen Farb-LEDs erh\u00e4ltlich<strong>.<\/strong><\/p>\n<p><img loading=\"lazy\" decoding=\"async\" class=\"alignnone wp-image-855\" src=\"http:\/\/www.holectron.com\/wp-content\/uploads\/ico-ce-rohs-warranty-300x33.png\" alt=\"CE RoHS-konform, 5 Jahre Garantie\" width=\"230\" height=\"25\" srcset=\"https:\/\/www.holectron.com\/wp-content\/uploads\/ico-ce-rohs-warranty-300x33.png 300w, https:\/\/www.holectron.com\/wp-content\/uploads\/ico-ce-rohs-warranty-768x84.png 768w, https:\/\/www.holectron.com\/wp-content\/uploads\/ico-ce-rohs-warranty-600x65.png 600w, https:\/\/www.holectron.com\/wp-content\/uploads\/ico-ce-rohs-warranty.png 956w\" sizes=\"(max-width: 230px) 100vw, 230px\" \/><\/p>\n","protected":false},"excerpt":{"rendered":"<p>RGB-48\/O2 flexible RGB-LED-Streifen enthalten 48 RGB OSRAM LED pro Meter und verbrauchen eine Leistung von 9,2 W\/m. Diese RGB-B\u00e4nder sind f\u00fcr langfristige, professionelle, farbige, lineare Beleuchtungsanwendungen konzipiert und eignen sich perfekt f\u00fcr dekorative Beleuchtung, Voutenbeleuchtung, gebogene Anwendungen, Kantenbeleuchtung oder M\u00f6belbeleuchtung. F\u00fcr diesen biegsamen RGB-LED-Streifen verwenden wir OSRAM-LEDs aus Deutschland, eine dicke 2-lagige Kupferplatine und einen [&hellip;]<\/p>\n","protected":false},"author":4,"featured_media":0,"parent":122594,"menu_order":2,"comment_status":"closed","ping_status":"closed","template":"tpl-product-category.php","meta":{"footnotes":""},"related":[],"filter":[],"acf":[],"aioseo_notices":[],"_links":{"self":[{"href":"https:\/\/www.holectron.com\/de\/wp-json\/wp\/v2\/pages\/122838"}],"collection":[{"href":"https:\/\/www.holectron.com\/de\/wp-json\/wp\/v2\/pages"}],"about":[{"href":"https:\/\/www.holectron.com\/de\/wp-json\/wp\/v2\/types\/page"}],"author":[{"embeddable":true,"href":"https:\/\/www.holectron.com\/de\/wp-json\/wp\/v2\/users\/4"}],"replies":[{"embeddable":true,"href":"https:\/\/www.holectron.com\/de\/wp-json\/wp\/v2\/comments?post=122838"}],"version-history":[{"count":0,"href":"https:\/\/www.holectron.com\/de\/wp-json\/wp\/v2\/pages\/122838\/revisions"}],"up":[{"embeddable":true,"href":"https:\/\/www.holectron.com\/de\/wp-json\/wp\/v2\/pages\/122594"}],"wp:attachment":[{"href":"https:\/\/www.holectron.com\/de\/wp-json\/wp\/v2\/media?parent=122838"}],"wp:term":[{"taxonomy":"related","embeddable":true,"href":"https:\/\/www.holectron.com\/de\/wp-json\/wp\/v2\/related?post=122838"},{"taxonomy":"filter","embeddable":true,"href":"https:\/\/www.holectron.com\/de\/wp-json\/wp\/v2\/filter?post=122838"}],"curies":[{"name":"wp","href":"https:\/\/api.w.org\/{rel}","templated":true}]}}