{"id":122710,"date":"2021-03-02T13:46:34","date_gmt":"2021-03-02T11:46:34","guid":{"rendered":"https:\/\/www.holectron.com\/rgb48-nx-flexible-rgb-nichia-led-streifen\/"},"modified":"2026-02-27T09:11:03","modified_gmt":"2026-02-27T07:11:03","slug":"rgb48-nx-flexible-rgb-nichia-led-streifen","status":"publish","type":"page","link":"https:\/\/www.holectron.com\/de\/produkte\/flexible-led-streifen-fuer-den-innenbereich\/flexible-rgb-led-streifen\/rgb48-nx-flexible-rgb-nichia-led-streifen\/","title":{"rendered":"RGB48\/Nx &#8211; Flexible RGB NICHIA LED-Streifen"},"content":{"rendered":"<div class=\"wpb-content-wrapper\"><p>[vc_row gap=&#8220;30&#8243;][vc_column width=&#8220;1\/2&#8243;][vc_single_image image=&#8220;101487&#8243; img_size=&#8220;680&#215;400&#8243; css=&#8220;&#8220;][\/vc_column][vc_column width=&#8220;1\/2&#8243;][vc_column_text]Ob f\u00fcr dekorative Beleuchtung oder Vitrinenbeleuchtung, diese flexiblen LED-Streifen sind eine ausgezeichnete Wahl, wo immer farbige Beleuchtung ben\u00f6tigt wird. Sie enthalten 48 RGB-LEDs pro Meter und sind f\u00fcr langfristige professionelle Farbbeleuchtungsanwendungen konzipiert. <\/p>\n<p>Diese Streifen bieten eine besonders lange Lebensdauer in Kombination mit einer stabilen Leistung. Dies wird durch die Kombination aus einer Kupferplatine und einem Stromstabilisierungssystem erreicht. Au\u00dferdem garantiert ein spezielles w\u00e4rmeleitendes Band auf der R\u00fcckseite eine perfekte W\u00e4rme\u00fcbertragung auf die Montagefl\u00e4che.  <\/p>\n<p>Das Ergebnis ist ein hochwertiges, farbiges Licht, das eine besonders lange Lebensdauer, Haltbarkeit und Flexibilit\u00e4t bietet.[\/vc_column_text][vc_single_image source=&#8220;external_link&#8220; external_img_size=&#8220;380&#215;33&#8243; css=&#8220;&#8220; custom_src=&#8220;https:\/\/www.holectron.com\/wp-content\/uploads\/features-with-etl-1.svg&#8220; el_id=&#8220;0002&#8243;][\/vc_column][\/vc_row]<\/p>\n<\/div>","protected":false},"excerpt":{"rendered":"<p>[vc_row gap=&#8220;30&#8243;][vc_column width=&#8220;1\/2&#8243;][vc_single_image image=&#8220;101487&#8243; img_size=&#8220;680&#215;400&#8243; css=&#8220;&#8220;][\/vc_column][vc_column width=&#8220;1\/2&#8243;][vc_column_text]Ob f\u00fcr dekorative Beleuchtung oder Vitrinenbeleuchtung, diese flexiblen LED-Streifen sind eine ausgezeichnete Wahl, wo immer farbige Beleuchtung ben\u00f6tigt wird. Sie enthalten 48 RGB-LEDs pro Meter und sind f\u00fcr langfristige professionelle Farbbeleuchtungsanwendungen konzipiert. Diese Streifen bieten eine besonders lange Lebensdauer in Kombination mit einer stabilen Leistung. Dies wird durch die [&hellip;]<\/p>\n","protected":false},"author":15,"featured_media":122713,"parent":122838,"menu_order":0,"comment_status":"closed","ping_status":"closed","template":"tpl-product.php","meta":{"footnotes":""},"related":[137,138],"filter":[342,343,344,346,347,350,356,348,349,359],"acf":[],"aioseo_notices":[],"_links":{"self":[{"href":"https:\/\/www.holectron.com\/de\/wp-json\/wp\/v2\/pages\/122710"}],"collection":[{"href":"https:\/\/www.holectron.com\/de\/wp-json\/wp\/v2\/pages"}],"about":[{"href":"https:\/\/www.holectron.com\/de\/wp-json\/wp\/v2\/types\/page"}],"author":[{"embeddable":true,"href":"https:\/\/www.holectron.com\/de\/wp-json\/wp\/v2\/users\/15"}],"replies":[{"embeddable":true,"href":"https:\/\/www.holectron.com\/de\/wp-json\/wp\/v2\/comments?post=122710"}],"version-history":[{"count":0,"href":"https:\/\/www.holectron.com\/de\/wp-json\/wp\/v2\/pages\/122710\/revisions"}],"up":[{"embeddable":true,"href":"https:\/\/www.holectron.com\/de\/wp-json\/wp\/v2\/pages\/122838"}],"wp:featuredmedia":[{"embeddable":true,"href":"https:\/\/www.holectron.com\/de\/wp-json\/wp\/v2\/media\/122713"}],"wp:attachment":[{"href":"https:\/\/www.holectron.com\/de\/wp-json\/wp\/v2\/media?parent=122710"}],"wp:term":[{"taxonomy":"related","embeddable":true,"href":"https:\/\/www.holectron.com\/de\/wp-json\/wp\/v2\/related?post=122710"},{"taxonomy":"filter","embeddable":true,"href":"https:\/\/www.holectron.com\/de\/wp-json\/wp\/v2\/filter?post=122710"}],"curies":[{"name":"wp","href":"https:\/\/api.w.org\/{rel}","templated":true}]}}