{"id":122708,"date":"2021-03-02T15:21:31","date_gmt":"2021-03-02T13:21:31","guid":{"rendered":"https:\/\/www.holectron.com\/rgb96-nx-flexible-rgb-nichia-led-streifen\/"},"modified":"2026-02-27T09:12:07","modified_gmt":"2026-02-27T07:12:07","slug":"rgb96-nx-flexible-rgb-nichia-led-streifen","status":"publish","type":"page","link":"https:\/\/www.holectron.com\/de\/produkte\/flexible-led-streifen-fuer-den-innenbereich\/flexible-rgb-led-streifen\/rgb96-nx-flexible-rgb-nichia-led-streifen\/","title":{"rendered":"RGB96\/Nx &#8211; Flexible RGB NICHIA LED-Streifen"},"content":{"rendered":"<div class=\"wpb-content-wrapper\"><p>[vc_row gap=&#8220;30&#8243; content_placement=&#8220;top&#8220;][vc_column width=&#8220;1\/2&#8243;][vc_single_image image=&#8220;83717&#8243; img_size=&#8220;680&#215;400&#8243;][\/vc_column][vc_column width=&#8220;1\/2&#8243;][vc_column_text]Diese LED-Streifen bieten eine Kombination aus h\u00f6herer Dichte und k\u00fcrzerem Schneideschritt und eignen sich hervorragend f\u00fcr die dekorative Beleuchtung. Mit 96 LEDs pro Meter sind sie eine leistungsstarke, langfristige L\u00f6sung, wo immer ein bunter Lichteffekt ben\u00f6tigt wird. <\/p>\n<p>Eine Kombination aus hochwertigen Komponenten, intelligenten Designl\u00f6sungen und einer punktgenauen Produktion sorgt f\u00fcr die stabile Leistung und extra lange Lebensdauer dieser Streifen. Eine flexible Kupferleiterplatte (PCB) mit integriertem Stromstabilisierungssystem bildet die Basis f\u00fcr die LEDs, und w\u00e4rmeleitendes Klebeband sorgt f\u00fcr eine perfekte W\u00e4rme\u00fcbertragung auf die Montagefl\u00e4che. <\/p>\n<p>Diese f\u00fcr gleichm\u00e4\u00dfige farbige Beleuchtung konzipierten Streifen bieten Qualit\u00e4t und Leistung f\u00fcr eine Reihe von Anwendungen.[\/vc_column_text][vc_single_image source=&#8220;external_link&#8220; external_img_size=&#8220;380&#215;33&#8243; css=&#8220;&#8220; custom_src=&#8220;https:\/\/www.holectron.com\/wp-content\/uploads\/features-with-etl-1.svg&#8220; el_id=&#8220;0002&#8243;][\/vc_column][\/vc_row]<\/p>\n<\/div>","protected":false},"excerpt":{"rendered":"<p>[vc_row gap=&#8220;30&#8243; content_placement=&#8220;top&#8220;][vc_column width=&#8220;1\/2&#8243;][vc_single_image image=&#8220;83717&#8243; img_size=&#8220;680&#215;400&#8243;][\/vc_column][vc_column width=&#8220;1\/2&#8243;][vc_column_text]Diese LED-Streifen bieten eine Kombination aus h\u00f6herer Dichte und k\u00fcrzerem Schneideschritt und eignen sich hervorragend f\u00fcr die dekorative Beleuchtung. Mit 96 LEDs pro Meter sind sie eine leistungsstarke, langfristige L\u00f6sung, wo immer ein bunter Lichteffekt ben\u00f6tigt wird. Eine Kombination aus hochwertigen Komponenten, intelligenten Designl\u00f6sungen und einer punktgenauen Produktion sorgt [&hellip;]<\/p>\n","protected":false},"author":15,"featured_media":122656,"parent":122838,"menu_order":1,"comment_status":"closed","ping_status":"closed","template":"tpl-product.php","meta":{"footnotes":""},"related":[137,138],"filter":[342,343,344,346,347,350,356,348,349,359],"acf":[],"aioseo_notices":[],"_links":{"self":[{"href":"https:\/\/www.holectron.com\/de\/wp-json\/wp\/v2\/pages\/122708"}],"collection":[{"href":"https:\/\/www.holectron.com\/de\/wp-json\/wp\/v2\/pages"}],"about":[{"href":"https:\/\/www.holectron.com\/de\/wp-json\/wp\/v2\/types\/page"}],"author":[{"embeddable":true,"href":"https:\/\/www.holectron.com\/de\/wp-json\/wp\/v2\/users\/15"}],"replies":[{"embeddable":true,"href":"https:\/\/www.holectron.com\/de\/wp-json\/wp\/v2\/comments?post=122708"}],"version-history":[{"count":0,"href":"https:\/\/www.holectron.com\/de\/wp-json\/wp\/v2\/pages\/122708\/revisions"}],"up":[{"embeddable":true,"href":"https:\/\/www.holectron.com\/de\/wp-json\/wp\/v2\/pages\/122838"}],"wp:featuredmedia":[{"embeddable":true,"href":"https:\/\/www.holectron.com\/de\/wp-json\/wp\/v2\/media\/122656"}],"wp:attachment":[{"href":"https:\/\/www.holectron.com\/de\/wp-json\/wp\/v2\/media?parent=122708"}],"wp:term":[{"taxonomy":"related","embeddable":true,"href":"https:\/\/www.holectron.com\/de\/wp-json\/wp\/v2\/related?post=122708"},{"taxonomy":"filter","embeddable":true,"href":"https:\/\/www.holectron.com\/de\/wp-json\/wp\/v2\/filter?post=122708"}],"curies":[{"name":"wp","href":"https:\/\/api.w.org\/{rel}","templated":true}]}}