{"id":122699,"date":"2019-04-25T15:54:33","date_gmt":"2019-04-25T13:54:33","guid":{"rendered":"https:\/\/www.holectron.com\/tw70-dd-flexible-abstimmbare-weisse-delta-led-streifen\/"},"modified":"2026-02-27T09:09:46","modified_gmt":"2026-02-27T07:09:46","slug":"tw70-dd-flexible-abstimmbare-weisse-delta-led-streifen","status":"publish","type":"page","link":"https:\/\/www.holectron.com\/de\/produkte\/flexible-led-streifen-fuer-den-innenbereich\/abstimmbare-weisse-flexible-led-streifen\/tw70-dd-flexible-abstimmbare-weisse-delta-led-streifen\/","title":{"rendered":"TW70\/DD &#8211; Flexible abstimmbare wei\u00dfe DELTA LED-Streifen"},"content":{"rendered":"<div class=\"wpb-content-wrapper\"><p>[vc_row gap=&#8220;30&#8243; content_placement=&#8220;top&#8220;][vc_column width=&#8220;1\/2&#8243;][vc_single_image image=&#8220;86160&#8243; img_size=&#8220;680&#215;400&#8243;][\/vc_column][vc_column width=&#8220;1\/2&#8243;][vc_column_text]Diese flexiblen Streifen bieten Vielseitigkeit und Kosteng\u00fcnstigkeit, mit zus\u00e4tzlicher Leistung dank einer h\u00f6heren LED-Dichte. Mit 70 warmwei\u00dfen und 70 kaltwei\u00dfen DELTA-LEDs pro Meter sind diese Streifen f\u00fcr langfristige professionelle Beleuchtungsanwendungen konzipiert. Sie sind ideal f\u00fcr direkte Beleuchtung, Aufgabenbeleuchtung und dekorative Beleuchtung und stellen die preisg\u00fcnstigste Option f\u00fcr diese Beleuchtungsqualit\u00e4t dar.  <\/p>\n<p>Diese robusten und langlebigen Streifen verwenden hochwertige Komponenten, um eine stabile Leistung zu gew\u00e4hrleisten. Die DELTA LEDs basieren auf einer flexiblen Kupferplatine mit integriertem Stromstabilisierungssystem. Und ein spezielles, w\u00e4rmeleitendes Klebeband auf der R\u00fcckseite sorgt f\u00fcr eine perfekte W\u00e4rme\u00fcbertragung auf die Montagefl\u00e4che.  <\/p>\n<p>Die verwendeten DELTA-LEDs bieten das ideale Gleichgewicht zwischen Wert, hoher Effizienz und Lichtqualit\u00e4t.[\/vc_column_text][vc_single_image source=&#8220;external_link&#8220; external_img_size=&#8220;380&#215;33&#8243; custom_src=&#8220;https:\/\/www.holectron.com\/wp-content\/uploads\/features-with-etl-1.svg&#8220;][\/vc_column][\/vc_row][vc_row full_width=&#8220;stretch_row&#8220; css=&#8220;.vc_custom_1750325740864{background-color: #f5f5f5 !important;}&#8220;][vc_column][vc_empty_space height=&#8220;40&#8243;][vc_column_text css=&#8220;&#8220;]<\/p>\n<h2>Wesentliche Merkmale<\/h2>\n<p>\u25a0 Stabilisierter Stromentwurf<\/p>\n<p>\u25a0 W\u00e4rmeleitendes Klebeband auf der R\u00fcckseite f\u00fcr bessere W\u00e4rmeleitung<\/p>\n<p>\u25a0 Dicke und langlebige Kupferplatine<\/p>\n<p>\u25a0 Dimmbar<\/p>\n<p>\u25a0 24V DC Spannungseingang<\/p>\n<p>\u25a0 Schutz vor Verpolung<\/p>\n<p>\u25a0 3 Stufen MacAdam LEDs<\/p>\n<p>\u25a0 Kompakte 8 mm Breite<\/p>\n<p>\u25a0 Hoher CRI Ra90+<\/p>\n<p>\u25a0 Breiter wei\u00dfer Farbbereich 2200K-6500K<\/p>\n<p>\u25a0 Hochwertige LED-Chips[\/vc_column_text][vc_empty_space height=&#8220;40&#8243; el_id=&#8220;0002&#8243;][\/vc_column][\/vc_row]<\/p>\n<\/div>","protected":false},"excerpt":{"rendered":"<p>[vc_row gap=&#8220;30&#8243; content_placement=&#8220;top&#8220;][vc_column width=&#8220;1\/2&#8243;][vc_single_image image=&#8220;86160&#8243; img_size=&#8220;680&#215;400&#8243;][\/vc_column][vc_column width=&#8220;1\/2&#8243;][vc_column_text]Diese flexiblen Streifen bieten Vielseitigkeit und Kosteng\u00fcnstigkeit, mit zus\u00e4tzlicher Leistung dank einer h\u00f6heren LED-Dichte. Mit 70 warmwei\u00dfen und 70 kaltwei\u00dfen DELTA-LEDs pro Meter sind diese Streifen f\u00fcr langfristige professionelle Beleuchtungsanwendungen konzipiert. Sie sind ideal f\u00fcr direkte Beleuchtung, Aufgabenbeleuchtung und dekorative Beleuchtung und stellen die preisg\u00fcnstigste Option f\u00fcr diese Beleuchtungsqualit\u00e4t [&hellip;]<\/p>\n","protected":false},"author":15,"featured_media":122685,"parent":122837,"menu_order":3,"comment_status":"closed","ping_status":"closed","template":"tpl-product.php","meta":{"footnotes":""},"related":[136],"filter":[342,343,344,346,347,350,348,349,351,352,353,354,345],"acf":[],"aioseo_notices":[],"_links":{"self":[{"href":"https:\/\/www.holectron.com\/de\/wp-json\/wp\/v2\/pages\/122699"}],"collection":[{"href":"https:\/\/www.holectron.com\/de\/wp-json\/wp\/v2\/pages"}],"about":[{"href":"https:\/\/www.holectron.com\/de\/wp-json\/wp\/v2\/types\/page"}],"author":[{"embeddable":true,"href":"https:\/\/www.holectron.com\/de\/wp-json\/wp\/v2\/users\/15"}],"replies":[{"embeddable":true,"href":"https:\/\/www.holectron.com\/de\/wp-json\/wp\/v2\/comments?post=122699"}],"version-history":[{"count":0,"href":"https:\/\/www.holectron.com\/de\/wp-json\/wp\/v2\/pages\/122699\/revisions"}],"up":[{"embeddable":true,"href":"https:\/\/www.holectron.com\/de\/wp-json\/wp\/v2\/pages\/122837"}],"wp:featuredmedia":[{"embeddable":true,"href":"https:\/\/www.holectron.com\/de\/wp-json\/wp\/v2\/media\/122685"}],"wp:attachment":[{"href":"https:\/\/www.holectron.com\/de\/wp-json\/wp\/v2\/media?parent=122699"}],"wp:term":[{"taxonomy":"related","embeddable":true,"href":"https:\/\/www.holectron.com\/de\/wp-json\/wp\/v2\/related?post=122699"},{"taxonomy":"filter","embeddable":true,"href":"https:\/\/www.holectron.com\/de\/wp-json\/wp\/v2\/filter?post=122699"}],"curies":[{"name":"wp","href":"https:\/\/api.w.org\/{rel}","templated":true}]}}