{"id":122688,"date":"2021-03-17T15:28:30","date_gmt":"2021-03-17T13:28:30","guid":{"rendered":"https:\/\/www.holectron.com\/rgbw48-nd-flexible-rgbweiss-delta-led-streifen\/"},"modified":"2026-02-27T09:14:13","modified_gmt":"2026-02-27T07:14:13","slug":"rgbw48-nd-flexible-rgbweiss-delta-led-streifen","status":"publish","type":"page","link":"https:\/\/www.holectron.com\/de\/produkte\/flexible-led-streifen-fuer-den-innenbereich\/flexible-rgbweisse-led-streifen\/rgbw48-nd-flexible-rgbweiss-delta-led-streifen\/","title":{"rendered":"RGBW48\/ND &#8211; Flexible RGB+Wei\u00df DELTA LED-Streifen"},"content":{"rendered":"<div class=\"wpb-content-wrapper\"><p>[vc_row gap=&#8220;30&#8243; content_placement=&#8220;top&#8220;][vc_column width=&#8220;1\/2&#8243;][vc_single_image image=&#8220;86342&#8243; img_size=&#8220;680&#215;400&#8243;][\/vc_column][vc_column width=&#8220;1\/2&#8243;][vc_column_text]Wann immer Sie im Handumdrehen von allgemeiner zu dekorativer Beleuchtung wechseln m\u00fcssen, sind diese LED-Streifen eine ausgezeichnete Wahl. Sie enthalten 48 RGB- und 48 wei\u00dfe DELTA-LEDs pro Meter und sind so konzipiert, dass sie st\u00e4ndig wechselnde Umgebungen beleuchten. <\/p>\n<p>Diese Streifen bieten eine au\u00dfergew\u00f6hnliche RGB-Lichtleistung in Kombination mit einer hervorragenden Wei\u00dflichtleistung. Erreicht wird dies durch die Kombination aus einer Kupferplatine, hochwertigen LEDs und einem Stromstabilisierungssystem. Au\u00dferdem garantiert ein spezielles w\u00e4rmeleitendes Band auf der R\u00fcckseite eine perfekte W\u00e4rme\u00fcbertragung auf die Montagefl\u00e4che.  <\/p>\n<p>Das Ergebnis ist ein langlebiger LED-Streifen, der in st\u00e4ndig wechselnden Umgebungen vielseitig einsetzbar ist.[\/vc_column_text][vc_single_image source=&#8220;external_link&#8220; external_img_size=&#8220;380&#215;33&#8243; css=&#8220;&#8220; custom_src=&#8220;https:\/\/www.holectron.com\/wp-content\/uploads\/features-with-etl-1.svg&#8220; el_id=&#8220;0002&#8243;][\/vc_column][\/vc_row]<\/p>\n<\/div>","protected":false},"excerpt":{"rendered":"<p>[vc_row gap=&#8220;30&#8243; content_placement=&#8220;top&#8220;][vc_column width=&#8220;1\/2&#8243;][vc_single_image image=&#8220;86342&#8243; img_size=&#8220;680&#215;400&#8243;][\/vc_column][vc_column width=&#8220;1\/2&#8243;][vc_column_text]Wann immer Sie im Handumdrehen von allgemeiner zu dekorativer Beleuchtung wechseln m\u00fcssen, sind diese LED-Streifen eine ausgezeichnete Wahl. Sie enthalten 48 RGB- und 48 wei\u00dfe DELTA-LEDs pro Meter und sind so konzipiert, dass sie st\u00e4ndig wechselnde Umgebungen beleuchten. Diese Streifen bieten eine au\u00dfergew\u00f6hnliche RGB-Lichtleistung in Kombination mit einer hervorragenden [&hellip;]<\/p>\n","protected":false},"author":15,"featured_media":122697,"parent":122839,"menu_order":1,"comment_status":"closed","ping_status":"closed","template":"tpl-product.php","meta":{"footnotes":""},"related":[137,138],"filter":[342,343,344,346,347,350,356,348,349,351,352,358],"acf":[],"aioseo_notices":[],"_links":{"self":[{"href":"https:\/\/www.holectron.com\/de\/wp-json\/wp\/v2\/pages\/122688"}],"collection":[{"href":"https:\/\/www.holectron.com\/de\/wp-json\/wp\/v2\/pages"}],"about":[{"href":"https:\/\/www.holectron.com\/de\/wp-json\/wp\/v2\/types\/page"}],"author":[{"embeddable":true,"href":"https:\/\/www.holectron.com\/de\/wp-json\/wp\/v2\/users\/15"}],"replies":[{"embeddable":true,"href":"https:\/\/www.holectron.com\/de\/wp-json\/wp\/v2\/comments?post=122688"}],"version-history":[{"count":0,"href":"https:\/\/www.holectron.com\/de\/wp-json\/wp\/v2\/pages\/122688\/revisions"}],"up":[{"embeddable":true,"href":"https:\/\/www.holectron.com\/de\/wp-json\/wp\/v2\/pages\/122839"}],"wp:featuredmedia":[{"embeddable":true,"href":"https:\/\/www.holectron.com\/de\/wp-json\/wp\/v2\/media\/122697"}],"wp:attachment":[{"href":"https:\/\/www.holectron.com\/de\/wp-json\/wp\/v2\/media?parent=122688"}],"wp:term":[{"taxonomy":"related","embeddable":true,"href":"https:\/\/www.holectron.com\/de\/wp-json\/wp\/v2\/related?post=122688"},{"taxonomy":"filter","embeddable":true,"href":"https:\/\/www.holectron.com\/de\/wp-json\/wp\/v2\/filter?post=122688"}],"curies":[{"name":"wp","href":"https:\/\/api.w.org\/{rel}","templated":true}]}}