{"id":122680,"date":"2019-04-24T13:46:58","date_gmt":"2019-04-24T11:46:58","guid":{"rendered":"https:\/\/www.holectron.com\/tw70-nn-flexible-abstimmbare-weisse-nichia-led-streifen\/"},"modified":"2026-02-27T09:09:20","modified_gmt":"2026-02-27T07:09:20","slug":"tw70-nn-flexible-abstimmbare-weisse-nichia-led-streifen","status":"publish","type":"page","link":"https:\/\/www.holectron.com\/de\/produkte\/flexible-led-streifen-fuer-den-innenbereich\/abstimmbare-weisse-flexible-led-streifen\/tw70-nn-flexible-abstimmbare-weisse-nichia-led-streifen\/","title":{"rendered":"TW70\/NN &#8211; Flexible abstimmbare wei\u00dfe NICHIA LED-Streifen"},"content":{"rendered":"<div class=\"wpb-content-wrapper\"><p>[vc_row gap=&#8220;30&#8243; content_placement=&#8220;top&#8220;][vc_column width=&#8220;1\/2&#8243;][vc_single_image image=&#8220;86300&#8243; img_size=&#8220;680&#215;400&#8243;][\/vc_column][vc_column width=&#8220;1\/2&#8243;][vc_column_text]Diese LED-Streifen bieten eine Kombination aus h\u00f6herer Dichte und k\u00fcrzerem Schneideschritt und eignen sich hervorragend f\u00fcr direkte, aufgabenbezogene und dekorative Beleuchtung. Sie enthalten 70 warmwei\u00dfe und 70 kaltwei\u00dfe NICHIA-LEDs pro Meter und sind eine leistungsstarke, langfristige L\u00f6sung f\u00fcr alle Bereiche, in denen der Effekt des menschlichen zirkadianen Rhythmus ben\u00f6tigt wird. <\/p>\n<p>Eine Kombination aus hochwertigen Komponenten, intelligenten Designl\u00f6sungen und einer punktgenauen Produktion sorgt f\u00fcr die stabile Leistung und extra lange Lebensdauer dieser Streifen. Eine flexible Kupferleiterplatte (PCB) mit integriertem Stromstabilisierungssystem bildet die Basis f\u00fcr die LEDs, und w\u00e4rmeleitendes Klebeband sorgt f\u00fcr eine perfekte W\u00e4rme\u00fcbertragung auf die Montagefl\u00e4che. <\/p>\n<p>Diese Leisten wurden f\u00fcr eine reibungslose, auf den Menschen ausgerichtete Beleuchtung entwickelt und bieten Qualit\u00e4t und Leistung f\u00fcr eine Reihe von Anwendungen.[\/vc_column_text][vc_single_image source=&#8220;external_link&#8220; external_img_size=&#8220;380&#215;33&#8243; css=&#8220;&#8220; custom_src=&#8220;https:\/\/www.holectron.com\/wp-content\/uploads\/features-with-etl-1.svg&#8220; el_id=&#8220;0002&#8243;][\/vc_column][\/vc_row]<\/p>\n<\/div>","protected":false},"excerpt":{"rendered":"<p>[vc_row gap=&#8220;30&#8243; content_placement=&#8220;top&#8220;][vc_column width=&#8220;1\/2&#8243;][vc_single_image image=&#8220;86300&#8243; img_size=&#8220;680&#215;400&#8243;][\/vc_column][vc_column width=&#8220;1\/2&#8243;][vc_column_text]Diese LED-Streifen bieten eine Kombination aus h\u00f6herer Dichte und k\u00fcrzerem Schneideschritt und eignen sich hervorragend f\u00fcr direkte, aufgabenbezogene und dekorative Beleuchtung. Sie enthalten 70 warmwei\u00dfe und 70 kaltwei\u00dfe NICHIA-LEDs pro Meter und sind eine leistungsstarke, langfristige L\u00f6sung f\u00fcr alle Bereiche, in denen der Effekt des menschlichen zirkadianen Rhythmus ben\u00f6tigt [&hellip;]<\/p>\n","protected":false},"author":15,"featured_media":122685,"parent":122837,"menu_order":2,"comment_status":"closed","ping_status":"closed","template":"tpl-product.php","meta":{"footnotes":""},"related":[136],"filter":[342,343,344,346,347,350,348,349,351,352,353,354,345],"acf":[],"aioseo_notices":[],"_links":{"self":[{"href":"https:\/\/www.holectron.com\/de\/wp-json\/wp\/v2\/pages\/122680"}],"collection":[{"href":"https:\/\/www.holectron.com\/de\/wp-json\/wp\/v2\/pages"}],"about":[{"href":"https:\/\/www.holectron.com\/de\/wp-json\/wp\/v2\/types\/page"}],"author":[{"embeddable":true,"href":"https:\/\/www.holectron.com\/de\/wp-json\/wp\/v2\/users\/15"}],"replies":[{"embeddable":true,"href":"https:\/\/www.holectron.com\/de\/wp-json\/wp\/v2\/comments?post=122680"}],"version-history":[{"count":0,"href":"https:\/\/www.holectron.com\/de\/wp-json\/wp\/v2\/pages\/122680\/revisions"}],"up":[{"embeddable":true,"href":"https:\/\/www.holectron.com\/de\/wp-json\/wp\/v2\/pages\/122837"}],"wp:featuredmedia":[{"embeddable":true,"href":"https:\/\/www.holectron.com\/de\/wp-json\/wp\/v2\/media\/122685"}],"wp:attachment":[{"href":"https:\/\/www.holectron.com\/de\/wp-json\/wp\/v2\/media?parent=122680"}],"wp:term":[{"taxonomy":"related","embeddable":true,"href":"https:\/\/www.holectron.com\/de\/wp-json\/wp\/v2\/related?post=122680"},{"taxonomy":"filter","embeddable":true,"href":"https:\/\/www.holectron.com\/de\/wp-json\/wp\/v2\/filter?post=122680"}],"curies":[{"name":"wp","href":"https:\/\/api.w.org\/{rel}","templated":true}]}}