{"id":122599,"date":"2019-04-08T15:37:18","date_gmt":"2019-04-08T13:37:18","guid":{"rendered":"https:\/\/www.holectron.com\/tw56-nn-flexible-abstimmbare-weisse-nichia-led-streifen\/"},"modified":"2026-02-27T09:08:01","modified_gmt":"2026-02-27T07:08:01","slug":"tw56-nn-flexible-abstimmbare-weisse-nichia-led-streifen","status":"publish","type":"page","link":"https:\/\/www.holectron.com\/de\/produkte\/flexible-led-streifen-fuer-den-innenbereich\/abstimmbare-weisse-flexible-led-streifen\/tw56-nn-flexible-abstimmbare-weisse-nichia-led-streifen\/","title":{"rendered":"TW56\/NN &#8211; Flexible abstimmbare wei\u00dfe NICHIA LED-Streifen"},"content":{"rendered":"<div class=\"wpb-content-wrapper\"><p>[vc_row gap=&#8220;30&#8243; content_placement=&#8220;top&#8220;][vc_column width=&#8220;1\/2&#8243;][vc_single_image image=&#8220;86288&#8243; img_size=&#8220;680&#215;400&#8243;][\/vc_column][vc_column width=&#8220;1\/2&#8243;][vc_column_text]Ob f\u00fcr die Allgemeinbeleuchtung oder die Beleuchtung von Vitrinen, diese flexiblen LED-Streifen sind \u00fcberall dort eine ausgezeichnete Wahl, wo der Effekt des menschlichen circadianen Rhythmus ben\u00f6tigt wird. Sie enthalten 56 warmwei\u00dfe und 56 kaltwei\u00dfe NICHIA-LEDs pro Meter und sind f\u00fcr langfristige, professionelle Beleuchtungsanwendungen konzipiert, bei denen der Mensch im Mittelpunkt steht. <\/p>\n<p>Diese Streifen bieten eine besonders lange Lebensdauer in Kombination mit einer stabilen Leistung. Dies wird durch die Kombination aus einer Kupferplatine und einem Stromstabilisierungssystem erreicht. Au\u00dferdem garantiert ein spezielles w\u00e4rmeleitendes Band auf der R\u00fcckseite eine perfekte W\u00e4rme\u00fcbertragung auf die Montagefl\u00e4che.  <\/p>\n<p>Das Ergebnis ist ein qualitativ hochwertiges, auf den Menschen zugeschnittenes Licht, das eine besonders lange Lebensdauer, Haltbarkeit und Flexibilit\u00e4t bietet.[\/vc_column_text][vc_single_image source=&#8220;external_link&#8220; external_img_size=&#8220;380&#215;33&#8243; css=&#8220;&#8220; custom_src=&#8220;https:\/\/www.holectron.com\/wp-content\/uploads\/features-with-etl-1.svg&#8220; el_id=&#8220;0002&#8243;][\/vc_column][\/vc_row]<\/p>\n<\/div>","protected":false},"excerpt":{"rendered":"<p>[vc_row gap=&#8220;30&#8243; content_placement=&#8220;top&#8220;][vc_column width=&#8220;1\/2&#8243;][vc_single_image image=&#8220;86288&#8243; img_size=&#8220;680&#215;400&#8243;][\/vc_column][vc_column width=&#8220;1\/2&#8243;][vc_column_text]Ob f\u00fcr die Allgemeinbeleuchtung oder die Beleuchtung von Vitrinen, diese flexiblen LED-Streifen sind \u00fcberall dort eine ausgezeichnete Wahl, wo der Effekt des menschlichen circadianen Rhythmus ben\u00f6tigt wird. Sie enthalten 56 warmwei\u00dfe und 56 kaltwei\u00dfe NICHIA-LEDs pro Meter und sind f\u00fcr langfristige, professionelle Beleuchtungsanwendungen konzipiert, bei denen der Mensch im [&hellip;]<\/p>\n","protected":false},"author":15,"featured_media":122601,"parent":122837,"menu_order":0,"comment_status":"closed","ping_status":"closed","template":"tpl-product.php","meta":{"footnotes":""},"related":[136],"filter":[342,343,344,346,347,350,348,349,351,352,353,354,345],"acf":[],"aioseo_notices":[],"_links":{"self":[{"href":"https:\/\/www.holectron.com\/de\/wp-json\/wp\/v2\/pages\/122599"}],"collection":[{"href":"https:\/\/www.holectron.com\/de\/wp-json\/wp\/v2\/pages"}],"about":[{"href":"https:\/\/www.holectron.com\/de\/wp-json\/wp\/v2\/types\/page"}],"author":[{"embeddable":true,"href":"https:\/\/www.holectron.com\/de\/wp-json\/wp\/v2\/users\/15"}],"replies":[{"embeddable":true,"href":"https:\/\/www.holectron.com\/de\/wp-json\/wp\/v2\/comments?post=122599"}],"version-history":[{"count":0,"href":"https:\/\/www.holectron.com\/de\/wp-json\/wp\/v2\/pages\/122599\/revisions"}],"up":[{"embeddable":true,"href":"https:\/\/www.holectron.com\/de\/wp-json\/wp\/v2\/pages\/122837"}],"wp:featuredmedia":[{"embeddable":true,"href":"https:\/\/www.holectron.com\/de\/wp-json\/wp\/v2\/media\/122601"}],"wp:attachment":[{"href":"https:\/\/www.holectron.com\/de\/wp-json\/wp\/v2\/media?parent=122599"}],"wp:term":[{"taxonomy":"related","embeddable":true,"href":"https:\/\/www.holectron.com\/de\/wp-json\/wp\/v2\/related?post=122599"},{"taxonomy":"filter","embeddable":true,"href":"https:\/\/www.holectron.com\/de\/wp-json\/wp\/v2\/filter?post=122599"}],"curies":[{"name":"wp","href":"https:\/\/api.w.org\/{rel}","templated":true}]}}