{"id":122598,"date":"2019-04-25T15:53:57","date_gmt":"2019-04-25T13:53:57","guid":{"rendered":"https:\/\/www.holectron.com\/tw56-dd-g5-flexible-abstimmbare-weisse-delta-led-streifen\/"},"modified":"2026-02-27T09:08:51","modified_gmt":"2026-02-27T07:08:51","slug":"tw56-dd-g5-flexible-abstimmbare-weisse-delta-led-streifen","status":"publish","type":"page","link":"https:\/\/www.holectron.com\/de\/produkte\/flexible-led-streifen-fuer-den-innenbereich\/abstimmbare-weisse-flexible-led-streifen\/tw56-dd-g5-flexible-abstimmbare-weisse-delta-led-streifen\/","title":{"rendered":"TW56\/DD G5 &#8211; Flexible abstimmbare wei\u00dfe DELTA LED-Streifen"},"content":{"rendered":"<div class=\"wpb-content-wrapper\"><p>[vc_row gap=&#8220;30&#8243; content_placement=&#8220;top&#8220;][vc_column width=&#8220;1\/2&#8243;][vc_single_image image=&#8220;86162&#8243; img_size=&#8220;680&#215;400&#8243;][\/vc_column][vc_column width=&#8220;1\/2&#8243;][vc_column_text]Diese durchstimmbaren, wei\u00dfen, flexiblen LED-Streifen enthalten 56 warmwei\u00dfe und 56 kaltwei\u00dfe DELTA-LEDs pro Meter. Sie wurden f\u00fcr langfristige, professionelle, auf den Menschen ausgerichtete Beleuchtungsanwendungen entwickelt und eignen sich perfekt f\u00fcr allgemeine lineare Beleuchtung, Voutenbeleuchtung, geschwungene Anwendungen, M\u00f6belbeleuchtung und \u00fcberall dort, wo der menschliche zirkadiane Rhythmus gefragt ist.<\/p>\n<p>F\u00fcr diese flexiblen, abstimmbaren wei\u00dfen LED-Streifen verwenden wir NICHIA LEDs aus Japan, dicke Kupferplatinen und ein IC-Stromstabilisierungssystem im Inneren. Ein spezielles w\u00e4rmeleitendes Klebeband auf der R\u00fcckseite garantiert eine perfekte W\u00e4rme\u00fcbertragung auf die Montagefl\u00e4che. <\/p>\n<p>All diese Merkmale garantieren eine besonders lange Lebensdauer und eine stabile Leistung.[\/vc_column_text][vc_single_image source=&#8220;external_link&#8220; external_img_size=&#8220;380&#215;33&#8243; css=&#8220;&#8220; custom_src=&#8220;https:\/\/www.holectron.com\/wp-content\/uploads\/features-with-etl-1.svg&#8220; el_id=&#8220;0002&#8243;][\/vc_column][\/vc_row]<\/p>\n<\/div>","protected":false},"excerpt":{"rendered":"<p>[vc_row gap=&#8220;30&#8243; content_placement=&#8220;top&#8220;][vc_column width=&#8220;1\/2&#8243;][vc_single_image image=&#8220;86162&#8243; img_size=&#8220;680&#215;400&#8243;][\/vc_column][vc_column width=&#8220;1\/2&#8243;][vc_column_text]Diese durchstimmbaren, wei\u00dfen, flexiblen LED-Streifen enthalten 56 warmwei\u00dfe und 56 kaltwei\u00dfe DELTA-LEDs pro Meter. Sie wurden f\u00fcr langfristige, professionelle, auf den Menschen ausgerichtete Beleuchtungsanwendungen entwickelt und eignen sich perfekt f\u00fcr allgemeine lineare Beleuchtung, Voutenbeleuchtung, geschwungene Anwendungen, M\u00f6belbeleuchtung und \u00fcberall dort, wo der menschliche zirkadiane Rhythmus gefragt ist. F\u00fcr diese [&hellip;]<\/p>\n","protected":false},"author":15,"featured_media":122601,"parent":122837,"menu_order":1,"comment_status":"closed","ping_status":"closed","template":"tpl-product.php","meta":{"footnotes":""},"related":[136],"filter":[342,343,344,346,347,350,348,349,351,352,353,354,345],"acf":[],"aioseo_notices":[],"_links":{"self":[{"href":"https:\/\/www.holectron.com\/de\/wp-json\/wp\/v2\/pages\/122598"}],"collection":[{"href":"https:\/\/www.holectron.com\/de\/wp-json\/wp\/v2\/pages"}],"about":[{"href":"https:\/\/www.holectron.com\/de\/wp-json\/wp\/v2\/types\/page"}],"author":[{"embeddable":true,"href":"https:\/\/www.holectron.com\/de\/wp-json\/wp\/v2\/users\/15"}],"replies":[{"embeddable":true,"href":"https:\/\/www.holectron.com\/de\/wp-json\/wp\/v2\/comments?post=122598"}],"version-history":[{"count":0,"href":"https:\/\/www.holectron.com\/de\/wp-json\/wp\/v2\/pages\/122598\/revisions"}],"up":[{"embeddable":true,"href":"https:\/\/www.holectron.com\/de\/wp-json\/wp\/v2\/pages\/122837"}],"wp:featuredmedia":[{"embeddable":true,"href":"https:\/\/www.holectron.com\/de\/wp-json\/wp\/v2\/media\/122601"}],"wp:attachment":[{"href":"https:\/\/www.holectron.com\/de\/wp-json\/wp\/v2\/media?parent=122598"}],"wp:term":[{"taxonomy":"related","embeddable":true,"href":"https:\/\/www.holectron.com\/de\/wp-json\/wp\/v2\/related?post=122598"},{"taxonomy":"filter","embeddable":true,"href":"https:\/\/www.holectron.com\/de\/wp-json\/wp\/v2\/filter?post=122598"}],"curies":[{"name":"wp","href":"https:\/\/api.w.org\/{rel}","templated":true}]}}